{"id":1614,"date":"2024-10-23T09:19:15","date_gmt":"2024-10-23T15:19:15","guid":{"rendered":"https:\/\/uic.mx\/bachillerato\/?page_id=1614"},"modified":"2026-04-07T16:09:17","modified_gmt":"2026-04-07T22:09:17","slug":"gracias","status":"publish","type":"page","link":"https:\/\/www.uic.mx\/bachillerato\/gracias\/","title":{"rendered":"Gracias"},"content":{"rendered":"\t\t<div data-elementor-type=\"wp-page\" data-elementor-id=\"1614\" class=\"elementor elementor-1614\" data-elementor-post-type=\"page\">\n\t\t\t\t<div class=\"elementor-element elementor-element-9c48b17 e-con-full e-flex e-con e-parent\" data-id=\"9c48b17\" data-element_type=\"container\" data-e-type=\"container\" data-settings=\"{&quot;background_background&quot;:&quot;classic&quot;}\">\n\t\t<div class=\"elementor-element elementor-element-82e5746 e-con-full e-flex e-con e-child\" data-id=\"82e5746\" data-element_type=\"container\" data-e-type=\"container\">\n\t\t<div class=\"elementor-element elementor-element-1fc9260 e-con-full e-flex e-con e-child\" data-id=\"1fc9260\" data-element_type=\"container\" data-e-type=\"container\" data-settings=\"{&quot;background_background&quot;:&quot;gradient&quot;}\">\n\t\t\t\t<div class=\"elementor-element elementor-element-9847200 elementor-widget__width-initial elementor-widget elementor-widget-heading\" data-id=\"9847200\" data-element_type=\"widget\" data-e-type=\"widget\" data-widget_type=\"heading.default\">\n\t\t\t\t<div class=\"elementor-widget-container\">\n\t\t\t\t\t<h3 class=\"elementor-heading-title elementor-size-default\">Gracias por tu inter\u00e9s en Bachillerato UIC,<span style=\"font-weight:500\">\nya hemos recibido tu informaci\u00f3n y nos pondremos en contacto contigo.<\/span><\/h3>\t\t\t\t<\/div>\n\t\t\t\t<\/div>\n\t\t\t\t<\/div>\n\t\t\t\t<\/div>\n\t\t<div class=\"elementor-element elementor-element-1875cb3 e-flex e-con-boxed e-con e-child\" data-id=\"1875cb3\" data-element_type=\"container\" data-e-type=\"container\">\n\t\t\t\t\t<div class=\"e-con-inner\">\n\t\t<div class=\"elementor-element elementor-element-f8946af e-con-full e-flex e-con e-child\" data-id=\"f8946af\" data-element_type=\"container\" data-e-type=\"container\">\n\t\t\t\t<div class=\"elementor-element elementor-element-07d9f3c elementor-widget elementor-widget-heading\" data-id=\"07d9f3c\" data-element_type=\"widget\" data-e-type=\"widget\" data-widget_type=\"heading.default\">\n\t\t\t\t<div class=\"elementor-widget-container\">\n\t\t\t\t\t<h2 class=\"elementor-heading-title elementor-size-default\">S\u00ed. En la UIC es posible<\/h2>\t\t\t\t<\/div>\n\t\t\t\t<\/div>\n\t\t\t\t<div class=\"elementor-element elementor-element-4239dd7 elementor-widget elementor-widget-heading\" data-id=\"4239dd7\" data-element_type=\"widget\" data-e-type=\"widget\" data-widget_type=\"heading.default\">\n\t\t\t\t<div class=\"elementor-widget-container\">\n\t\t\t\t\t<h2 class=\"elementor-heading-title elementor-size-default\">Te invitamos a leer el siguiente art\u00edculo:<\/h2>\t\t\t\t<\/div>\n\t\t\t\t<\/div>\n\t\t\t\t<\/div>\n\t\t<div class=\"elementor-element elementor-element-ec20bb5 e-con-full elementor-hidden-tablet elementor-hidden-mobile e-flex e-con e-child\" data-id=\"ec20bb5\" data-element_type=\"container\" data-e-type=\"container\">\n\t\t\t\t<div class=\"elementor-element elementor-element-39ca2d2 elementor-widget elementor-widget-image\" data-id=\"39ca2d2\" data-element_type=\"widget\" data-e-type=\"widget\" data-widget_type=\"image.default\">\n\t\t\t\t<div class=\"elementor-widget-container\">\n\t\t\t\t\t\t\t\t\t\t\t\t\t\t\t<img decoding=\"async\" width=\"993\" height=\"12\" src=\"https:\/\/www.uic.mx\/bachillerato\/wp-content\/uploads\/borde_posible.png\" class=\"attachment-full size-full wp-image-1616\" alt=\"\" srcset=\"https:\/\/www.uic.mx\/bachillerato\/wp-content\/uploads\/borde_posible.png 993w, https:\/\/www.uic.mx\/bachillerato\/wp-content\/uploads\/borde_posible-300x4.png 300w, https:\/\/www.uic.mx\/bachillerato\/wp-content\/uploads\/borde_posible-768x9.png 768w\" sizes=\"(max-width: 993px) 100vw, 993px\" \/>\t\t\t\t\t\t\t\t\t\t\t\t\t\t\t<\/div>\n\t\t\t\t<\/div>\n\t\t\t\t<\/div>\n\t\t\t\t\t<\/div>\n\t\t\t\t<\/div>\n\t\t<div class=\"elementor-element elementor-element-3a91f3d e-con-full e-flex e-con e-child\" data-id=\"3a91f3d\" data-element_type=\"container\" data-e-type=\"container\">\n\t\t\t\t<div class=\"elementor-element elementor-element-608626c elementor-widget elementor-widget-heading\" data-id=\"608626c\" data-element_type=\"widget\" data-e-type=\"widget\" data-widget_type=\"heading.default\">\n\t\t\t\t<div class=\"elementor-widget-container\">\n\t\t\t\t\t<h3 class=\"elementor-heading-title elementor-size-default\">Bachillerato o preparatoria: \u00bfcu\u00e1l es la diferencia?<\/h3>\t\t\t\t<\/div>\n\t\t\t\t<\/div>\n\t\t\t\t<\/div>\n\t\t<div class=\"elementor-element elementor-element-071688b e-flex e-con-boxed e-con e-child\" data-id=\"071688b\" data-element_type=\"container\" data-e-type=\"container\">\n\t\t\t\t\t<div class=\"e-con-inner\">\n\t\t\t\t<div class=\"elementor-element elementor-element-22fda88 elementor-align-left elementor-tablet-align-center elementor-widget elementor-widget-button\" data-id=\"22fda88\" data-element_type=\"widget\" data-e-type=\"widget\" data-widget_type=\"button.default\">\n\t\t\t\t<div class=\"elementor-widget-container\">\n\t\t\t\t\t\t\t\t\t<div class=\"elementor-button-wrapper\">\n\t\t\t\t\t<a class=\"elementor-button elementor-button-link elementor-size-sm\" href=\"\/bachillerato\/wp-content\/uploads\/folleto-bachillerato_matutino.pdf\" target=\"_blank\" rel=\"nofollow\">\n\t\t\t\t\t\t<span class=\"elementor-button-content-wrapper\">\n\t\t\t\t\t\t\t\t\t<span class=\"elementor-button-text\">Descarga el folleto<\/span>\n\t\t\t\t\t<\/span>\n\t\t\t\t\t<\/a>\n\t\t\t\t<\/div>\n\t\t\t\t\t\t\t\t<\/div>\n\t\t\t\t<\/div>\n\t\t\t\t\t<\/div>\n\t\t\t\t<\/div>\n\t\t<div class=\"elementor-element elementor-element-b354712 e-con-full e-flex e-con e-child\" data-id=\"b354712\" data-element_type=\"container\" data-e-type=\"container\">\n\t\t\t\t<div class=\"elementor-element elementor-element-b4bd3e4 elementor-widget elementor-widget-image\" data-id=\"b4bd3e4\" data-element_type=\"widget\" data-e-type=\"widget\" data-widget_type=\"image.default\">\n\t\t\t\t<div class=\"elementor-widget-container\">\n\t\t\t\t\t\t\t\t\t\t\t\t\t\t\t<img fetchpriority=\"high\" decoding=\"async\" width=\"1043\" height=\"799\" src=\"https:\/\/www.uic.mx\/bachillerato\/wp-content\/uploads\/Agradecimiento-Bachillerato-UIC.png\" class=\"attachment-full size-full wp-image-1617\" alt=\"\" srcset=\"https:\/\/www.uic.mx\/bachillerato\/wp-content\/uploads\/Agradecimiento-Bachillerato-UIC.png 1043w, https:\/\/www.uic.mx\/bachillerato\/wp-content\/uploads\/Agradecimiento-Bachillerato-UIC-300x230.png 300w, https:\/\/www.uic.mx\/bachillerato\/wp-content\/uploads\/Agradecimiento-Bachillerato-UIC-1024x784.png 1024w, https:\/\/www.uic.mx\/bachillerato\/wp-content\/uploads\/Agradecimiento-Bachillerato-UIC-768x588.png 768w\" sizes=\"(max-width: 1043px) 100vw, 1043px\" \/>\t\t\t\t\t\t\t\t\t\t\t\t\t\t\t<\/div>\n\t\t\t\t<\/div>\n\t\t\t\t<\/div>\n\t\t\t\t<\/div>\n\t\t\t\t<\/div>\n\t\t","protected":false},"excerpt":{"rendered":"<p>Gracias por tu inter\u00e9s en Bachillerato UIC, ya hemos recibido tu informaci\u00f3n y nos pondremos en contacto contigo. S\u00ed. En la UIC es posible Te invitamos a leer el siguiente art\u00edculo: Bachillerato o preparatoria: \u00bfcu\u00e1l es la diferencia? Descarga el folleto<\/p>\n","protected":false},"author":2,"featured_media":0,"parent":0,"menu_order":0,"comment_status":"closed","ping_status":"closed","template":"","meta":{"footnotes":""},"class_list":["post-1614","page","type-page","status-publish","hentry"],"yoast_head":"<!-- This site is optimized with the Yoast SEO plugin v27.2 - https:\/\/yoast.com\/product\/yoast-seo-wordpress\/ -->\n<title>Gracias - Bachillerato UIC<\/title>\n<meta name=\"robots\" content=\"index, follow, max-snippet:-1, max-image-preview:large, max-video-preview:-1\" \/>\n<link rel=\"canonical\" href=\"https:\/\/www.uic.mx\/bachillerato\/gracias\/\" \/>\n<meta property=\"og:locale\" content=\"es_MX\" \/>\n<meta property=\"og:type\" content=\"article\" \/>\n<meta property=\"og:title\" content=\"Gracias - Bachillerato UIC\" \/>\n<meta property=\"og:description\" content=\"Gracias por tu inter\u00e9s en Bachillerato UIC, ya hemos recibido tu informaci\u00f3n y nos pondremos en contacto contigo. S\u00ed. En la UIC es posible Te invitamos a leer el siguiente art\u00edculo: Bachillerato o preparatoria: \u00bfcu\u00e1l es la diferencia? Descarga el folleto\" \/>\n<meta property=\"og:url\" content=\"https:\/\/www.uic.mx\/bachillerato\/gracias\/\" \/>\n<meta property=\"og:site_name\" content=\"Bachillerato UIC\" \/>\n<meta property=\"article:modified_time\" content=\"2026-04-07T22:09:17+00:00\" \/>\n<meta property=\"og:image\" content=\"https:\/\/uic.mx\/bachillerato\/wp-content\/uploads\/borde_posible.png\" \/>\n<meta name=\"twitter:card\" content=\"summary_large_image\" \/>\n<script type=\"application\/ld+json\" class=\"yoast-schema-graph\">{\"@context\":\"https:\/\/schema.org\",\"@graph\":[{\"@type\":\"WebPage\",\"@id\":\"https:\/\/www.uic.mx\/bachillerato\/gracias\/\",\"url\":\"https:\/\/www.uic.mx\/bachillerato\/gracias\/\",\"name\":\"Gracias - Bachillerato UIC\",\"isPartOf\":{\"@id\":\"https:\/\/www.uic.mx\/bachillerato\/#website\"},\"primaryImageOfPage\":{\"@id\":\"https:\/\/www.uic.mx\/bachillerato\/gracias\/#primaryimage\"},\"image\":{\"@id\":\"https:\/\/www.uic.mx\/bachillerato\/gracias\/#primaryimage\"},\"thumbnailUrl\":\"https:\/\/uic.mx\/bachillerato\/wp-content\/uploads\/borde_posible.png\",\"datePublished\":\"2024-10-23T15:19:15+00:00\",\"dateModified\":\"2026-04-07T22:09:17+00:00\",\"breadcrumb\":{\"@id\":\"https:\/\/www.uic.mx\/bachillerato\/gracias\/#breadcrumb\"},\"inLanguage\":\"es\",\"potentialAction\":[{\"@type\":\"ReadAction\",\"target\":[\"https:\/\/www.uic.mx\/bachillerato\/gracias\/\"]}]},{\"@type\":\"ImageObject\",\"inLanguage\":\"es\",\"@id\":\"https:\/\/www.uic.mx\/bachillerato\/gracias\/#primaryimage\",\"url\":\"https:\/\/uic.mx\/bachillerato\/wp-content\/uploads\/borde_posible.png\",\"contentUrl\":\"https:\/\/uic.mx\/bachillerato\/wp-content\/uploads\/borde_posible.png\"},{\"@type\":\"BreadcrumbList\",\"@id\":\"https:\/\/www.uic.mx\/bachillerato\/gracias\/#breadcrumb\",\"itemListElement\":[{\"@type\":\"ListItem\",\"position\":1,\"name\":\"Inicio\",\"item\":\"https:\/\/www.uic.mx\/bachillerato\/\"},{\"@type\":\"ListItem\",\"position\":2,\"name\":\"Gracias\"}]},{\"@type\":\"WebSite\",\"@id\":\"https:\/\/www.uic.mx\/bachillerato\/#website\",\"url\":\"https:\/\/www.uic.mx\/bachillerato\/\",\"name\":\"Bachillerato UIC\",\"description\":\"\",\"publisher\":{\"@id\":\"https:\/\/www.uic.mx\/bachillerato\/#organization\"},\"potentialAction\":[{\"@type\":\"SearchAction\",\"target\":{\"@type\":\"EntryPoint\",\"urlTemplate\":\"https:\/\/www.uic.mx\/bachillerato\/?s={search_term_string}\"},\"query-input\":{\"@type\":\"PropertyValueSpecification\",\"valueRequired\":true,\"valueName\":\"search_term_string\"}}],\"inLanguage\":\"es\"},{\"@type\":\"Organization\",\"@id\":\"https:\/\/www.uic.mx\/bachillerato\/#organization\",\"name\":\"Bachillerato UIC\",\"url\":\"https:\/\/www.uic.mx\/bachillerato\/\",\"logo\":{\"@type\":\"ImageObject\",\"inLanguage\":\"es\",\"@id\":\"https:\/\/www.uic.mx\/bachillerato\/#\/schema\/logo\/image\/\",\"url\":\"https:\/\/www.uic.mx\/bachillerato\/wp-content\/uploads\/Logo-50-Universidad-Intercontinental-horizontal-blanco-scaled.png\",\"contentUrl\":\"https:\/\/www.uic.mx\/bachillerato\/wp-content\/uploads\/Logo-50-Universidad-Intercontinental-horizontal-blanco-scaled.png\",\"width\":2560,\"height\":643,\"caption\":\"Bachillerato UIC\"},\"image\":{\"@id\":\"https:\/\/www.uic.mx\/bachillerato\/#\/schema\/logo\/image\/\"}}]}<\/script>\n<!-- \/ Yoast SEO plugin. -->","yoast_head_json":{"title":"Gracias - Bachillerato UIC","robots":{"index":"index","follow":"follow","max-snippet":"max-snippet:-1","max-image-preview":"max-image-preview:large","max-video-preview":"max-video-preview:-1"},"canonical":"https:\/\/www.uic.mx\/bachillerato\/gracias\/","og_locale":"es_MX","og_type":"article","og_title":"Gracias - Bachillerato UIC","og_description":"Gracias por tu inter\u00e9s en Bachillerato UIC, ya hemos recibido tu informaci\u00f3n y nos pondremos en contacto contigo. S\u00ed. En la UIC es posible Te invitamos a leer el siguiente art\u00edculo: Bachillerato o preparatoria: \u00bfcu\u00e1l es la diferencia? Descarga el folleto","og_url":"https:\/\/www.uic.mx\/bachillerato\/gracias\/","og_site_name":"Bachillerato UIC","article_modified_time":"2026-04-07T22:09:17+00:00","og_image":[{"url":"https:\/\/uic.mx\/bachillerato\/wp-content\/uploads\/borde_posible.png","type":"","width":"","height":""}],"twitter_card":"summary_large_image","schema":{"@context":"https:\/\/schema.org","@graph":[{"@type":"WebPage","@id":"https:\/\/www.uic.mx\/bachillerato\/gracias\/","url":"https:\/\/www.uic.mx\/bachillerato\/gracias\/","name":"Gracias - Bachillerato UIC","isPartOf":{"@id":"https:\/\/www.uic.mx\/bachillerato\/#website"},"primaryImageOfPage":{"@id":"https:\/\/www.uic.mx\/bachillerato\/gracias\/#primaryimage"},"image":{"@id":"https:\/\/www.uic.mx\/bachillerato\/gracias\/#primaryimage"},"thumbnailUrl":"https:\/\/uic.mx\/bachillerato\/wp-content\/uploads\/borde_posible.png","datePublished":"2024-10-23T15:19:15+00:00","dateModified":"2026-04-07T22:09:17+00:00","breadcrumb":{"@id":"https:\/\/www.uic.mx\/bachillerato\/gracias\/#breadcrumb"},"inLanguage":"es","potentialAction":[{"@type":"ReadAction","target":["https:\/\/www.uic.mx\/bachillerato\/gracias\/"]}]},{"@type":"ImageObject","inLanguage":"es","@id":"https:\/\/www.uic.mx\/bachillerato\/gracias\/#primaryimage","url":"https:\/\/uic.mx\/bachillerato\/wp-content\/uploads\/borde_posible.png","contentUrl":"https:\/\/uic.mx\/bachillerato\/wp-content\/uploads\/borde_posible.png"},{"@type":"BreadcrumbList","@id":"https:\/\/www.uic.mx\/bachillerato\/gracias\/#breadcrumb","itemListElement":[{"@type":"ListItem","position":1,"name":"Inicio","item":"https:\/\/www.uic.mx\/bachillerato\/"},{"@type":"ListItem","position":2,"name":"Gracias"}]},{"@type":"WebSite","@id":"https:\/\/www.uic.mx\/bachillerato\/#website","url":"https:\/\/www.uic.mx\/bachillerato\/","name":"Bachillerato UIC","description":"","publisher":{"@id":"https:\/\/www.uic.mx\/bachillerato\/#organization"},"potentialAction":[{"@type":"SearchAction","target":{"@type":"EntryPoint","urlTemplate":"https:\/\/www.uic.mx\/bachillerato\/?s={search_term_string}"},"query-input":{"@type":"PropertyValueSpecification","valueRequired":true,"valueName":"search_term_string"}}],"inLanguage":"es"},{"@type":"Organization","@id":"https:\/\/www.uic.mx\/bachillerato\/#organization","name":"Bachillerato UIC","url":"https:\/\/www.uic.mx\/bachillerato\/","logo":{"@type":"ImageObject","inLanguage":"es","@id":"https:\/\/www.uic.mx\/bachillerato\/#\/schema\/logo\/image\/","url":"https:\/\/www.uic.mx\/bachillerato\/wp-content\/uploads\/Logo-50-Universidad-Intercontinental-horizontal-blanco-scaled.png","contentUrl":"https:\/\/www.uic.mx\/bachillerato\/wp-content\/uploads\/Logo-50-Universidad-Intercontinental-horizontal-blanco-scaled.png","width":2560,"height":643,"caption":"Bachillerato UIC"},"image":{"@id":"https:\/\/www.uic.mx\/bachillerato\/#\/schema\/logo\/image\/"}}]}},"_links":{"self":[{"href":"https:\/\/www.uic.mx\/bachillerato\/wp-json\/wp\/v2\/pages\/1614","targetHints":{"allow":["GET"]}}],"collection":[{"href":"https:\/\/www.uic.mx\/bachillerato\/wp-json\/wp\/v2\/pages"}],"about":[{"href":"https:\/\/www.uic.mx\/bachillerato\/wp-json\/wp\/v2\/types\/page"}],"author":[{"embeddable":true,"href":"https:\/\/www.uic.mx\/bachillerato\/wp-json\/wp\/v2\/users\/2"}],"replies":[{"embeddable":true,"href":"https:\/\/www.uic.mx\/bachillerato\/wp-json\/wp\/v2\/comments?post=1614"}],"version-history":[{"count":10,"href":"https:\/\/www.uic.mx\/bachillerato\/wp-json\/wp\/v2\/pages\/1614\/revisions"}],"predecessor-version":[{"id":1628,"href":"https:\/\/www.uic.mx\/bachillerato\/wp-json\/wp\/v2\/pages\/1614\/revisions\/1628"}],"wp:attachment":[{"href":"https:\/\/www.uic.mx\/bachillerato\/wp-json\/wp\/v2\/media?parent=1614"}],"curies":[{"name":"wp","href":"https:\/\/api.w.org\/{rel}","templated":true}]}}