{"id":815,"date":"2024-10-10T22:54:14","date_gmt":"2024-10-11T04:54:14","guid":{"rendered":"https:\/\/uic.mx\/bachillerato\/?page_id=815"},"modified":"2024-10-10T23:20:50","modified_gmt":"2024-10-11T05:20:50","slug":"beca-de-20","status":"publish","type":"page","link":"https:\/\/www.uic.mx\/bachillerato\/beca-de-20\/","title":{"rendered":"Beca de 20"},"content":{"rendered":"\t\t<div data-elementor-type=\"wp-page\" data-elementor-id=\"815\" class=\"elementor elementor-815\" data-elementor-post-type=\"page\">\n\t\t\t\t<div class=\"elementor-element elementor-element-7205884 e-flex e-con-boxed e-con e-parent\" data-id=\"7205884\" data-element_type=\"container\" data-e-type=\"container\" data-settings=\"{&quot;background_background&quot;:&quot;classic&quot;}\">\n\t\t\t\t\t<div class=\"e-con-inner\">\n\t\t<div class=\"elementor-element elementor-element-3d5c1ea e-con-full elementor-hidden-mobile e-flex e-con e-child\" data-id=\"3d5c1ea\" data-element_type=\"container\" data-e-type=\"container\">\n\t\t\t\t<\/div>\n\t\t<div class=\"elementor-element elementor-element-5041243 e-con-full e-flex e-con e-child\" data-id=\"5041243\" data-element_type=\"container\" data-e-type=\"container\">\n\t\t<div class=\"elementor-element elementor-element-1ffa105 e-flex e-con-boxed e-con e-child\" data-id=\"1ffa105\" data-element_type=\"container\" data-e-type=\"container\" data-settings=\"{&quot;background_background&quot;:&quot;gradient&quot;}\">\n\t\t\t\t\t<div class=\"e-con-inner\">\n\t\t\t\t<div class=\"elementor-element elementor-element-0a20ab1 elementor-widget elementor-widget-heading\" data-id=\"0a20ab1\" data-element_type=\"widget\" data-e-type=\"widget\" data-widget_type=\"heading.default\">\n\t\t\t\t<div class=\"elementor-widget-container\">\n\t\t\t\t\t<h2 class=\"elementor-heading-title elementor-size-default\">BACHILLERATO UIC<\/h2>\t\t\t\t<\/div>\n\t\t\t\t<\/div>\n\t\t\t\t<div class=\"elementor-element elementor-element-e07e7e0 elementor-widget elementor-widget-text-editor\" data-id=\"e07e7e0\" data-element_type=\"widget\" data-e-type=\"widget\" data-widget_type=\"text-editor.default\">\n\t\t\t\t<div class=\"elementor-widget-container\">\n\t\t\t\t\t\t\t\t\tTu beca acad\u00e9mica en colegiaturas es de:\n\t\t\t\t\t\t\t\t<\/div>\n\t\t\t\t<\/div>\n\t\t\t\t<div class=\"elementor-element elementor-element-c738816 elementor-widget elementor-widget-text-editor\" data-id=\"c738816\" data-element_type=\"widget\" data-e-type=\"widget\" data-widget_type=\"text-editor.default\">\n\t\t\t\t<div class=\"elementor-widget-container\">\n\t\t\t\t\t\t\t\t\t20%\t\t\t\t\t\t\t\t<\/div>\n\t\t\t\t<\/div>\n\t\t\t\t<div class=\"elementor-element elementor-element-d1667c3 elementor-widget__width-initial elementor-widget elementor-widget-text-editor\" data-id=\"d1667c3\" data-element_type=\"widget\" data-e-type=\"widget\" data-widget_type=\"text-editor.default\">\n\t\t\t\t<div class=\"elementor-widget-container\">\n\t\t\t\t\t\t\t\t\t+ un 35% de descuento en tu primera inscripci\u00f3n*\t\t\t\t\t\t\t\t<\/div>\n\t\t\t\t<\/div>\n\t\t\t\t<div class=\"elementor-element elementor-element-613eb8e elementor-widget elementor-widget-text-editor\" data-id=\"613eb8e\" data-element_type=\"widget\" data-e-type=\"widget\" data-widget_type=\"text-editor.default\">\n\t\t\t\t<div class=\"elementor-widget-container\">\n\t\t\t\t\t\t\t\t\t(*Consulta t\u00e9rminos y condiciones con tu asesor educativo)\nPregunta a tu asesor educativo por nuestros atractivos convenios \ncon colegios y empresas\t\t\t\t\t\t\t\t<\/div>\n\t\t\t\t<\/div>\n\t\t\t\t\t<\/div>\n\t\t\t\t<\/div>\n\t\t\t\t<\/div>\n\t\t\t\t\t<\/div>\n\t\t\t\t<\/div>\n\t\t<div class=\"elementor-element elementor-element-69174ec e-flex e-con-boxed e-con e-parent\" data-id=\"69174ec\" data-element_type=\"container\" data-e-type=\"container\" data-settings=\"{&quot;background_background&quot;:&quot;classic&quot;}\">\n\t\t\t\t\t<div class=\"e-con-inner\">\n\t\t\t\t<div class=\"elementor-element elementor-element-a124604 elementor-widget elementor-widget-text-editor\" data-id=\"a124604\" data-element_type=\"widget\" data-e-type=\"widget\" data-widget_type=\"text-editor.default\">\n\t\t\t\t<div class=\"elementor-widget-container\">\n\t\t\t\t\t\t\t\t\t<ul><li>Actividades Culturales, Deportivas y de Pastoral<\/li><li>Certificaci\u00f3n en el idioma ingl\u00e9s<\/li><li>Campus seguro de 17 hect\u00e1reas<\/li><li>Alto nivel acad\u00e9mico<\/li><li>Preparaci\u00f3n para el trabajo<\/li><\/ul>\t\t\t\t\t\t\t\t<\/div>\n\t\t\t\t<\/div>\n\t\t\t\t<div class=\"elementor-element elementor-element-6a477da elementor-widget elementor-widget-heading\" data-id=\"6a477da\" data-element_type=\"widget\" data-e-type=\"widget\" data-widget_type=\"heading.default\">\n\t\t\t\t<div class=\"elementor-widget-container\">\n\t\t\t\t\t<h2 class=\"elementor-heading-title elementor-size-default\">\u00bfALGUNA DUDA?\n<\/h2>\t\t\t\t<\/div>\n\t\t\t\t<\/div>\n\t\t\t\t<div class=\"elementor-element elementor-element-a512091 elementor-widget elementor-widget-heading\" data-id=\"a512091\" data-element_type=\"widget\" data-e-type=\"widget\" data-widget_type=\"heading.default\">\n\t\t\t\t<div class=\"elementor-widget-container\">\n\t\t\t\t\t<h2 class=\"elementor-heading-title elementor-size-default\">55 5487-1371<\/h2>\t\t\t\t<\/div>\n\t\t\t\t<\/div>\n\t\t\t\t<div class=\"elementor-element elementor-element-4cf81e5 elementor-widget__width-auto elementor-widget elementor-widget-heading\" data-id=\"4cf81e5\" data-element_type=\"widget\" data-e-type=\"widget\" data-widget_type=\"heading.default\">\n\t\t\t\t<div class=\"elementor-widget-container\">\n\t\t\t\t\t<h2 class=\"elementor-heading-title elementor-size-default\"><a href=\"mailto:admision@uic.edu.mx\">admision@uic.edu.mx<\/a><\/h2>\t\t\t\t<\/div>\n\t\t\t\t<\/div>\n\t\t\t\t\t<\/div>\n\t\t\t\t<\/div>\n\t\t\t\t<\/div>\n\t\t","protected":false},"excerpt":{"rendered":"<p>BACHILLERATO UIC Tu beca acad\u00e9mica en colegiaturas es de: 20%+ un 35% de descuento en tu primera inscripci\u00f3n*(*Consulta t\u00e9rminos y condiciones con tu asesor educativo) Pregunta a tu asesor educativo por nuestros atractivos convenios con colegios y empresas Actividades Culturales, Deportivas y de Pastoral Certificaci\u00f3n en el idioma ingl\u00e9s Campus seguro de 17 hect\u00e1reas Alto [&hellip;]<\/p>\n","protected":false},"author":3,"featured_media":0,"parent":0,"menu_order":0,"comment_status":"closed","ping_status":"closed","template":"","meta":{"footnotes":""},"class_list":["post-815","page","type-page","status-publish","hentry"],"yoast_head":"<!-- This site is optimized with the Yoast SEO plugin v27.2 - https:\/\/yoast.com\/product\/yoast-seo-wordpress\/ -->\n<title>Beca de 20 - Bachillerato UIC<\/title>\n<meta name=\"robots\" content=\"index, follow, max-snippet:-1, max-image-preview:large, max-video-preview:-1\" \/>\n<link rel=\"canonical\" href=\"https:\/\/www.uic.mx\/bachillerato\/beca-de-20\/\" \/>\n<meta property=\"og:locale\" content=\"es_MX\" \/>\n<meta property=\"og:type\" content=\"article\" \/>\n<meta property=\"og:title\" content=\"Beca de 20 - Bachillerato UIC\" \/>\n<meta property=\"og:description\" content=\"BACHILLERATO UIC Tu beca acad\u00e9mica en colegiaturas es de: 20%+ un 35% de descuento en tu primera inscripci\u00f3n*(*Consulta t\u00e9rminos y condiciones con tu asesor educativo) Pregunta a tu asesor educativo por nuestros atractivos convenios con colegios y empresas Actividades Culturales, Deportivas y de Pastoral Certificaci\u00f3n en el idioma ingl\u00e9s Campus seguro de 17 hect\u00e1reas Alto [&hellip;]\" \/>\n<meta property=\"og:url\" content=\"https:\/\/www.uic.mx\/bachillerato\/beca-de-20\/\" \/>\n<meta property=\"og:site_name\" content=\"Bachillerato UIC\" \/>\n<meta property=\"article:modified_time\" content=\"2024-10-11T05:20:50+00:00\" \/>\n<meta name=\"twitter:card\" content=\"summary_large_image\" \/>\n<script type=\"application\/ld+json\" class=\"yoast-schema-graph\">{\"@context\":\"https:\/\/schema.org\",\"@graph\":[{\"@type\":\"WebPage\",\"@id\":\"https:\/\/www.uic.mx\/bachillerato\/beca-de-20\/\",\"url\":\"https:\/\/www.uic.mx\/bachillerato\/beca-de-20\/\",\"name\":\"Beca de 20 - Bachillerato UIC\",\"isPartOf\":{\"@id\":\"https:\/\/www.uic.mx\/bachillerato\/#website\"},\"datePublished\":\"2024-10-11T04:54:14+00:00\",\"dateModified\":\"2024-10-11T05:20:50+00:00\",\"breadcrumb\":{\"@id\":\"https:\/\/www.uic.mx\/bachillerato\/beca-de-20\/#breadcrumb\"},\"inLanguage\":\"es\",\"potentialAction\":[{\"@type\":\"ReadAction\",\"target\":[\"https:\/\/www.uic.mx\/bachillerato\/beca-de-20\/\"]}]},{\"@type\":\"BreadcrumbList\",\"@id\":\"https:\/\/www.uic.mx\/bachillerato\/beca-de-20\/#breadcrumb\",\"itemListElement\":[{\"@type\":\"ListItem\",\"position\":1,\"name\":\"Inicio\",\"item\":\"https:\/\/www.uic.mx\/bachillerato\/\"},{\"@type\":\"ListItem\",\"position\":2,\"name\":\"Beca de 20\"}]},{\"@type\":\"WebSite\",\"@id\":\"https:\/\/www.uic.mx\/bachillerato\/#website\",\"url\":\"https:\/\/www.uic.mx\/bachillerato\/\",\"name\":\"Bachillerato UIC\",\"description\":\"\",\"publisher\":{\"@id\":\"https:\/\/www.uic.mx\/bachillerato\/#organization\"},\"potentialAction\":[{\"@type\":\"SearchAction\",\"target\":{\"@type\":\"EntryPoint\",\"urlTemplate\":\"https:\/\/www.uic.mx\/bachillerato\/?s={search_term_string}\"},\"query-input\":{\"@type\":\"PropertyValueSpecification\",\"valueRequired\":true,\"valueName\":\"search_term_string\"}}],\"inLanguage\":\"es\"},{\"@type\":\"Organization\",\"@id\":\"https:\/\/www.uic.mx\/bachillerato\/#organization\",\"name\":\"Bachillerato UIC\",\"url\":\"https:\/\/www.uic.mx\/bachillerato\/\",\"logo\":{\"@type\":\"ImageObject\",\"inLanguage\":\"es\",\"@id\":\"https:\/\/www.uic.mx\/bachillerato\/#\/schema\/logo\/image\/\",\"url\":\"https:\/\/www.uic.mx\/bachillerato\/wp-content\/uploads\/Logo-50-Universidad-Intercontinental-horizontal-blanco-scaled.png\",\"contentUrl\":\"https:\/\/www.uic.mx\/bachillerato\/wp-content\/uploads\/Logo-50-Universidad-Intercontinental-horizontal-blanco-scaled.png\",\"width\":2560,\"height\":643,\"caption\":\"Bachillerato UIC\"},\"image\":{\"@id\":\"https:\/\/www.uic.mx\/bachillerato\/#\/schema\/logo\/image\/\"}}]}<\/script>\n<!-- \/ Yoast SEO plugin. -->","yoast_head_json":{"title":"Beca de 20 - Bachillerato UIC","robots":{"index":"index","follow":"follow","max-snippet":"max-snippet:-1","max-image-preview":"max-image-preview:large","max-video-preview":"max-video-preview:-1"},"canonical":"https:\/\/www.uic.mx\/bachillerato\/beca-de-20\/","og_locale":"es_MX","og_type":"article","og_title":"Beca de 20 - Bachillerato UIC","og_description":"BACHILLERATO UIC Tu beca acad\u00e9mica en colegiaturas es de: 20%+ un 35% de descuento en tu primera inscripci\u00f3n*(*Consulta t\u00e9rminos y condiciones con tu asesor educativo) Pregunta a tu asesor educativo por nuestros atractivos convenios con colegios y empresas Actividades Culturales, Deportivas y de Pastoral Certificaci\u00f3n en el idioma ingl\u00e9s Campus seguro de 17 hect\u00e1reas Alto [&hellip;]","og_url":"https:\/\/www.uic.mx\/bachillerato\/beca-de-20\/","og_site_name":"Bachillerato UIC","article_modified_time":"2024-10-11T05:20:50+00:00","twitter_card":"summary_large_image","schema":{"@context":"https:\/\/schema.org","@graph":[{"@type":"WebPage","@id":"https:\/\/www.uic.mx\/bachillerato\/beca-de-20\/","url":"https:\/\/www.uic.mx\/bachillerato\/beca-de-20\/","name":"Beca de 20 - Bachillerato UIC","isPartOf":{"@id":"https:\/\/www.uic.mx\/bachillerato\/#website"},"datePublished":"2024-10-11T04:54:14+00:00","dateModified":"2024-10-11T05:20:50+00:00","breadcrumb":{"@id":"https:\/\/www.uic.mx\/bachillerato\/beca-de-20\/#breadcrumb"},"inLanguage":"es","potentialAction":[{"@type":"ReadAction","target":["https:\/\/www.uic.mx\/bachillerato\/beca-de-20\/"]}]},{"@type":"BreadcrumbList","@id":"https:\/\/www.uic.mx\/bachillerato\/beca-de-20\/#breadcrumb","itemListElement":[{"@type":"ListItem","position":1,"name":"Inicio","item":"https:\/\/www.uic.mx\/bachillerato\/"},{"@type":"ListItem","position":2,"name":"Beca de 20"}]},{"@type":"WebSite","@id":"https:\/\/www.uic.mx\/bachillerato\/#website","url":"https:\/\/www.uic.mx\/bachillerato\/","name":"Bachillerato UIC","description":"","publisher":{"@id":"https:\/\/www.uic.mx\/bachillerato\/#organization"},"potentialAction":[{"@type":"SearchAction","target":{"@type":"EntryPoint","urlTemplate":"https:\/\/www.uic.mx\/bachillerato\/?s={search_term_string}"},"query-input":{"@type":"PropertyValueSpecification","valueRequired":true,"valueName":"search_term_string"}}],"inLanguage":"es"},{"@type":"Organization","@id":"https:\/\/www.uic.mx\/bachillerato\/#organization","name":"Bachillerato UIC","url":"https:\/\/www.uic.mx\/bachillerato\/","logo":{"@type":"ImageObject","inLanguage":"es","@id":"https:\/\/www.uic.mx\/bachillerato\/#\/schema\/logo\/image\/","url":"https:\/\/www.uic.mx\/bachillerato\/wp-content\/uploads\/Logo-50-Universidad-Intercontinental-horizontal-blanco-scaled.png","contentUrl":"https:\/\/www.uic.mx\/bachillerato\/wp-content\/uploads\/Logo-50-Universidad-Intercontinental-horizontal-blanco-scaled.png","width":2560,"height":643,"caption":"Bachillerato UIC"},"image":{"@id":"https:\/\/www.uic.mx\/bachillerato\/#\/schema\/logo\/image\/"}}]}},"_links":{"self":[{"href":"https:\/\/www.uic.mx\/bachillerato\/wp-json\/wp\/v2\/pages\/815","targetHints":{"allow":["GET"]}}],"collection":[{"href":"https:\/\/www.uic.mx\/bachillerato\/wp-json\/wp\/v2\/pages"}],"about":[{"href":"https:\/\/www.uic.mx\/bachillerato\/wp-json\/wp\/v2\/types\/page"}],"author":[{"embeddable":true,"href":"https:\/\/www.uic.mx\/bachillerato\/wp-json\/wp\/v2\/users\/3"}],"replies":[{"embeddable":true,"href":"https:\/\/www.uic.mx\/bachillerato\/wp-json\/wp\/v2\/comments?post=815"}],"version-history":[{"count":48,"href":"https:\/\/www.uic.mx\/bachillerato\/wp-json\/wp\/v2\/pages\/815\/revisions"}],"predecessor-version":[{"id":864,"href":"https:\/\/www.uic.mx\/bachillerato\/wp-json\/wp\/v2\/pages\/815\/revisions\/864"}],"wp:attachment":[{"href":"https:\/\/www.uic.mx\/bachillerato\/wp-json\/wp\/v2\/media?parent=815"}],"curies":[{"name":"wp","href":"https:\/\/api.w.org\/{rel}","templated":true}]}}