{"id":6960,"date":"2026-02-04T13:24:55","date_gmt":"2026-02-04T19:24:55","guid":{"rendered":"https:\/\/www.uic.mx\/educacion-continua\/?page_id=6960"},"modified":"2026-02-11T10:53:51","modified_gmt":"2026-02-11T16:53:51","slug":"gracias-diseno-de-guias-quirurgicas-en-blue-sky-plan","status":"publish","type":"page","link":"https:\/\/www.uic.mx\/educacion-continua\/gracias-diseno-de-guias-quirurgicas-en-blue-sky-plan\/","title":{"rendered":"Gracias Dise\u00f1o de gu\u00edas quir\u00fargicas en Blue Sky Plan"},"content":{"rendered":"\t\t<div data-elementor-type=\"wp-page\" data-elementor-id=\"6960\" class=\"elementor elementor-6960\" data-elementor-post-type=\"page\">\n\t\t\t\t<div class=\"elementor-element elementor-element-dfc1fea e-flex e-con-boxed e-con e-parent\" data-id=\"dfc1fea\" data-element_type=\"container\" data-e-type=\"container\" data-settings=\"{&quot;background_background&quot;:&quot;gradient&quot;}\">\n\t\t\t\t\t<div class=\"e-con-inner\">\n\t\t<div class=\"elementor-element elementor-element-04374b2 e-flex e-con-boxed e-con e-child\" data-id=\"04374b2\" data-element_type=\"container\" data-e-type=\"container\">\n\t\t\t\t\t<div class=\"e-con-inner\">\n\t\t<div class=\"elementor-element elementor-element-b6da5ec e-con-full e-flex e-con e-child\" data-id=\"b6da5ec\" data-element_type=\"container\" data-e-type=\"container\">\n\t\t\t\t<div class=\"elementor-element elementor-element-ce9734e elementor-widget elementor-widget-heading\" data-id=\"ce9734e\" data-element_type=\"widget\" data-e-type=\"widget\" data-widget_type=\"heading.default\">\n\t\t\t\t<div class=\"elementor-widget-container\">\n\t\t\t\t\t<h1 class=\"elementor-heading-title elementor-size-default\">\u00a1Gracias por tu registro!<\/h1>\t\t\t\t<\/div>\n\t\t\t\t<\/div>\n\t\t\t\t<div class=\"elementor-element elementor-element-b8da45e elementor-widget elementor-widget-heading\" data-id=\"b8da45e\" data-element_type=\"widget\" data-e-type=\"widget\" data-widget_type=\"heading.default\">\n\t\t\t\t<div class=\"elementor-widget-container\">\n\t\t\t\t\t<h3 class=\"elementor-heading-title elementor-size-default\">Tus datos est\u00e1n siendo procesados.<\/h3>\t\t\t\t<\/div>\n\t\t\t\t<\/div>\n\t\t\t\t<div class=\"elementor-element elementor-element-3ced7cf elementor-widget elementor-widget-text-editor\" data-id=\"3ced7cf\" data-element_type=\"widget\" data-e-type=\"widget\" data-widget_type=\"text-editor.default\">\n\t\t\t\t<div class=\"elementor-widget-container\">\n\t\t\t\t\t\t\t\t\t<p>Gracias por tu inter\u00e9s en el\u00a0<b data-ogsc=\"\">Curso: Dise\u00f1o de gu\u00edas quir\u00fargicas en Blue Sky Plan<\/b>.<\/p><p>Acabamos de enviarte toda la informaci\u00f3n detallada a tu correo electr\u00f3nico. Si no quieres esperar, <b data-ogsc=\"\">descarga el brochure completo ahora mismo<\/b>\u00a0en el siguiente bot\u00f3n:<\/p>\t\t\t\t\t\t\t\t<\/div>\n\t\t\t\t<\/div>\n\t\t\t\t<div class=\"elementor-element elementor-element-032d83e elementor-hidden-desktop elementor-hidden-tablet elementor-hidden-mobile elementor-widget elementor-widget-heading\" data-id=\"032d83e\" data-element_type=\"widget\" data-e-type=\"widget\" data-widget_type=\"heading.default\">\n\t\t\t\t<div class=\"elementor-widget-container\">\n\t\t\t\t\t<h4 class=\"elementor-heading-title elementor-size-default\">Ahora puedes descargar el plan de estudios completo:<\/h4>\t\t\t\t<\/div>\n\t\t\t\t<\/div>\n\t\t\t\t<div class=\"elementor-element elementor-element-590689a elementor-hidden-desktop elementor-hidden-tablet elementor-hidden-mobile elementor-widget elementor-widget-heading\" data-id=\"590689a\" data-element_type=\"widget\" data-e-type=\"widget\" data-widget_type=\"heading.default\">\n\t\t\t\t<div class=\"elementor-widget-container\">\n\t\t\t\t\t<h4 class=\"elementor-heading-title elementor-size-default\">Curso presencial<\/h4>\t\t\t\t<\/div>\n\t\t\t\t<\/div>\n\t\t\t\t<div class=\"elementor-element elementor-element-919a441 elementor-widget__width-auto elementor-hidden-desktop elementor-hidden-tablet elementor-hidden-mobile elementor-widget elementor-widget-heading\" data-id=\"919a441\" data-element_type=\"widget\" data-e-type=\"widget\" data-widget_type=\"heading.default\">\n\t\t\t\t<div class=\"elementor-widget-container\">\n\t\t\t\t\t<p class=\"elementor-heading-title elementor-size-default\">Dise\u00f1o de gu\u00edas quir\u00fargicas en Blue Sky Plan (protocolos)<\/p>\t\t\t\t<\/div>\n\t\t\t\t<\/div>\n\t\t\t\t<div class=\"elementor-element elementor-element-f7922f7 elementor-align-left elementor-widget elementor-widget-button\" data-id=\"f7922f7\" data-element_type=\"widget\" data-e-type=\"widget\" data-widget_type=\"button.default\">\n\t\t\t\t<div class=\"elementor-widget-container\">\n\t\t\t\t\t\t\t\t\t<div class=\"elementor-button-wrapper\">\n\t\t\t\t\t<a class=\"elementor-button elementor-button-link elementor-size-sm\" href=\"https:\/\/www.uic.mx\/educacion-continua\/wp-content\/uploads\/Diseno-de-guias-quirurgicas-en-Blue-Sky-Plan-Protocolos_Brochure.pdf\" target=\"_blank\" rel=\"nofollow\">\n\t\t\t\t\t\t<span class=\"elementor-button-content-wrapper\">\n\t\t\t\t\t\t\t\t\t<span class=\"elementor-button-text\">DESCARGAR BROCHURE<\/span>\n\t\t\t\t\t<\/span>\n\t\t\t\t\t<\/a>\n\t\t\t\t<\/div>\n\t\t\t\t\t\t\t\t<\/div>\n\t\t\t\t<\/div>\n\t\t\t\t<\/div>\n\t\t<div class=\"elementor-element elementor-element-5ae1e61 e-con-full elementor-hidden-tablet elementor-hidden-mobile e-flex e-con e-child\" data-id=\"5ae1e61\" data-element_type=\"container\" data-e-type=\"container\">\n\t\t\t\t<\/div>\n\t\t\t\t\t<\/div>\n\t\t\t\t<\/div>\n\t\t<div class=\"elementor-element elementor-element-dae17ef e-flex e-con-boxed e-con e-child\" data-id=\"dae17ef\" data-element_type=\"container\" data-e-type=\"container\" data-settings=\"{&quot;background_background&quot;:&quot;classic&quot;}\">\n\t\t\t\t\t<div class=\"e-con-inner\">\n\t\t<div class=\"elementor-element elementor-element-5f835bb e-con-full e-flex e-con e-child\" data-id=\"5f835bb\" data-element_type=\"container\" data-e-type=\"container\">\n\t\t\t\t<div class=\"elementor-element elementor-element-71b8182 elementor-widget elementor-widget-text-editor\" data-id=\"71b8182\" data-element_type=\"widget\" data-e-type=\"widget\" data-widget_type=\"text-editor.default\">\n\t\t\t\t<div class=\"elementor-widget-container\">\n\t\t\t\t\t\t\t\t\t<p><span data-olk-copy-source=\"MessageBody\">Muy pronto, uno de nuestros asesores se comunicar\u00e1 contigo para brindarte atenci\u00f3n personalizada.<\/span><\/p>\t\t\t\t\t\t\t\t<\/div>\n\t\t\t\t<\/div>\n\t\t\t\t<div class=\"elementor-element elementor-element-8259f34 elementor-hidden-desktop elementor-hidden-tablet elementor-hidden-mobile elementor-widget elementor-widget-text-editor\" data-id=\"8259f34\" data-element_type=\"widget\" data-e-type=\"widget\" data-widget_type=\"text-editor.default\">\n\t\t\t\t<div class=\"elementor-widget-container\">\n\t\t\t\t\t\t\t\t\t<p style=\"font-size: 1.2rem; line-height: 1.6rem; color: #000000;\"><a href=\"https:\/\/es-la.facebook.com\/UICMx\/\"><img decoding=\"async\" class=\"alignnone\" src=\"https:\/\/z-m-static.xx.fbcdn.net\/rsrc.php\/yt\/r\/DUiOg0mJTjz.webp\" alt=\"Facebook - Inicia sesi\u00f3n o reg\u00edstrate\" width=\"49\" height=\"49\" \/><\/a> \u00a0 <a href=\"https:\/\/www.instagram.com\/UICMx\/\"><img decoding=\"async\" class=\"alignnone wp-image-5091\" src=\"https:\/\/www.4uic.mx\/formacion-integral\/files\/2024\/06\/instagramSVG.svg\" alt=\"\" width=\"53\" height=\"53\" \/><\/a>\u00a0 \u00a0<a href=\"https:\/\/twitter.com\/uicmx?lang=es\"><img decoding=\"async\" class=\"alignnone wp-image-5298\" src=\"https:\/\/www.4uic.mx\/formacion-integral\/files\/2024\/11\/twitter_x.png\" alt=\"\" width=\"46\" height=\"46\" \/><\/a>\u00a0 \u00a0<a href=\"https:\/\/www.tiktok.com\/@uic.mx\"><img loading=\"lazy\" decoding=\"async\" class=\"alignnone\" src=\"https:\/\/marketplace.canva.com\/v5p7o\/MAGzNtv5p7o\/1\/tl\/canva-tik-tok-icon-MAGzNtv5p7o.png\" alt=\"\u00cdcono de TikTok | Canva\" width=\"48\" height=\"48\" \/> \u00a0 \u00a0<\/a><a href=\"https:\/\/mx.linkedin.com\/school\/universidad-intercontinental\/\"><img loading=\"lazy\" decoding=\"async\" class=\"alignnone\" src=\"https:\/\/img.utdstc.com\/icon\/1ce\/63c\/1ce63cbbb88df4a4beda4536aa387ff7616ff9b4972d11134903d57398d4bd7e:200\" alt=\"LinkedIn para Android - Descarga el APK en Uptodown\" width=\"46\" height=\"46\" \/><\/a><\/p>\t\t\t\t\t\t\t\t<\/div>\n\t\t\t\t<\/div>\n\t\t\t\t<div class=\"elementor-element elementor-element-ba1b0e8 elementor-hidden-desktop elementor-hidden-tablet elementor-hidden-mobile elementor-widget elementor-widget-text-editor\" data-id=\"ba1b0e8\" data-element_type=\"widget\" data-e-type=\"widget\" data-widget_type=\"text-editor.default\">\n\t\t\t\t<div class=\"elementor-widget-container\">\n\t\t\t\t\t\t\t\t\t<p>Uno de nuestros asesores educativos te contactar\u00e1 pronto para ofrecerte m\u00e1s informaci\u00f3n sobre tu <strong>Beca UIC.<\/strong> <br \/>Te invitamos a seguirnos en nuestras redes sociales oficiales <strong>@UICmx y descubrir<\/strong> m\u00e1s sobre el campus<\/p>\t\t\t\t\t\t\t\t<\/div>\n\t\t\t\t<\/div>\n\t\t\t\t<\/div>\n\t\t<div class=\"elementor-element elementor-element-cda0788 e-con-full elementor-hidden-mobile e-flex e-con e-child\" data-id=\"cda0788\" data-element_type=\"container\" data-e-type=\"container\">\n\t\t\t\t<\/div>\n\t\t\t\t\t<\/div>\n\t\t\t\t<\/div>\n\t\t\t\t<div class=\"elementor-element elementor-element-c94bf0d elementor-hidden-tablet elementor-hidden-mobile elementor-widget elementor-widget-image\" data-id=\"c94bf0d\" data-element_type=\"widget\" data-e-type=\"widget\" data-widget_type=\"image.default\">\n\t\t\t\t<div class=\"elementor-widget-container\">\n\t\t\t\t\t\t\t\t\t\t\t\t\t\t\t<img loading=\"lazy\" decoding=\"async\" width=\"619\" height=\"653\" src=\"https:\/\/www.uic.mx\/educacion-continua\/wp-content\/uploads\/border-gracias.png\" class=\"attachment-full size-full wp-image-6965\" alt=\"\" srcset=\"https:\/\/www.uic.mx\/educacion-continua\/wp-content\/uploads\/border-gracias.png 619w, https:\/\/www.uic.mx\/educacion-continua\/wp-content\/uploads\/border-gracias-284x300.png 284w\" sizes=\"(max-width: 619px) 100vw, 619px\" \/>\t\t\t\t\t\t\t\t\t\t\t\t\t\t\t<\/div>\n\t\t\t\t<\/div>\n\t\t<div class=\"elementor-element elementor-element-b9382e6 elementor-hidden-desktop elementor-hidden-tablet elementor-hidden-mobile e-flex e-con-boxed e-con e-child\" data-id=\"b9382e6\" data-element_type=\"container\" data-e-type=\"container\">\n\t\t\t\t\t<div class=\"e-con-inner\">\n\t\t\t\t<div class=\"elementor-element elementor-element-991cd99 elementor-widget elementor-widget-text-editor\" data-id=\"991cd99\" data-element_type=\"widget\" data-e-type=\"widget\" data-widget_type=\"text-editor.default\">\n\t\t\t\t<div class=\"elementor-widget-container\">\n\t\t\t\t\t\t\t\t\t<a class=\"enlace-gracias\" href=\"#\">Nosotros<\/a> | <a class=\"enlace-gracias\" href=\"#\">Aviso de privacidad<\/a>\t\t\t\t\t\t\t\t<\/div>\n\t\t\t\t<\/div>\n\t\t\t\t\t<\/div>\n\t\t\t\t<\/div>\n\t\t\t\t\t<\/div>\n\t\t\t\t<\/div>\n\t\t\t\t<\/div>\n\t\t","protected":false},"excerpt":{"rendered":"<p>\u00a1Gracias por tu registro! Tus datos est\u00e1n siendo procesados. Gracias por tu inter\u00e9s en el\u00a0Curso: Dise\u00f1o de gu\u00edas quir\u00fargicas en Blue Sky Plan. Acabamos de enviarte toda la informaci\u00f3n detallada a tu correo electr\u00f3nico. Si no quieres esperar, descarga el brochure completo ahora mismo\u00a0en el siguiente bot\u00f3n: Ahora puedes descargar el plan de estudios completo: [&hellip;]<\/p>\n","protected":false},"author":1,"featured_media":0,"parent":0,"menu_order":0,"comment_status":"closed","ping_status":"closed","template":"","meta":{"footnotes":""},"class_list":["post-6960","page","type-page","status-publish","hentry"],"yoast_head":"<!-- This site is optimized with the Yoast SEO plugin v27.2 - https:\/\/yoast.com\/product\/yoast-seo-wordpress\/ -->\n<title>Gracias Dise\u00f1o de gu\u00edas quir\u00fargicas en Blue Sky Plan - Educaci\u00f3n Continua<\/title>\n<meta name=\"robots\" content=\"index, follow, max-snippet:-1, max-image-preview:large, max-video-preview:-1\" \/>\n<link rel=\"canonical\" href=\"https:\/\/www.uic.mx\/educacion-continua\/gracias-diseno-de-guias-quirurgicas-en-blue-sky-plan\/\" \/>\n<meta property=\"og:locale\" content=\"es_MX\" \/>\n<meta property=\"og:type\" content=\"article\" \/>\n<meta property=\"og:title\" content=\"Gracias Dise\u00f1o de gu\u00edas quir\u00fargicas en Blue Sky Plan - Educaci\u00f3n Continua\" \/>\n<meta property=\"og:description\" content=\"\u00a1Gracias por tu registro! Tus datos est\u00e1n siendo procesados. Gracias por tu inter\u00e9s en el\u00a0Curso: Dise\u00f1o de gu\u00edas quir\u00fargicas en Blue Sky Plan. Acabamos de enviarte toda la informaci\u00f3n detallada a tu correo electr\u00f3nico. Si no quieres esperar, descarga el brochure completo ahora mismo\u00a0en el siguiente bot\u00f3n: Ahora puedes descargar el plan de estudios completo: [&hellip;]\" \/>\n<meta property=\"og:url\" content=\"https:\/\/www.uic.mx\/educacion-continua\/gracias-diseno-de-guias-quirurgicas-en-blue-sky-plan\/\" \/>\n<meta property=\"og:site_name\" content=\"Educaci\u00f3n Continua\" \/>\n<meta property=\"article:modified_time\" content=\"2026-02-11T16:53:51+00:00\" \/>\n<meta property=\"og:image\" content=\"https:\/\/z-m-static.xx.fbcdn.net\/rsrc.php\/yt\/r\/DUiOg0mJTjz.webp\" \/>\n<meta name=\"twitter:card\" content=\"summary_large_image\" \/>\n<meta name=\"twitter:label1\" content=\"Tiempo de lectura\" \/>\n\t<meta name=\"twitter:data1\" content=\"2 minutos\" \/>\n<script type=\"application\/ld+json\" class=\"yoast-schema-graph\">{\"@context\":\"https:\/\/schema.org\",\"@graph\":[{\"@type\":\"WebPage\",\"@id\":\"https:\/\/www.uic.mx\/educacion-continua\/gracias-diseno-de-guias-quirurgicas-en-blue-sky-plan\/\",\"url\":\"https:\/\/www.uic.mx\/educacion-continua\/gracias-diseno-de-guias-quirurgicas-en-blue-sky-plan\/\",\"name\":\"Gracias Dise\u00f1o de gu\u00edas quir\u00fargicas en Blue Sky Plan - Educaci\u00f3n Continua\",\"isPartOf\":{\"@id\":\"https:\/\/www.uic.mx\/educacion-continua\/#website\"},\"primaryImageOfPage\":{\"@id\":\"https:\/\/www.uic.mx\/educacion-continua\/gracias-diseno-de-guias-quirurgicas-en-blue-sky-plan\/#primaryimage\"},\"image\":{\"@id\":\"https:\/\/www.uic.mx\/educacion-continua\/gracias-diseno-de-guias-quirurgicas-en-blue-sky-plan\/#primaryimage\"},\"thumbnailUrl\":\"https:\/\/z-m-static.xx.fbcdn.net\/rsrc.php\/yt\/r\/DUiOg0mJTjz.webp\",\"datePublished\":\"2026-02-04T19:24:55+00:00\",\"dateModified\":\"2026-02-11T16:53:51+00:00\",\"breadcrumb\":{\"@id\":\"https:\/\/www.uic.mx\/educacion-continua\/gracias-diseno-de-guias-quirurgicas-en-blue-sky-plan\/#breadcrumb\"},\"inLanguage\":\"es\",\"potentialAction\":[{\"@type\":\"ReadAction\",\"target\":[\"https:\/\/www.uic.mx\/educacion-continua\/gracias-diseno-de-guias-quirurgicas-en-blue-sky-plan\/\"]}]},{\"@type\":\"ImageObject\",\"inLanguage\":\"es\",\"@id\":\"https:\/\/www.uic.mx\/educacion-continua\/gracias-diseno-de-guias-quirurgicas-en-blue-sky-plan\/#primaryimage\",\"url\":\"https:\/\/z-m-static.xx.fbcdn.net\/rsrc.php\/yt\/r\/DUiOg0mJTjz.webp\",\"contentUrl\":\"https:\/\/z-m-static.xx.fbcdn.net\/rsrc.php\/yt\/r\/DUiOg0mJTjz.webp\"},{\"@type\":\"BreadcrumbList\",\"@id\":\"https:\/\/www.uic.mx\/educacion-continua\/gracias-diseno-de-guias-quirurgicas-en-blue-sky-plan\/#breadcrumb\",\"itemListElement\":[{\"@type\":\"ListItem\",\"position\":1,\"name\":\"Inicio\",\"item\":\"https:\/\/www.uic.mx\/educacion-continua\/\"},{\"@type\":\"ListItem\",\"position\":2,\"name\":\"Gracias Dise\u00f1o de gu\u00edas quir\u00fargicas en Blue Sky Plan\"}]},{\"@type\":\"WebSite\",\"@id\":\"https:\/\/www.uic.mx\/educacion-continua\/#website\",\"url\":\"https:\/\/www.uic.mx\/educacion-continua\/\",\"name\":\"Educaci\u00f3n Continua\",\"description\":\"\",\"publisher\":{\"@id\":\"https:\/\/www.uic.mx\/educacion-continua\/#organization\"},\"potentialAction\":[{\"@type\":\"SearchAction\",\"target\":{\"@type\":\"EntryPoint\",\"urlTemplate\":\"https:\/\/www.uic.mx\/educacion-continua\/?s={search_term_string}\"},\"query-input\":{\"@type\":\"PropertyValueSpecification\",\"valueRequired\":true,\"valueName\":\"search_term_string\"}}],\"inLanguage\":\"es\"},{\"@type\":\"Organization\",\"@id\":\"https:\/\/www.uic.mx\/educacion-continua\/#organization\",\"name\":\"Educaci\u00f3n Continua\",\"url\":\"https:\/\/www.uic.mx\/educacion-continua\/\",\"logo\":{\"@type\":\"ImageObject\",\"inLanguage\":\"es\",\"@id\":\"https:\/\/www.uic.mx\/educacion-continua\/#\/schema\/logo\/image\/\",\"url\":\"https:\/\/www.uic.mx\/educacion-continua\/wp-content\/uploads\/Logo-50-Universidad-Intercontinental-horizontal-blanco-scaled.png\",\"contentUrl\":\"https:\/\/www.uic.mx\/educacion-continua\/wp-content\/uploads\/Logo-50-Universidad-Intercontinental-horizontal-blanco-scaled.png\",\"width\":2560,\"height\":643,\"caption\":\"Educaci\u00f3n Continua\"},\"image\":{\"@id\":\"https:\/\/www.uic.mx\/educacion-continua\/#\/schema\/logo\/image\/\"}}]}<\/script>\n<!-- \/ Yoast SEO plugin. -->","yoast_head_json":{"title":"Gracias Dise\u00f1o de gu\u00edas quir\u00fargicas en Blue Sky Plan - Educaci\u00f3n Continua","robots":{"index":"index","follow":"follow","max-snippet":"max-snippet:-1","max-image-preview":"max-image-preview:large","max-video-preview":"max-video-preview:-1"},"canonical":"https:\/\/www.uic.mx\/educacion-continua\/gracias-diseno-de-guias-quirurgicas-en-blue-sky-plan\/","og_locale":"es_MX","og_type":"article","og_title":"Gracias Dise\u00f1o de gu\u00edas quir\u00fargicas en Blue Sky Plan - Educaci\u00f3n Continua","og_description":"\u00a1Gracias por tu registro! Tus datos est\u00e1n siendo procesados. Gracias por tu inter\u00e9s en el\u00a0Curso: Dise\u00f1o de gu\u00edas quir\u00fargicas en Blue Sky Plan. Acabamos de enviarte toda la informaci\u00f3n detallada a tu correo electr\u00f3nico. Si no quieres esperar, descarga el brochure completo ahora mismo\u00a0en el siguiente bot\u00f3n: Ahora puedes descargar el plan de estudios completo: [&hellip;]","og_url":"https:\/\/www.uic.mx\/educacion-continua\/gracias-diseno-de-guias-quirurgicas-en-blue-sky-plan\/","og_site_name":"Educaci\u00f3n Continua","article_modified_time":"2026-02-11T16:53:51+00:00","og_image":[{"url":"https:\/\/z-m-static.xx.fbcdn.net\/rsrc.php\/yt\/r\/DUiOg0mJTjz.webp","type":"","width":"","height":""}],"twitter_card":"summary_large_image","twitter_misc":{"Tiempo de lectura":"2 minutos"},"schema":{"@context":"https:\/\/schema.org","@graph":[{"@type":"WebPage","@id":"https:\/\/www.uic.mx\/educacion-continua\/gracias-diseno-de-guias-quirurgicas-en-blue-sky-plan\/","url":"https:\/\/www.uic.mx\/educacion-continua\/gracias-diseno-de-guias-quirurgicas-en-blue-sky-plan\/","name":"Gracias Dise\u00f1o de gu\u00edas quir\u00fargicas en Blue Sky Plan - Educaci\u00f3n Continua","isPartOf":{"@id":"https:\/\/www.uic.mx\/educacion-continua\/#website"},"primaryImageOfPage":{"@id":"https:\/\/www.uic.mx\/educacion-continua\/gracias-diseno-de-guias-quirurgicas-en-blue-sky-plan\/#primaryimage"},"image":{"@id":"https:\/\/www.uic.mx\/educacion-continua\/gracias-diseno-de-guias-quirurgicas-en-blue-sky-plan\/#primaryimage"},"thumbnailUrl":"https:\/\/z-m-static.xx.fbcdn.net\/rsrc.php\/yt\/r\/DUiOg0mJTjz.webp","datePublished":"2026-02-04T19:24:55+00:00","dateModified":"2026-02-11T16:53:51+00:00","breadcrumb":{"@id":"https:\/\/www.uic.mx\/educacion-continua\/gracias-diseno-de-guias-quirurgicas-en-blue-sky-plan\/#breadcrumb"},"inLanguage":"es","potentialAction":[{"@type":"ReadAction","target":["https:\/\/www.uic.mx\/educacion-continua\/gracias-diseno-de-guias-quirurgicas-en-blue-sky-plan\/"]}]},{"@type":"ImageObject","inLanguage":"es","@id":"https:\/\/www.uic.mx\/educacion-continua\/gracias-diseno-de-guias-quirurgicas-en-blue-sky-plan\/#primaryimage","url":"https:\/\/z-m-static.xx.fbcdn.net\/rsrc.php\/yt\/r\/DUiOg0mJTjz.webp","contentUrl":"https:\/\/z-m-static.xx.fbcdn.net\/rsrc.php\/yt\/r\/DUiOg0mJTjz.webp"},{"@type":"BreadcrumbList","@id":"https:\/\/www.uic.mx\/educacion-continua\/gracias-diseno-de-guias-quirurgicas-en-blue-sky-plan\/#breadcrumb","itemListElement":[{"@type":"ListItem","position":1,"name":"Inicio","item":"https:\/\/www.uic.mx\/educacion-continua\/"},{"@type":"ListItem","position":2,"name":"Gracias Dise\u00f1o de gu\u00edas quir\u00fargicas en Blue Sky Plan"}]},{"@type":"WebSite","@id":"https:\/\/www.uic.mx\/educacion-continua\/#website","url":"https:\/\/www.uic.mx\/educacion-continua\/","name":"Educaci\u00f3n Continua","description":"","publisher":{"@id":"https:\/\/www.uic.mx\/educacion-continua\/#organization"},"potentialAction":[{"@type":"SearchAction","target":{"@type":"EntryPoint","urlTemplate":"https:\/\/www.uic.mx\/educacion-continua\/?s={search_term_string}"},"query-input":{"@type":"PropertyValueSpecification","valueRequired":true,"valueName":"search_term_string"}}],"inLanguage":"es"},{"@type":"Organization","@id":"https:\/\/www.uic.mx\/educacion-continua\/#organization","name":"Educaci\u00f3n Continua","url":"https:\/\/www.uic.mx\/educacion-continua\/","logo":{"@type":"ImageObject","inLanguage":"es","@id":"https:\/\/www.uic.mx\/educacion-continua\/#\/schema\/logo\/image\/","url":"https:\/\/www.uic.mx\/educacion-continua\/wp-content\/uploads\/Logo-50-Universidad-Intercontinental-horizontal-blanco-scaled.png","contentUrl":"https:\/\/www.uic.mx\/educacion-continua\/wp-content\/uploads\/Logo-50-Universidad-Intercontinental-horizontal-blanco-scaled.png","width":2560,"height":643,"caption":"Educaci\u00f3n Continua"},"image":{"@id":"https:\/\/www.uic.mx\/educacion-continua\/#\/schema\/logo\/image\/"}}]}},"_links":{"self":[{"href":"https:\/\/www.uic.mx\/educacion-continua\/wp-json\/wp\/v2\/pages\/6960","targetHints":{"allow":["GET"]}}],"collection":[{"href":"https:\/\/www.uic.mx\/educacion-continua\/wp-json\/wp\/v2\/pages"}],"about":[{"href":"https:\/\/www.uic.mx\/educacion-continua\/wp-json\/wp\/v2\/types\/page"}],"author":[{"embeddable":true,"href":"https:\/\/www.uic.mx\/educacion-continua\/wp-json\/wp\/v2\/users\/1"}],"replies":[{"embeddable":true,"href":"https:\/\/www.uic.mx\/educacion-continua\/wp-json\/wp\/v2\/comments?post=6960"}],"version-history":[{"count":151,"href":"https:\/\/www.uic.mx\/educacion-continua\/wp-json\/wp\/v2\/pages\/6960\/revisions"}],"predecessor-version":[{"id":7410,"href":"https:\/\/www.uic.mx\/educacion-continua\/wp-json\/wp\/v2\/pages\/6960\/revisions\/7410"}],"wp:attachment":[{"href":"https:\/\/www.uic.mx\/educacion-continua\/wp-json\/wp\/v2\/media?parent=6960"}],"curies":[{"name":"wp","href":"https:\/\/api.w.org\/{rel}","templated":true}]}}