{"id":2005,"date":"2025-03-05T22:44:17","date_gmt":"2025-03-05T22:44:17","guid":{"rendered":"https:\/\/www.uic.mx\/internacionalizacion\/?page_id=2005"},"modified":"2025-05-02T20:07:39","modified_gmt":"2025-05-02T20:07:39","slug":"uic-at-a-glance","status":"publish","type":"page","link":"https:\/\/www.uic.mx\/internacionalizacion\/uic-at-a-glance\/","title":{"rendered":"UIC at a Glance"},"content":{"rendered":"\t\t<div data-elementor-type=\"wp-page\" data-elementor-id=\"2005\" class=\"elementor elementor-2005\" data-elementor-post-type=\"page\">\n\t\t\t\t<div class=\"elementor-element elementor-element-5a240f2 e-con-full e-flex e-con e-parent\" data-id=\"5a240f2\" data-element_type=\"container\" data-e-type=\"container\" data-settings=\"{&quot;background_background&quot;:&quot;classic&quot;}\">\n\t\t<div class=\"elementor-element elementor-element-4658099 e-con-full e-flex e-con e-child\" data-id=\"4658099\" data-element_type=\"container\" data-e-type=\"container\">\n\t\t<div class=\"elementor-element elementor-element-2ad0ace e-con-full e-flex e-con e-child\" data-id=\"2ad0ace\" data-element_type=\"container\" data-e-type=\"container\">\n\t\t\t\t<div class=\"elementor-element elementor-element-60dac8d animated-slow elementor-invisible elementor-widget elementor-widget-heading\" data-id=\"60dac8d\" data-element_type=\"widget\" data-e-type=\"widget\" data-settings=\"{&quot;motion_fx_motion_fx_mouse&quot;:&quot;yes&quot;,&quot;_animation&quot;:&quot;rollIn&quot;}\" data-widget_type=\"heading.default\">\n\t\t\t\t<div class=\"elementor-widget-container\">\n\t\t\t\t\t<h1 class=\"elementor-heading-title elementor-size-default\">UIC at a Glance<\/h1>\t\t\t\t<\/div>\n\t\t\t\t<\/div>\n\t\t\t\t<\/div>\n\t\t\t\t<\/div>\n\t\t\t\t<\/div>\n\t\t<div class=\"elementor-element elementor-element-9b2f837 e-flex e-con-boxed e-con e-parent\" data-id=\"9b2f837\" data-element_type=\"container\" data-e-type=\"container\" data-settings=\"{&quot;background_background&quot;:&quot;classic&quot;}\">\n\t\t\t\t\t<div class=\"e-con-inner\">\n\t\t<div class=\"elementor-element elementor-element-768da9f e-con-full e-flex e-con e-child\" data-id=\"768da9f\" data-element_type=\"container\" data-e-type=\"container\">\n\t\t\t\t<div class=\"elementor-element elementor-element-1a71b36 elementor-widget elementor-widget-video\" data-id=\"1a71b36\" data-element_type=\"widget\" data-e-type=\"widget\" data-settings=\"{&quot;youtube_url&quot;:&quot;https:\\\/\\\/youtu.be\\\/dXaU39aLTgI&quot;,&quot;video_type&quot;:&quot;youtube&quot;,&quot;controls&quot;:&quot;yes&quot;}\" data-widget_type=\"video.default\">\n\t\t\t\t<div class=\"elementor-widget-container\">\n\t\t\t\t\t\t\t<div class=\"elementor-wrapper elementor-open-inline\">\n\t\t\t<div class=\"elementor-video\"><\/div>\t\t<\/div>\n\t\t\t\t\t\t<\/div>\n\t\t\t\t<\/div>\n\t\t\t\t<\/div>\n\t\t\t\t\t<\/div>\n\t\t\t\t<\/div>\n\t\t<div class=\"elementor-element elementor-element-5989a6f e-con-full e-flex e-con e-parent\" data-id=\"5989a6f\" data-element_type=\"container\" data-e-type=\"container\">\n\t\t<div class=\"elementor-element elementor-element-2c4a322 e-con-full e-flex e-con e-child\" data-id=\"2c4a322\" data-element_type=\"container\" data-e-type=\"container\">\n\t\t<div class=\"elementor-element elementor-element-ab5a6a4 e-con-full e-flex e-con e-child\" data-id=\"ab5a6a4\" data-element_type=\"container\" data-e-type=\"container\">\n\t\t\t\t<div class=\"elementor-element elementor-element-13fc424 elementor-widget elementor-widget-gallery\" data-id=\"13fc424\" data-element_type=\"widget\" data-e-type=\"widget\" data-settings=\"{&quot;gallery_layout&quot;:&quot;masonry&quot;,&quot;columns&quot;:2,&quot;gap&quot;:{&quot;unit&quot;:&quot;px&quot;,&quot;size&quot;:20,&quot;sizes&quot;:[]},&quot;lazyload&quot;:&quot;yes&quot;,&quot;columns_tablet&quot;:2,&quot;columns_mobile&quot;:1,&quot;gap_tablet&quot;:{&quot;unit&quot;:&quot;px&quot;,&quot;size&quot;:10,&quot;sizes&quot;:[]},&quot;gap_mobile&quot;:{&quot;unit&quot;:&quot;px&quot;,&quot;size&quot;:10,&quot;sizes&quot;:[]},&quot;link_to&quot;:&quot;file&quot;,&quot;overlay_background&quot;:&quot;yes&quot;,&quot;content_hover_animation&quot;:&quot;fade-in&quot;}\" data-widget_type=\"gallery.default\">\n\t\t\t\t<div class=\"elementor-widget-container\">\n\t\t\t\t\t\t\t<div class=\"elementor-gallery__container\">\n\t\t\t\t\t\t\t<a class=\"e-gallery-item elementor-gallery-item elementor-animated-content\" href=\"https:\/\/www.uic.mx\/internacionalizacion\/wp-content\/uploads\/2025\/05\/UIC-at-a-Glance-INGLES-1.jpg\" data-elementor-open-lightbox=\"yes\" data-elementor-lightbox-slideshow=\"13fc424\" data-elementor-lightbox-title=\"UIC-at-a-Glance-INGLE\u0301S\" data-e-action-hash=\"#elementor-action%3Aaction%3Dlightbox%26settings%3DeyJpZCI6MzM2MiwidXJsIjoiaHR0cHM6XC9cL3d3dy51aWMubXhcL2ludGVybmFjaW9uYWxpemFjaW9uXC93cC1jb250ZW50XC91cGxvYWRzXC8yMDI1XC8wNVwvVUlDLWF0LWEtR2xhbmNlLUlOR0xFUy0xLmpwZyIsInNsaWRlc2hvdyI6IjEzZmM0MjQifQ%3D%3D\">\n\t\t\t\t\t<div class=\"e-gallery-image elementor-gallery-item__image\" data-thumbnail=\"https:\/\/www.uic.mx\/internacionalizacion\/wp-content\/uploads\/2025\/05\/UIC-at-a-Glance-INGLES-1-1187x1536.jpg\" data-width=\"1187\" data-height=\"1536\" aria-label=\"\" role=\"img\" ><\/div>\n\t\t\t\t\t\t\t\t\t\t\t<div class=\"elementor-gallery-item__overlay\"><\/div>\n\t\t\t\t\t\t\t\t\t\t\t\t\t\t<\/a>\n\t\t\t\t\t\t\t<a class=\"e-gallery-item elementor-gallery-item elementor-animated-content\" href=\"https:\/\/www.uic.mx\/internacionalizacion\/wp-content\/uploads\/2025\/05\/UIC-at-a-Glance-ESPANOL-1.jpg\" data-elementor-open-lightbox=\"yes\" data-elementor-lightbox-slideshow=\"13fc424\" data-elementor-lightbox-title=\"UIC-at-a-Glance-ESPAN\u0303OL\" data-e-action-hash=\"#elementor-action%3Aaction%3Dlightbox%26settings%3DeyJpZCI6MzM2MywidXJsIjoiaHR0cHM6XC9cL3d3dy51aWMubXhcL2ludGVybmFjaW9uYWxpemFjaW9uXC93cC1jb250ZW50XC91cGxvYWRzXC8yMDI1XC8wNVwvVUlDLWF0LWEtR2xhbmNlLUVTUEFOT0wtMS5qcGciLCJzbGlkZXNob3ciOiIxM2ZjNDI0In0%3D\">\n\t\t\t\t\t<div class=\"e-gallery-image elementor-gallery-item__image\" data-thumbnail=\"https:\/\/www.uic.mx\/internacionalizacion\/wp-content\/uploads\/2025\/05\/UIC-at-a-Glance-ESPANOL-1-1187x1536.jpg\" data-width=\"1187\" data-height=\"1536\" aria-label=\"\" role=\"img\" ><\/div>\n\t\t\t\t\t\t\t\t\t\t\t<div class=\"elementor-gallery-item__overlay\"><\/div>\n\t\t\t\t\t\t\t\t\t\t\t\t\t\t<\/a>\n\t\t\t\t\t<\/div>\n\t\t\t\t\t<\/div>\n\t\t\t\t<\/div>\n\t\t\t\t<\/div>\n\t\t<div class=\"elementor-element elementor-element-3af8df5 e-con-full e-flex e-con e-child\" data-id=\"3af8df5\" data-element_type=\"container\" data-e-type=\"container\">\n\t\t<div class=\"elementor-element elementor-element-6c46912 e-con-full e-flex e-con e-child\" data-id=\"6c46912\" data-element_type=\"container\" data-e-type=\"container\">\n\t\t\t\t<div class=\"elementor-element elementor-element-ac242ec elementor-widget elementor-widget-heading\" data-id=\"ac242ec\" data-element_type=\"widget\" data-e-type=\"widget\" data-widget_type=\"heading.default\">\n\t\t\t\t<div class=\"elementor-widget-container\">\n\t\t\t\t\t<h2 class=\"elementor-heading-title elementor-size-default\"><a href=\"https:\/\/www.uic.mx\/internacionalizacion\/wp-content\/uploads\/2025\/03\/ESPANOL-PARA-EXTRANJEROS.pdf\">Espa\u00f1ol para Extranjeros<\/a><\/h2>\t\t\t\t<\/div>\n\t\t\t\t<\/div>\n\t\t\t\t<\/div>\n\t\t<div class=\"elementor-element elementor-element-ecc9aa2 e-con-full e-flex e-con e-child\" data-id=\"ecc9aa2\" data-element_type=\"container\" data-e-type=\"container\">\n\t\t\t\t<div class=\"elementor-element elementor-element-aa10041 elementor-widget elementor-widget-heading\" data-id=\"aa10041\" data-element_type=\"widget\" data-e-type=\"widget\" data-widget_type=\"heading.default\">\n\t\t\t\t<div class=\"elementor-widget-container\">\n\t\t\t\t\t<h2 class=\"elementor-heading-title elementor-size-default\"><a href=\"https:\/\/www.uic.mx\/internacionalizacion\/wp-content\/uploads\/2025\/03\/SPANISH-PROGRAM-FOR-FOREIGNERS.pdf\">Spanish Program for foreigners<\/a><\/h2>\t\t\t\t<\/div>\n\t\t\t\t<\/div>\n\t\t\t\t<\/div>\n\t\t\t\t<\/div>\n\t\t\t\t<\/div>\n\t\t\t\t<\/div>\n\t\t<div class=\"elementor-element elementor-element-881fe88 elementor-hidden-desktop elementor-hidden-tablet elementor-hidden-mobile e-flex e-con-boxed e-con e-parent\" data-id=\"881fe88\" data-element_type=\"container\" data-e-type=\"container\">\n\t\t\t\t\t<div class=\"e-con-inner\">\n\t\t<div class=\"elementor-element elementor-element-9a02622 e-con-full e-flex e-con e-child\" data-id=\"9a02622\" data-element_type=\"container\" data-e-type=\"container\">\n\t\t<div class=\"elementor-element elementor-element-5ee1792 e-con-full e-flex e-con e-child\" data-id=\"5ee1792\" data-element_type=\"container\" data-e-type=\"container\">\n\t\t\t\t<\/div>\n\t\t<div class=\"elementor-element elementor-element-cab91dd e-con-full e-flex e-con e-child\" data-id=\"cab91dd\" data-element_type=\"container\" data-e-type=\"container\" data-settings=\"{&quot;background_background&quot;:&quot;classic&quot;}\">\n\t\t\t\t<div class=\"elementor-element elementor-element-e5f25bc elementor-widget elementor-widget-html\" data-id=\"e5f25bc\" data-element_type=\"widget\" data-e-type=\"widget\" data-widget_type=\"html.default\">\n\t\t\t\t<div class=\"elementor-widget-container\">\n\t\t\t\t\t<form id=\"WebToLeadForm\" action=\"https:\/\/hook.us1.make.com\/kof0m5fgegny1mp1hq43rrc6lioangut\" method=\"POST\" name=\"WebToLeadForm\">\r\n\r\n    <div class=\"fcont1\">\r\n      <div class=\"form_group\">\r\n        <label for=\"nombre\">Nombre(s):&nbsp;*<\/label>\r\n        <input name=\"nombre\" id=\"nombre\" minlength=\"4\" maxlength=\"30\" type=\"text\" required=\"required\" placeholder=\"Nombre(s)\">\r\n      <\/div>\r\n      <div class=\"form_group\">\r\n        <label for=\"nombre\">Apellido(s):&nbsp;*<\/label>\r\n        <input name=\"apellido\" id=\"apellido\" minlength=\"4\" maxlength=\"30\" type=\"text\" required=\"required\" placeholder=\"Apellido(s)\">\r\n      <\/div>\r\n    <\/div>\r\n\r\n    <div class=\"form_group\">\r\n      <input name=\"last_name2_c\" id=\"last_name2_c\" type=\"hidden\" placeholder=\"Apellido Materno\">\r\n    <\/div>\r\n\r\n    <div class=\"fcont2\">\r\n      <div class=\"form_group\">\r\n        <label for=\"nombre\">Correo Electr\u00f3nico &nbsp;*<\/label>\r\n        <input name=\"correo\" id=\"correo\" type=\"email\" required=\"required\" placeholder=\"Correo Electr\u00f3nico\" autocomplete=\"off\">\r\n      <\/div>\r\n\r\n      <div class=\"form_group\">\r\n        <label for=\"nombre\">N\u00famero de Matr\u00edcula &nbsp;*<\/label>\r\n        <input name=\"matricula\" id=\"matricula\" type=\"text\" required=\"required\" placeholder=\"N\u00famero de Matr\u00edcula\" autocomplete=\"off\">\r\n      <\/div>\r\n    <\/div>\r\n\r\n    <div class=\"fcont3\">\r\n      <div class=\"form_group\">\r\n        <label for=\"nombre\">WhatsApp o Tel\u00e9fono &nbsp;*<\/label>\r\n        <input name=\"telefono\" id=\"telefono\" type=\"text\" required=\"required\" placeholder=\"Tel\u00e9fono (10 d\u00edgitos)\" title=\"Tel\u00e9fono (10 d\u00edgitos)\" minlength=\"10\" maxlength=\"10\">\r\n        <\/div>\r\n      <div class=\"form_group\">\r\n        <label for=\"nombre\">Grado que Estudias &nbsp;*<\/label>\r\n        <input name=\"grado\" id=\"grado\" type=\"text\" required=\"required\" placeholder=\"Grado que Estudias\">\r\n      <\/div>\r\n    <\/div>\r\n\r\n    <div class=\"fcont4\">\r\n      <div class=\"form_group\">\r\n        <label for=\"nombre\">Actividad de Internacionalizaci\u00f3n &nbsp;*<\/label>\r\n            <select name=\"area\" id=\"area\" area-required=\"true\" area-invalid=\"false\" required=\"required\">\r\n                <option value=\"\" selected=\"true\" disabled=\"disabled\">Selecciona Actividad<\/option>\r\n                <option value=\"Intercambio Nacional\">Intercambio Nacional<\/option>\r\n                <option value=\"Intercambio Internacional\">Intercambio Internacional<\/option>\r\n                <option value=\"Movilidad Internacional\">Movilidad Internacional<\/option>\r\n                <option value=\"Cursos\">Cursos<\/option>\r\n                <option value=\"Visita acad\u00e9mica\">Visita acad\u00e9mica<\/option>\r\n            <\/select>\r\n      <\/div>\r\n    <\/div>\r\n\r\n    <div class=\"fcont5\">\r\n        <div class=\"form_group\">\r\n            <label for=\"nombre\">Semestre Actual &nbsp;*<\/label><br>\r\n            <span>\r\n                <input type=\"radio\" value=\"primero\" id=\"radio1\" name=\"radio1\" required=\"required\" checked=\"checked\" aria-required=\"true\"> \r\n                <label>Primero<\/label>\r\n            <\/span>\r\n            <span>\r\n                <input type=\"radio\" value=\"segundo\" id=\"radio1\" name=\"radio1\" required=\"required\"> \r\n                <label>Segundo<\/label>\r\n            <\/span>\r\n            <span>\r\n                <input type=\"radio\" value=\"tercer\" id=\"radio1\" name=\"radio1\" required=\"required\"> \r\n                <label>Tercer<\/label><br>\r\n            <\/span>\r\n            <span>\r\n                <input type=\"radio\" value=\"cuarto\" id=\"radio1\" name=\"radio1\" required=\"required\"> \r\n                <label>Cuarto<\/label>\r\n            <\/span>\r\n            <span>\r\n                <input type=\"radio\" value=\"quinto\" id=\"radio1\" name=\"radio1\" required=\"required\"> \r\n                <label>Quinto<\/label>\r\n            <\/span>\r\n            <span>\r\n                <input type=\"radio\" value=\"sexto\" id=\"radio1\" name=\"radio1\" required=\"required\"> \r\n                <label>Sexto<\/label>\r\n            <\/span>\r\n        <\/div>\r\n        <div class=\"form_group\">\r\n            <label for=\"nombre\">Semestre en el que deseas participar &nbsp;*<\/label><br>\r\n            <span>\r\n                <input type=\"radio\" value=\"enero\" id=\"radio2\" name=\"radio2\" required=\"required\" checked=\"checked\" > \r\n                <label>Enero<\/label>\r\n            <\/span>\r\n            <span>\r\n                <input type=\"radio\" value=\"agosto\" id=\"radio2\" name=\"radio2\" > \r\n                <label>Agosto<\/label>\r\n            <\/span>\r\n        <\/div>\r\n    <\/div>\r\n\r\n    <div class=\"fcont6\">\r\n      <div class=\"form_group\">\r\n        <label for=\"nombre\">Elige el a\u00f1o en el que deseas participar &nbsp;*<\/label>\r\n            <select name=\"area\" id=\"area\" area-required=\"true\" area-invalid=\"false\" required=\"required\">\r\n                <option value=\"\" selected=\"true\" disabled=\"disabled\">Selecciona A\u00f1o<\/option>\r\n                <option value=\"2025\">2025<\/option>\r\n                <option value=\"2026\">2026<\/option>\r\n                <option value=\"2027\">2027<\/option>\r\n                <option value=\"2028\">2028<\/option>\r\n            <\/select>\r\n      <\/div>\r\n    <\/div>\r\n    <br><br>\r\n\r\n\t<!--<div class=\"form__group\">\r\n\t<label for=\"nombre\">Motivo de Consulta &nbsp;*<\/label>\r\n        <textarea name=\"consulta\" id=\"consulta\" rows=\"10\" cols=\"10\" required=\"required\">Descripci\u00f3n corta<\/textarea>\r\n    <\/div>-->\r\n  \r\n      <input class=\"button\" name=\"Submit\" id=\"send\" type=\"submit\" value=\"Enviar mis Datos\">\r\n          <input name=\"redirect_url\" id=\"redirect_url\" type=\"hidden\" value=\"https:\/\/www.uic.mx\/servicios-en-linea-gracias\/\">\r\n    <input name=\"assigned_user_id\" id=\"assigned_user_id\" type=\"hidden\" value=\"42620787-cb5b-bfde-e36e-5dd39646fc60\">\r\n    <input name=\"moduleDir\" id=\"moduleDir\" type=\"hidden\" value=\"Contacts\">\r\n    <input type=\"hidden\" name=\"recaptcha_response\" id=\"recaptchaResponse\">\r\n    <div class=\"g-recaptcha\" data-sitekey=\"6LcrX3goAAAAACOxfm-KWSyncsdylB9mBMNSJOg5\"><\/div>\r\n    \r\n  <\/form>\t\t\t\t<\/div>\n\t\t\t\t<\/div>\n\t\t\t\t<\/div>\n\t\t<div class=\"elementor-element elementor-element-4f70683 e-con-full e-flex e-con e-child\" data-id=\"4f70683\" data-element_type=\"container\" data-e-type=\"container\">\n\t\t\t\t<\/div>\n\t\t\t\t<\/div>\n\t\t\t\t\t<\/div>\n\t\t\t\t<\/div>\n\t\t\t\t<\/div>\n\t\t","protected":false},"excerpt":{"rendered":"<p>UIC at a Glance Espa\u00f1ol para Extranjeros Spanish Program for foreigners Nombre(s):&nbsp;* Apellido(s):&nbsp;* Correo Electr\u00f3nico &nbsp;* N\u00famero de Matr\u00edcula &nbsp;* WhatsApp o Tel\u00e9fono &nbsp;* Grado que Estudias &nbsp;* Actividad de Internacionalizaci\u00f3n &nbsp;* Selecciona ActividadIntercambio NacionalIntercambio InternacionalMovilidad InternacionalCursosVisita acad\u00e9mica Semestre Actual &nbsp;* Primero Segundo Tercer Cuarto Quinto Sexto Semestre en el que deseas participar &nbsp;* Enero [&hellip;]<\/p>\n","protected":false},"author":1,"featured_media":0,"parent":0,"menu_order":0,"comment_status":"closed","ping_status":"closed","template":"","meta":{"footnotes":""},"class_list":["post-2005","page","type-page","status-publish","hentry"],"yoast_head":"<!-- This site is optimized with the Yoast SEO plugin v27.3 - https:\/\/yoast.com\/product\/yoast-seo-wordpress\/ -->\n<title>UIC at a Glance - Internacionalizaci\u00f3n<\/title>\n<meta name=\"robots\" content=\"index, follow, max-snippet:-1, max-image-preview:large, max-video-preview:-1\" \/>\n<link rel=\"canonical\" href=\"https:\/\/www.uic.mx\/internacionalizacion\/uic-at-a-glance\/\" \/>\n<meta property=\"og:locale\" content=\"es_ES\" \/>\n<meta property=\"og:type\" content=\"article\" \/>\n<meta property=\"og:title\" content=\"UIC at a Glance - Internacionalizaci\u00f3n\" \/>\n<meta property=\"og:description\" content=\"UIC at a Glance Espa\u00f1ol para Extranjeros Spanish Program for foreigners Nombre(s):&nbsp;* Apellido(s):&nbsp;* Correo Electr\u00f3nico &nbsp;* N\u00famero de Matr\u00edcula &nbsp;* WhatsApp o Tel\u00e9fono &nbsp;* Grado que Estudias &nbsp;* Actividad de Internacionalizaci\u00f3n &nbsp;* Selecciona ActividadIntercambio NacionalIntercambio InternacionalMovilidad InternacionalCursosVisita acad\u00e9mica Semestre Actual &nbsp;* Primero Segundo Tercer Cuarto Quinto Sexto Semestre en el que deseas participar &nbsp;* Enero [&hellip;]\" \/>\n<meta property=\"og:url\" content=\"https:\/\/www.uic.mx\/internacionalizacion\/uic-at-a-glance\/\" \/>\n<meta property=\"og:site_name\" content=\"Internacionalizaci\u00f3n\" \/>\n<meta property=\"article:modified_time\" content=\"2025-05-02T20:07:39+00:00\" \/>\n<meta name=\"twitter:card\" content=\"summary_large_image\" \/>\n<script type=\"application\/ld+json\" class=\"yoast-schema-graph\">{\"@context\":\"https:\\\/\\\/schema.org\",\"@graph\":[{\"@type\":\"WebPage\",\"@id\":\"https:\\\/\\\/www.uic.mx\\\/internacionalizacion\\\/uic-at-a-glance\\\/\",\"url\":\"https:\\\/\\\/www.uic.mx\\\/internacionalizacion\\\/uic-at-a-glance\\\/\",\"name\":\"UIC at a Glance - Internacionalizaci\u00f3n\",\"isPartOf\":{\"@id\":\"https:\\\/\\\/www.uic.mx\\\/internacionalizacion\\\/#website\"},\"datePublished\":\"2025-03-05T22:44:17+00:00\",\"dateModified\":\"2025-05-02T20:07:39+00:00\",\"breadcrumb\":{\"@id\":\"https:\\\/\\\/www.uic.mx\\\/internacionalizacion\\\/uic-at-a-glance\\\/#breadcrumb\"},\"inLanguage\":\"es\",\"potentialAction\":[{\"@type\":\"ReadAction\",\"target\":[\"https:\\\/\\\/www.uic.mx\\\/internacionalizacion\\\/uic-at-a-glance\\\/\"]}]},{\"@type\":\"BreadcrumbList\",\"@id\":\"https:\\\/\\\/www.uic.mx\\\/internacionalizacion\\\/uic-at-a-glance\\\/#breadcrumb\",\"itemListElement\":[{\"@type\":\"ListItem\",\"position\":1,\"name\":\"Portada\",\"item\":\"https:\\\/\\\/www.uic.mx\\\/internacionalizacion\\\/\"},{\"@type\":\"ListItem\",\"position\":2,\"name\":\"UIC at a Glance\"}]},{\"@type\":\"WebSite\",\"@id\":\"https:\\\/\\\/www.uic.mx\\\/internacionalizacion\\\/#website\",\"url\":\"https:\\\/\\\/www.uic.mx\\\/internacionalizacion\\\/\",\"name\":\"Internacionalizaci\u00f3n\",\"description\":\"\",\"publisher\":{\"@id\":\"https:\\\/\\\/www.uic.mx\\\/internacionalizacion\\\/#organization\"},\"potentialAction\":[{\"@type\":\"SearchAction\",\"target\":{\"@type\":\"EntryPoint\",\"urlTemplate\":\"https:\\\/\\\/www.uic.mx\\\/internacionalizacion\\\/?s={search_term_string}\"},\"query-input\":{\"@type\":\"PropertyValueSpecification\",\"valueRequired\":true,\"valueName\":\"search_term_string\"}}],\"inLanguage\":\"es\"},{\"@type\":\"Organization\",\"@id\":\"https:\\\/\\\/www.uic.mx\\\/internacionalizacion\\\/#organization\",\"name\":\"Internacionalizaci\u00f3n\",\"url\":\"https:\\\/\\\/www.uic.mx\\\/internacionalizacion\\\/\",\"logo\":{\"@type\":\"ImageObject\",\"inLanguage\":\"es\",\"@id\":\"https:\\\/\\\/www.uic.mx\\\/internacionalizacion\\\/#\\\/schema\\\/logo\\\/image\\\/\",\"url\":\"https:\\\/\\\/www.uic.mx\\\/internacionalizacion\\\/wp-content\\\/uploads\\\/2025\\\/02\\\/Logo-50-Universidad-Intercontinental-horizontal-blanco-scaled.png\",\"contentUrl\":\"https:\\\/\\\/www.uic.mx\\\/internacionalizacion\\\/wp-content\\\/uploads\\\/2025\\\/02\\\/Logo-50-Universidad-Intercontinental-horizontal-blanco-scaled.png\",\"width\":2560,\"height\":643,\"caption\":\"Internacionalizaci\u00f3n\"},\"image\":{\"@id\":\"https:\\\/\\\/www.uic.mx\\\/internacionalizacion\\\/#\\\/schema\\\/logo\\\/image\\\/\"}}]}<\/script>\n<!-- \/ Yoast SEO plugin. -->","yoast_head_json":{"title":"UIC at a Glance - Internacionalizaci\u00f3n","robots":{"index":"index","follow":"follow","max-snippet":"max-snippet:-1","max-image-preview":"max-image-preview:large","max-video-preview":"max-video-preview:-1"},"canonical":"https:\/\/www.uic.mx\/internacionalizacion\/uic-at-a-glance\/","og_locale":"es_ES","og_type":"article","og_title":"UIC at a Glance - Internacionalizaci\u00f3n","og_description":"UIC at a Glance Espa\u00f1ol para Extranjeros Spanish Program for foreigners Nombre(s):&nbsp;* Apellido(s):&nbsp;* Correo Electr\u00f3nico &nbsp;* N\u00famero de Matr\u00edcula &nbsp;* WhatsApp o Tel\u00e9fono &nbsp;* Grado que Estudias &nbsp;* Actividad de Internacionalizaci\u00f3n &nbsp;* Selecciona ActividadIntercambio NacionalIntercambio InternacionalMovilidad InternacionalCursosVisita acad\u00e9mica Semestre Actual &nbsp;* Primero Segundo Tercer Cuarto Quinto Sexto Semestre en el que deseas participar &nbsp;* Enero [&hellip;]","og_url":"https:\/\/www.uic.mx\/internacionalizacion\/uic-at-a-glance\/","og_site_name":"Internacionalizaci\u00f3n","article_modified_time":"2025-05-02T20:07:39+00:00","twitter_card":"summary_large_image","schema":{"@context":"https:\/\/schema.org","@graph":[{"@type":"WebPage","@id":"https:\/\/www.uic.mx\/internacionalizacion\/uic-at-a-glance\/","url":"https:\/\/www.uic.mx\/internacionalizacion\/uic-at-a-glance\/","name":"UIC at a Glance - Internacionalizaci\u00f3n","isPartOf":{"@id":"https:\/\/www.uic.mx\/internacionalizacion\/#website"},"datePublished":"2025-03-05T22:44:17+00:00","dateModified":"2025-05-02T20:07:39+00:00","breadcrumb":{"@id":"https:\/\/www.uic.mx\/internacionalizacion\/uic-at-a-glance\/#breadcrumb"},"inLanguage":"es","potentialAction":[{"@type":"ReadAction","target":["https:\/\/www.uic.mx\/internacionalizacion\/uic-at-a-glance\/"]}]},{"@type":"BreadcrumbList","@id":"https:\/\/www.uic.mx\/internacionalizacion\/uic-at-a-glance\/#breadcrumb","itemListElement":[{"@type":"ListItem","position":1,"name":"Portada","item":"https:\/\/www.uic.mx\/internacionalizacion\/"},{"@type":"ListItem","position":2,"name":"UIC at a Glance"}]},{"@type":"WebSite","@id":"https:\/\/www.uic.mx\/internacionalizacion\/#website","url":"https:\/\/www.uic.mx\/internacionalizacion\/","name":"Internacionalizaci\u00f3n","description":"","publisher":{"@id":"https:\/\/www.uic.mx\/internacionalizacion\/#organization"},"potentialAction":[{"@type":"SearchAction","target":{"@type":"EntryPoint","urlTemplate":"https:\/\/www.uic.mx\/internacionalizacion\/?s={search_term_string}"},"query-input":{"@type":"PropertyValueSpecification","valueRequired":true,"valueName":"search_term_string"}}],"inLanguage":"es"},{"@type":"Organization","@id":"https:\/\/www.uic.mx\/internacionalizacion\/#organization","name":"Internacionalizaci\u00f3n","url":"https:\/\/www.uic.mx\/internacionalizacion\/","logo":{"@type":"ImageObject","inLanguage":"es","@id":"https:\/\/www.uic.mx\/internacionalizacion\/#\/schema\/logo\/image\/","url":"https:\/\/www.uic.mx\/internacionalizacion\/wp-content\/uploads\/2025\/02\/Logo-50-Universidad-Intercontinental-horizontal-blanco-scaled.png","contentUrl":"https:\/\/www.uic.mx\/internacionalizacion\/wp-content\/uploads\/2025\/02\/Logo-50-Universidad-Intercontinental-horizontal-blanco-scaled.png","width":2560,"height":643,"caption":"Internacionalizaci\u00f3n"},"image":{"@id":"https:\/\/www.uic.mx\/internacionalizacion\/#\/schema\/logo\/image\/"}}]}},"_links":{"self":[{"href":"https:\/\/www.uic.mx\/internacionalizacion\/wp-json\/wp\/v2\/pages\/2005","targetHints":{"allow":["GET"]}}],"collection":[{"href":"https:\/\/www.uic.mx\/internacionalizacion\/wp-json\/wp\/v2\/pages"}],"about":[{"href":"https:\/\/www.uic.mx\/internacionalizacion\/wp-json\/wp\/v2\/types\/page"}],"author":[{"embeddable":true,"href":"https:\/\/www.uic.mx\/internacionalizacion\/wp-json\/wp\/v2\/users\/1"}],"replies":[{"embeddable":true,"href":"https:\/\/www.uic.mx\/internacionalizacion\/wp-json\/wp\/v2\/comments?post=2005"}],"version-history":[{"count":193,"href":"https:\/\/www.uic.mx\/internacionalizacion\/wp-json\/wp\/v2\/pages\/2005\/revisions"}],"predecessor-version":[{"id":3366,"href":"https:\/\/www.uic.mx\/internacionalizacion\/wp-json\/wp\/v2\/pages\/2005\/revisions\/3366"}],"wp:attachment":[{"href":"https:\/\/www.uic.mx\/internacionalizacion\/wp-json\/wp\/v2\/media?parent=2005"}],"curies":[{"name":"wp","href":"https:\/\/api.w.org\/{rel}","templated":true}]}}