{"id":3652,"date":"2025-08-06T15:50:32","date_gmt":"2025-08-06T15:50:32","guid":{"rendered":"https:\/\/www.uic.mx\/internacionalizacion\/?page_id=3652"},"modified":"2025-08-06T16:06:14","modified_gmt":"2025-08-06T16:06:14","slug":"oficinas-internacionales-asociadas-anuies","status":"publish","type":"page","link":"https:\/\/www.uic.mx\/internacionalizacion\/oficinas-internacionales-asociadas-anuies\/","title":{"rendered":"Oficinas Internacionales asociadas ANUIES"},"content":{"rendered":"\t\t<div data-elementor-type=\"wp-page\" data-elementor-id=\"3652\" class=\"elementor elementor-3652\" data-elementor-post-type=\"page\">\n\t\t\t\t<div class=\"elementor-element elementor-element-be2941e e-flex e-con-boxed e-con e-parent\" data-id=\"be2941e\" data-element_type=\"container\" data-e-type=\"container\">\n\t\t\t\t\t<div class=\"e-con-inner\">\n\t\t<div class=\"elementor-element elementor-element-6677073 e-con-full e-flex e-con e-child\" data-id=\"6677073\" data-element_type=\"container\" data-e-type=\"container\" data-settings=\"{&quot;background_background&quot;:&quot;classic&quot;}\">\n\t\t\t\t<div class=\"elementor-element elementor-element-08ed4e5 elementor-widget elementor-widget-text-editor\" data-id=\"08ed4e5\" data-element_type=\"widget\" data-e-type=\"widget\" data-widget_type=\"text-editor.default\">\n\t\t\t\t<div class=\"elementor-widget-container\">\n\t\t\t\t\t\t\t\t\t<p><strong>Titulares de las Oficinas Internacionales<\/strong><br \/>Universidades e Instituciones de Educaci\u00f3n<br \/>Superior asociadas a la ANUIES<br \/>Presentes<\/p><p>Por medio de la presente me permito hacerles llegar la siguiente informaci\u00f3n que recibimos de la Secretar\u00eda de Relaciones Exteriores sobre la Convocatoria 2025 del Programa de Becas de Excelencia del Gobierno de M\u00e9xico dirigido a personas extranjeras interesadas en realizar estudios en M\u00e9xico, en diversas \u00e1reas del conocimiento, bajo las siguientes modalidades:<\/p><ul><li>Licenciatura (movilidad acad\u00e9mica)<\/li><li>Maestr\u00eda completa o movilidad<\/li><li>Estancias de investigaci\u00f3n a nivel Doctorado y Posdoctorado.<\/li><\/ul><p>Al calce se encuentra el enlace correspondiente para una consulta m\u00e1s detallada.<br \/>Para m\u00e1s informaci\u00f3n, favor de dirigirse al correo electr\u00f3nico\u00a0<a href=\"mailto:infobecas@sre.gob.mx\">infobecas@sre.gob.mx<\/a><\/p><p>Esperamos que la informaci\u00f3n sea de utilidad.\u00a0<\/p><p>Atentamente,<\/p><p>Direcci\u00f3n de Cooperaci\u00f3n Internacional ANUIES<\/p><p><img fetchpriority=\"high\" decoding=\"async\" class=\"wp-image-3657 aligncenter\" src=\"https:\/\/www.uic.mx\/internacionalizacion\/wp-content\/uploads\/2025\/08\/relaciones-exteriores-logo-300x41.png\" alt=\"\" width=\"860\" height=\"117\" srcset=\"https:\/\/www.uic.mx\/internacionalizacion\/wp-content\/uploads\/2025\/08\/relaciones-exteriores-logo-300x41.png 300w, https:\/\/www.uic.mx\/internacionalizacion\/wp-content\/uploads\/2025\/08\/relaciones-exteriores-logo.png 607w\" sizes=\"(max-width: 860px) 100vw, 860px\" \/><\/p><p>La Secretar\u00eda de Relaciones Exteriores (SRE), a trav\u00e9s de la Agencia Mexicana de Cooperaci\u00f3n Internacional para el Desarrollo (AMEXCID), informa que se encuentra oficialmente abierta la\u00a0<strong>Convocatoria 2025 del Programa de Becas de Excelencia del Gobierno de M\u00e9xico para Extranjeros<\/strong>.<\/p><p>Este programa est\u00e1 dirigido a personas extranjeras interesadas en realizar estudios en M\u00e9xico, en diversas \u00e1reas del conocimiento, bajo las siguientes modalidades:<\/p><ul><li>Licenciatura (movilidad acad\u00e9mica)<\/li><li>Maestr\u00eda completa o movilidad<\/li><li>Estancias de investigaci\u00f3n a nivel Doctorado y Posdoctorado.<\/li><\/ul><p>Con la participaci\u00f3n de m\u00e1s de\u00a0<strong>80 Instituciones de Educaci\u00f3n Superior mexicanas<\/strong>, el objetivo del programa es\u00a0<strong>contribuir al desarrollo de capital humano de alto nivel acad\u00e9mico<\/strong>, mediante el otorgamiento de becas para programas presenciales y de tiempo completo.<\/p><p>Para consultar los requisitos espec\u00edficos, procedimientos de postulaci\u00f3n, beneficios y fechas clave, puede acceder a la convocatoria en el siguiente enlace:<\/p><ul><li><a href=\"https:\/\/www.gob.mx\/amexcid\/acciones-y-programas\/becas-para-extranjeros-29785?state=published\">https:\/\/www.gob.mx\/amexcid\/acciones-y-programas\/becas-para-extranjeros-29785?state=published<\/a><\/li><\/ul>\t\t\t\t\t\t\t\t<\/div>\n\t\t\t\t<\/div>\n\t\t\t\t<\/div>\n\t\t\t\t\t<\/div>\n\t\t\t\t<\/div>\n\t\t\t\t<\/div>\n\t\t","protected":false},"excerpt":{"rendered":"<p>Titulares de las Oficinas InternacionalesUniversidades e Instituciones de Educaci\u00f3nSuperior asociadas a la ANUIESPresentes Por medio de la presente me permito hacerles llegar la siguiente informaci\u00f3n que recibimos de la Secretar\u00eda de Relaciones Exteriores sobre la Convocatoria 2025 del Programa de Becas de Excelencia del Gobierno de M\u00e9xico dirigido a personas extranjeras interesadas en realizar estudios [&hellip;]<\/p>\n","protected":false},"author":1,"featured_media":0,"parent":0,"menu_order":0,"comment_status":"closed","ping_status":"closed","template":"","meta":{"footnotes":""},"class_list":["post-3652","page","type-page","status-publish","hentry"],"yoast_head":"<!-- This site is optimized with the Yoast SEO plugin v27.3 - https:\/\/yoast.com\/product\/yoast-seo-wordpress\/ -->\n<title>Oficinas Internacionales asociadas ANUIES - Internacionalizaci\u00f3n<\/title>\n<meta name=\"robots\" content=\"index, follow, max-snippet:-1, max-image-preview:large, max-video-preview:-1\" \/>\n<link rel=\"canonical\" href=\"https:\/\/www.uic.mx\/internacionalizacion\/oficinas-internacionales-asociadas-anuies\/\" \/>\n<meta property=\"og:locale\" content=\"es_ES\" \/>\n<meta property=\"og:type\" content=\"article\" \/>\n<meta property=\"og:title\" content=\"Oficinas Internacionales asociadas ANUIES - Internacionalizaci\u00f3n\" \/>\n<meta property=\"og:description\" content=\"Titulares de las Oficinas InternacionalesUniversidades e Instituciones de Educaci\u00f3nSuperior asociadas a la ANUIESPresentes Por medio de la presente me permito hacerles llegar la siguiente informaci\u00f3n que recibimos de la Secretar\u00eda de Relaciones Exteriores sobre la Convocatoria 2025 del Programa de Becas de Excelencia del Gobierno de M\u00e9xico dirigido a personas extranjeras interesadas en realizar estudios [&hellip;]\" \/>\n<meta property=\"og:url\" content=\"https:\/\/www.uic.mx\/internacionalizacion\/oficinas-internacionales-asociadas-anuies\/\" \/>\n<meta property=\"og:site_name\" content=\"Internacionalizaci\u00f3n\" \/>\n<meta property=\"article:modified_time\" content=\"2025-08-06T16:06:14+00:00\" \/>\n<meta property=\"og:image\" content=\"https:\/\/www.uic.mx\/internacionalizacion\/wp-content\/uploads\/2025\/08\/relaciones-exteriores-logo.png\" \/>\n\t<meta property=\"og:image:width\" content=\"607\" \/>\n\t<meta property=\"og:image:height\" content=\"82\" \/>\n\t<meta property=\"og:image:type\" content=\"image\/png\" \/>\n<meta name=\"twitter:card\" content=\"summary_large_image\" \/>\n<meta name=\"twitter:label1\" content=\"Tiempo de lectura\" \/>\n\t<meta name=\"twitter:data1\" content=\"2 minutos\" \/>\n<script type=\"application\/ld+json\" class=\"yoast-schema-graph\">{\"@context\":\"https:\\\/\\\/schema.org\",\"@graph\":[{\"@type\":\"WebPage\",\"@id\":\"https:\\\/\\\/www.uic.mx\\\/internacionalizacion\\\/oficinas-internacionales-asociadas-anuies\\\/\",\"url\":\"https:\\\/\\\/www.uic.mx\\\/internacionalizacion\\\/oficinas-internacionales-asociadas-anuies\\\/\",\"name\":\"Oficinas Internacionales asociadas ANUIES - Internacionalizaci\u00f3n\",\"isPartOf\":{\"@id\":\"https:\\\/\\\/www.uic.mx\\\/internacionalizacion\\\/#website\"},\"primaryImageOfPage\":{\"@id\":\"https:\\\/\\\/www.uic.mx\\\/internacionalizacion\\\/oficinas-internacionales-asociadas-anuies\\\/#primaryimage\"},\"image\":{\"@id\":\"https:\\\/\\\/www.uic.mx\\\/internacionalizacion\\\/oficinas-internacionales-asociadas-anuies\\\/#primaryimage\"},\"thumbnailUrl\":\"https:\\\/\\\/www.uic.mx\\\/internacionalizacion\\\/wp-content\\\/uploads\\\/2025\\\/08\\\/relaciones-exteriores-logo-300x41.png\",\"datePublished\":\"2025-08-06T15:50:32+00:00\",\"dateModified\":\"2025-08-06T16:06:14+00:00\",\"breadcrumb\":{\"@id\":\"https:\\\/\\\/www.uic.mx\\\/internacionalizacion\\\/oficinas-internacionales-asociadas-anuies\\\/#breadcrumb\"},\"inLanguage\":\"es\",\"potentialAction\":[{\"@type\":\"ReadAction\",\"target\":[\"https:\\\/\\\/www.uic.mx\\\/internacionalizacion\\\/oficinas-internacionales-asociadas-anuies\\\/\"]}]},{\"@type\":\"ImageObject\",\"inLanguage\":\"es\",\"@id\":\"https:\\\/\\\/www.uic.mx\\\/internacionalizacion\\\/oficinas-internacionales-asociadas-anuies\\\/#primaryimage\",\"url\":\"https:\\\/\\\/www.uic.mx\\\/internacionalizacion\\\/wp-content\\\/uploads\\\/2025\\\/08\\\/relaciones-exteriores-logo.png\",\"contentUrl\":\"https:\\\/\\\/www.uic.mx\\\/internacionalizacion\\\/wp-content\\\/uploads\\\/2025\\\/08\\\/relaciones-exteriores-logo.png\",\"width\":607,\"height\":82},{\"@type\":\"BreadcrumbList\",\"@id\":\"https:\\\/\\\/www.uic.mx\\\/internacionalizacion\\\/oficinas-internacionales-asociadas-anuies\\\/#breadcrumb\",\"itemListElement\":[{\"@type\":\"ListItem\",\"position\":1,\"name\":\"Portada\",\"item\":\"https:\\\/\\\/www.uic.mx\\\/internacionalizacion\\\/\"},{\"@type\":\"ListItem\",\"position\":2,\"name\":\"Oficinas Internacionales asociadas ANUIES\"}]},{\"@type\":\"WebSite\",\"@id\":\"https:\\\/\\\/www.uic.mx\\\/internacionalizacion\\\/#website\",\"url\":\"https:\\\/\\\/www.uic.mx\\\/internacionalizacion\\\/\",\"name\":\"Internacionalizaci\u00f3n\",\"description\":\"\",\"publisher\":{\"@id\":\"https:\\\/\\\/www.uic.mx\\\/internacionalizacion\\\/#organization\"},\"potentialAction\":[{\"@type\":\"SearchAction\",\"target\":{\"@type\":\"EntryPoint\",\"urlTemplate\":\"https:\\\/\\\/www.uic.mx\\\/internacionalizacion\\\/?s={search_term_string}\"},\"query-input\":{\"@type\":\"PropertyValueSpecification\",\"valueRequired\":true,\"valueName\":\"search_term_string\"}}],\"inLanguage\":\"es\"},{\"@type\":\"Organization\",\"@id\":\"https:\\\/\\\/www.uic.mx\\\/internacionalizacion\\\/#organization\",\"name\":\"Internacionalizaci\u00f3n\",\"url\":\"https:\\\/\\\/www.uic.mx\\\/internacionalizacion\\\/\",\"logo\":{\"@type\":\"ImageObject\",\"inLanguage\":\"es\",\"@id\":\"https:\\\/\\\/www.uic.mx\\\/internacionalizacion\\\/#\\\/schema\\\/logo\\\/image\\\/\",\"url\":\"https:\\\/\\\/www.uic.mx\\\/internacionalizacion\\\/wp-content\\\/uploads\\\/2025\\\/02\\\/Logo-50-Universidad-Intercontinental-horizontal-blanco-scaled.png\",\"contentUrl\":\"https:\\\/\\\/www.uic.mx\\\/internacionalizacion\\\/wp-content\\\/uploads\\\/2025\\\/02\\\/Logo-50-Universidad-Intercontinental-horizontal-blanco-scaled.png\",\"width\":2560,\"height\":643,\"caption\":\"Internacionalizaci\u00f3n\"},\"image\":{\"@id\":\"https:\\\/\\\/www.uic.mx\\\/internacionalizacion\\\/#\\\/schema\\\/logo\\\/image\\\/\"}}]}<\/script>\n<!-- \/ Yoast SEO plugin. -->","yoast_head_json":{"title":"Oficinas Internacionales asociadas ANUIES - Internacionalizaci\u00f3n","robots":{"index":"index","follow":"follow","max-snippet":"max-snippet:-1","max-image-preview":"max-image-preview:large","max-video-preview":"max-video-preview:-1"},"canonical":"https:\/\/www.uic.mx\/internacionalizacion\/oficinas-internacionales-asociadas-anuies\/","og_locale":"es_ES","og_type":"article","og_title":"Oficinas Internacionales asociadas ANUIES - Internacionalizaci\u00f3n","og_description":"Titulares de las Oficinas InternacionalesUniversidades e Instituciones de Educaci\u00f3nSuperior asociadas a la ANUIESPresentes Por medio de la presente me permito hacerles llegar la siguiente informaci\u00f3n que recibimos de la Secretar\u00eda de Relaciones Exteriores sobre la Convocatoria 2025 del Programa de Becas de Excelencia del Gobierno de M\u00e9xico dirigido a personas extranjeras interesadas en realizar estudios [&hellip;]","og_url":"https:\/\/www.uic.mx\/internacionalizacion\/oficinas-internacionales-asociadas-anuies\/","og_site_name":"Internacionalizaci\u00f3n","article_modified_time":"2025-08-06T16:06:14+00:00","og_image":[{"width":607,"height":82,"url":"https:\/\/www.uic.mx\/internacionalizacion\/wp-content\/uploads\/2025\/08\/relaciones-exteriores-logo.png","type":"image\/png"}],"twitter_card":"summary_large_image","twitter_misc":{"Tiempo de lectura":"2 minutos"},"schema":{"@context":"https:\/\/schema.org","@graph":[{"@type":"WebPage","@id":"https:\/\/www.uic.mx\/internacionalizacion\/oficinas-internacionales-asociadas-anuies\/","url":"https:\/\/www.uic.mx\/internacionalizacion\/oficinas-internacionales-asociadas-anuies\/","name":"Oficinas Internacionales asociadas ANUIES - Internacionalizaci\u00f3n","isPartOf":{"@id":"https:\/\/www.uic.mx\/internacionalizacion\/#website"},"primaryImageOfPage":{"@id":"https:\/\/www.uic.mx\/internacionalizacion\/oficinas-internacionales-asociadas-anuies\/#primaryimage"},"image":{"@id":"https:\/\/www.uic.mx\/internacionalizacion\/oficinas-internacionales-asociadas-anuies\/#primaryimage"},"thumbnailUrl":"https:\/\/www.uic.mx\/internacionalizacion\/wp-content\/uploads\/2025\/08\/relaciones-exteriores-logo-300x41.png","datePublished":"2025-08-06T15:50:32+00:00","dateModified":"2025-08-06T16:06:14+00:00","breadcrumb":{"@id":"https:\/\/www.uic.mx\/internacionalizacion\/oficinas-internacionales-asociadas-anuies\/#breadcrumb"},"inLanguage":"es","potentialAction":[{"@type":"ReadAction","target":["https:\/\/www.uic.mx\/internacionalizacion\/oficinas-internacionales-asociadas-anuies\/"]}]},{"@type":"ImageObject","inLanguage":"es","@id":"https:\/\/www.uic.mx\/internacionalizacion\/oficinas-internacionales-asociadas-anuies\/#primaryimage","url":"https:\/\/www.uic.mx\/internacionalizacion\/wp-content\/uploads\/2025\/08\/relaciones-exteriores-logo.png","contentUrl":"https:\/\/www.uic.mx\/internacionalizacion\/wp-content\/uploads\/2025\/08\/relaciones-exteriores-logo.png","width":607,"height":82},{"@type":"BreadcrumbList","@id":"https:\/\/www.uic.mx\/internacionalizacion\/oficinas-internacionales-asociadas-anuies\/#breadcrumb","itemListElement":[{"@type":"ListItem","position":1,"name":"Portada","item":"https:\/\/www.uic.mx\/internacionalizacion\/"},{"@type":"ListItem","position":2,"name":"Oficinas Internacionales asociadas ANUIES"}]},{"@type":"WebSite","@id":"https:\/\/www.uic.mx\/internacionalizacion\/#website","url":"https:\/\/www.uic.mx\/internacionalizacion\/","name":"Internacionalizaci\u00f3n","description":"","publisher":{"@id":"https:\/\/www.uic.mx\/internacionalizacion\/#organization"},"potentialAction":[{"@type":"SearchAction","target":{"@type":"EntryPoint","urlTemplate":"https:\/\/www.uic.mx\/internacionalizacion\/?s={search_term_string}"},"query-input":{"@type":"PropertyValueSpecification","valueRequired":true,"valueName":"search_term_string"}}],"inLanguage":"es"},{"@type":"Organization","@id":"https:\/\/www.uic.mx\/internacionalizacion\/#organization","name":"Internacionalizaci\u00f3n","url":"https:\/\/www.uic.mx\/internacionalizacion\/","logo":{"@type":"ImageObject","inLanguage":"es","@id":"https:\/\/www.uic.mx\/internacionalizacion\/#\/schema\/logo\/image\/","url":"https:\/\/www.uic.mx\/internacionalizacion\/wp-content\/uploads\/2025\/02\/Logo-50-Universidad-Intercontinental-horizontal-blanco-scaled.png","contentUrl":"https:\/\/www.uic.mx\/internacionalizacion\/wp-content\/uploads\/2025\/02\/Logo-50-Universidad-Intercontinental-horizontal-blanco-scaled.png","width":2560,"height":643,"caption":"Internacionalizaci\u00f3n"},"image":{"@id":"https:\/\/www.uic.mx\/internacionalizacion\/#\/schema\/logo\/image\/"}}]}},"_links":{"self":[{"href":"https:\/\/www.uic.mx\/internacionalizacion\/wp-json\/wp\/v2\/pages\/3652","targetHints":{"allow":["GET"]}}],"collection":[{"href":"https:\/\/www.uic.mx\/internacionalizacion\/wp-json\/wp\/v2\/pages"}],"about":[{"href":"https:\/\/www.uic.mx\/internacionalizacion\/wp-json\/wp\/v2\/types\/page"}],"author":[{"embeddable":true,"href":"https:\/\/www.uic.mx\/internacionalizacion\/wp-json\/wp\/v2\/users\/1"}],"replies":[{"embeddable":true,"href":"https:\/\/www.uic.mx\/internacionalizacion\/wp-json\/wp\/v2\/comments?post=3652"}],"version-history":[{"count":22,"href":"https:\/\/www.uic.mx\/internacionalizacion\/wp-json\/wp\/v2\/pages\/3652\/revisions"}],"predecessor-version":[{"id":3676,"href":"https:\/\/www.uic.mx\/internacionalizacion\/wp-json\/wp\/v2\/pages\/3652\/revisions\/3676"}],"wp:attachment":[{"href":"https:\/\/www.uic.mx\/internacionalizacion\/wp-json\/wp\/v2\/media?parent=3652"}],"curies":[{"name":"wp","href":"https:\/\/api.w.org\/{rel}","templated":true}]}}