{"id":1088,"date":"2025-04-08T14:38:22","date_gmt":"2025-04-08T20:38:22","guid":{"rendered":"https:\/\/www.uic.mx\/investigacion\/?page_id=1088"},"modified":"2025-09-19T13:05:11","modified_gmt":"2025-09-19T19:05:11","slug":"noticias","status":"publish","type":"page","link":"https:\/\/www.uic.mx\/investigacion\/noticias\/","title":{"rendered":"Noticias"},"content":{"rendered":"\t\t<div data-elementor-type=\"wp-page\" data-elementor-id=\"1088\" class=\"elementor elementor-1088\" data-elementor-post-type=\"page\">\n\t\t\t\t<div class=\"elementor-element elementor-element-c7bfa75 e-con-full e-flex e-con e-parent\" data-id=\"c7bfa75\" data-element_type=\"container\" data-e-type=\"container\" data-settings=\"{&quot;background_background&quot;:&quot;classic&quot;}\">\n\t\t<div class=\"elementor-element elementor-element-b3e871c e-con-full e-flex e-con e-child\" data-id=\"b3e871c\" data-element_type=\"container\" data-e-type=\"container\">\n\t\t\t\t<\/div>\n\t\t\t\t<\/div>\n\t\t<div class=\"elementor-element elementor-element-9c7452e e-con-full e-flex e-con e-parent\" data-id=\"9c7452e\" data-element_type=\"container\" data-e-type=\"container\" data-settings=\"{&quot;background_background&quot;:&quot;gradient&quot;}\">\n\t\t<div class=\"elementor-element elementor-element-3a1e83d e-con-full e-flex e-con e-child\" data-id=\"3a1e83d\" data-element_type=\"container\" data-e-type=\"container\">\n\t\t\t\t<div class=\"elementor-element elementor-element-7fb6412 elementor-widget elementor-widget-heading\" data-id=\"7fb6412\" data-element_type=\"widget\" data-e-type=\"widget\" data-widget_type=\"heading.default\">\n\t\t\t\t<div class=\"elementor-widget-container\">\n\t\t\t\t\t<h1 class=\"elementor-heading-title elementor-size-default\">Noticias<\/h1>\t\t\t\t<\/div>\n\t\t\t\t<\/div>\n\t\t\t\t<\/div>\n\t\t\t\t<\/div>\n\t\t<div class=\"elementor-element elementor-element-92a8a87 e-con-full e-flex e-con e-parent\" data-id=\"92a8a87\" data-element_type=\"container\" data-e-type=\"container\" data-settings=\"{&quot;background_background&quot;:&quot;classic&quot;}\">\n\t\t<div class=\"elementor-element elementor-element-7204951 e-flex e-con-boxed e-con e-child\" data-id=\"7204951\" data-element_type=\"container\" data-e-type=\"container\">\n\t\t\t\t\t<div class=\"e-con-inner\">\n\t\t\t\t<div class=\"elementor-element elementor-element-2a94736 elementor-widget elementor-widget-image\" data-id=\"2a94736\" data-element_type=\"widget\" data-e-type=\"widget\" data-widget_type=\"image.default\">\n\t\t\t\t<div class=\"elementor-widget-container\">\n\t\t\t\t\t\t\t\t\t\t\t\t\t\t\t\t<a href=\"https:\/\/www.uic.mx\/investigacion\/wp-content\/uploads\/2025\/09\/convocatoria_Enlace_5.pdf\">\n\t\t\t\t\t\t\t<img fetchpriority=\"high\" decoding=\"async\" width=\"768\" height=\"761\" src=\"https:\/\/www.uic.mx\/investigacion\/wp-content\/uploads\/2025\/09\/investigacion-noticias-768x761.jpg\" class=\"attachment-medium_large size-medium_large wp-image-4220\" alt=\"\" srcset=\"https:\/\/www.uic.mx\/investigacion\/wp-content\/uploads\/2025\/09\/investigacion-noticias-768x761.jpg 768w, https:\/\/www.uic.mx\/investigacion\/wp-content\/uploads\/2025\/09\/investigacion-noticias-300x297.jpg 300w, https:\/\/www.uic.mx\/investigacion\/wp-content\/uploads\/2025\/09\/investigacion-noticias-150x150.jpg 150w, https:\/\/www.uic.mx\/investigacion\/wp-content\/uploads\/2025\/09\/investigacion-noticias.jpg 1024w\" sizes=\"(max-width: 768px) 100vw, 768px\" \/>\t\t\t\t\t\t\t\t<\/a>\n\t\t\t\t\t\t\t\t\t\t\t\t\t\t\t<\/div>\n\t\t\t\t<\/div>\n\t\t\t\t\t<\/div>\n\t\t\t\t<\/div>\n\t\t\t\t<\/div>\n\t\t<div class=\"elementor-element elementor-element-c3177e8 e-con-full e-flex e-con e-parent\" data-id=\"c3177e8\" data-element_type=\"container\" data-e-type=\"container\">\n\t\t<div class=\"elementor-element elementor-element-42348f5 e-con-full e-flex e-con e-child\" data-id=\"42348f5\" data-element_type=\"container\" data-e-type=\"container\">\n\t\t<div class=\"elementor-element elementor-element-31e3050 e-flex e-con-boxed e-con e-child\" data-id=\"31e3050\" data-element_type=\"container\" data-e-type=\"container\">\n\t\t\t\t\t<div class=\"e-con-inner\">\n\t\t\t\t<div class=\"elementor-element elementor-element-d0da7d8 elementor-widget elementor-widget-heading\" data-id=\"d0da7d8\" data-element_type=\"widget\" data-e-type=\"widget\" data-widget_type=\"heading.default\">\n\t\t\t\t<div class=\"elementor-widget-container\">\n\t\t\t\t\t<h2 class=\"elementor-heading-title elementor-size-default\">Convocatoria para el ingreso, permanencia o promoci\u00f3n en el Sistema Nacional de Investigadores 2022<\/h2>\t\t\t\t<\/div>\n\t\t\t\t<\/div>\n\t\t\t\t<div class=\"elementor-element elementor-element-6d11a69 elementor-align-center elementor-widget elementor-widget-button\" data-id=\"6d11a69\" data-element_type=\"widget\" data-e-type=\"widget\" data-widget_type=\"button.default\">\n\t\t\t\t<div class=\"elementor-widget-container\">\n\t\t\t\t\t\t\t\t\t<div class=\"elementor-button-wrapper\">\n\t\t\t\t\t<a class=\"elementor-button elementor-button-link elementor-size-sm\" href=\"https:\/\/conacyt.mx\/convocatorias\/convocatorias-sistema-nacional-de-investigadores-sni\/convocatoria-para-ingreso-permanencia-o-promocion-en-el-sistema-nacional-de-investigadores-2022\/\" target=\"_blank\">\n\t\t\t\t\t\t<span class=\"elementor-button-content-wrapper\">\n\t\t\t\t\t\t\t\t\t<span class=\"elementor-button-text\">ver convocatoria<\/span>\n\t\t\t\t\t<\/span>\n\t\t\t\t\t<\/a>\n\t\t\t\t<\/div>\n\t\t\t\t\t\t\t\t<\/div>\n\t\t\t\t<\/div>\n\t\t\t\t<div class=\"elementor-element elementor-element-d836243 elementor-widget elementor-widget-text-editor\" data-id=\"d836243\" data-element_type=\"widget\" data-e-type=\"widget\" data-widget_type=\"text-editor.default\">\n\t\t\t\t<div class=\"elementor-widget-container\">\n\t\t\t\t\t\t\t\t\t<p>A personas de cualquier nacionalidad que realicen actividades de investigaci\u00f3n human\u00edstica o cient\u00edfica, desarrollo tecnol\u00f3gico o innovaci\u00f3n en M\u00e9xico, y personas de nacionalidad mexicana que realicen actividades de investigaci\u00f3n human\u00edstica o cient\u00edfica, desarrollo tecnol\u00f3gico o innovaci\u00f3n en el extranjero a presentar su solicitud para ingresar, permanecer o promoverse en el Sistema Nacional de Investigadores, de conformidad con el Reglamento del Sistema Nacional de Investigadores y las Reglas de Operaci\u00f3n del Programa Sistema Nacional de Investigadores del Consejo Nacional de Ciencia y Tecnolog\u00eda.<\/p>\t\t\t\t\t\t\t\t<\/div>\n\t\t\t\t<\/div>\n\t\t\t\t\t<\/div>\n\t\t\t\t<\/div>\n\t\t\t\t<\/div>\n\t\t\t\t<\/div>\n\t\t<div class=\"elementor-element elementor-element-58d6330 e-con-full e-flex e-con e-parent\" data-id=\"58d6330\" data-element_type=\"container\" data-e-type=\"container\" data-settings=\"{&quot;background_background&quot;:&quot;gradient&quot;}\">\n\t\t<div class=\"elementor-element elementor-element-6b5b730 e-con-full e-flex e-con e-child\" data-id=\"6b5b730\" data-element_type=\"container\" data-e-type=\"container\">\n\t\t\t\t<div class=\"elementor-element elementor-element-9933b95 elementor-widget elementor-widget-heading\" data-id=\"9933b95\" data-element_type=\"widget\" data-e-type=\"widget\" data-widget_type=\"heading.default\">\n\t\t\t\t<div class=\"elementor-widget-container\">\n\t\t\t\t\t<h1 class=\"elementor-heading-title elementor-size-default\">HISTORIAL DE NOTICIAS UIC<\/h1>\t\t\t\t<\/div>\n\t\t\t\t<\/div>\n\t\t\t\t<\/div>\n\t\t\t\t<\/div>\n\t\t<div class=\"elementor-element elementor-element-98c3ac7 e-con-full e-flex e-con e-parent\" data-id=\"98c3ac7\" data-element_type=\"container\" data-e-type=\"container\">\n\t\t<div class=\"elementor-element elementor-element-bd85662 e-con-full e-flex e-con e-child\" data-id=\"bd85662\" data-element_type=\"container\" data-e-type=\"container\">\n\t\t<div class=\"elementor-element elementor-element-f0f520f e-flex e-con-boxed e-con e-child\" data-id=\"f0f520f\" data-element_type=\"container\" data-e-type=\"container\">\n\t\t\t\t\t<div class=\"e-con-inner\">\n\t\t\t\t<div class=\"elementor-element elementor-element-3eaf035 gallery-spacing-custom elementor-widget elementor-widget-image-gallery\" data-id=\"3eaf035\" data-element_type=\"widget\" data-e-type=\"widget\" data-widget_type=\"image-gallery.default\">\n\t\t\t\t<div class=\"elementor-widget-container\">\n\t\t\t\t\t\t\t<div class=\"elementor-image-gallery\">\n\t\t\t<div id='gallery-1' class='gallery galleryid-1088 gallery-columns-3 gallery-size-large'><figure class='gallery-item'>\n\t\t\t<div class='gallery-icon landscape'>\n\t\t\t\t<a data-elementor-open-lightbox=\"yes\" data-elementor-lightbox-slideshow=\"3eaf035\" data-elementor-lightbox-title=\"investigacion-noticias-pos\" data-e-action-hash=\"#elementor-action%3Aaction%3Dlightbox%26settings%3DeyJpZCI6NDI1OCwidXJsIjoiaHR0cHM6XC9cL3d3dy51aWMubXhcL2ludmVzdGlnYWNpb25cL3dwLWNvbnRlbnRcL3VwbG9hZHNcLzIwMjVcLzA5XC9pbnZlc3RpZ2FjaW9uLW5vdGljaWFzLXBvcy5qcGciLCJzbGlkZXNob3ciOiIzZWFmMDM1In0%3D\" href='https:\/\/www.uic.mx\/investigacion\/wp-content\/uploads\/2025\/09\/investigacion-noticias-pos.jpg'><img decoding=\"async\" width=\"800\" height=\"800\" src=\"https:\/\/www.uic.mx\/investigacion\/wp-content\/uploads\/2025\/09\/investigacion-noticias-pos.jpg\" class=\"attachment-large size-large\" alt=\"\" srcset=\"https:\/\/www.uic.mx\/investigacion\/wp-content\/uploads\/2025\/09\/investigacion-noticias-pos.jpg 1024w, https:\/\/www.uic.mx\/investigacion\/wp-content\/uploads\/2025\/09\/investigacion-noticias-pos-300x300.jpg 300w, https:\/\/www.uic.mx\/investigacion\/wp-content\/uploads\/2025\/09\/investigacion-noticias-pos-150x150.jpg 150w, https:\/\/www.uic.mx\/investigacion\/wp-content\/uploads\/2025\/09\/investigacion-noticias-pos-768x768.jpg 768w\" sizes=\"(max-width: 800px) 100vw, 800px\" \/><\/a>\n\t\t\t<\/div><\/figure><figure class='gallery-item'>\n\t\t\t<div class='gallery-icon landscape'>\n\t\t\t\t<a data-elementor-open-lightbox=\"yes\" data-elementor-lightbox-slideshow=\"3eaf035\" data-elementor-lightbox-title=\"investigacion-noticias-pos-libro\" data-e-action-hash=\"#elementor-action%3Aaction%3Dlightbox%26settings%3DeyJpZCI6NDI2MCwidXJsIjoiaHR0cHM6XC9cL3d3dy51aWMubXhcL2ludmVzdGlnYWNpb25cL3dwLWNvbnRlbnRcL3VwbG9hZHNcLzIwMjVcLzA5XC9pbnZlc3RpZ2FjaW9uLW5vdGljaWFzLXBvcy1saWJyby5qcGciLCJzbGlkZXNob3ciOiIzZWFmMDM1In0%3D\" href='https:\/\/www.uic.mx\/investigacion\/wp-content\/uploads\/2025\/09\/investigacion-noticias-pos-libro.jpg'><img decoding=\"async\" width=\"800\" height=\"780\" src=\"https:\/\/www.uic.mx\/investigacion\/wp-content\/uploads\/2025\/09\/investigacion-noticias-pos-libro.jpg\" class=\"attachment-large size-large\" alt=\"\" srcset=\"https:\/\/www.uic.mx\/investigacion\/wp-content\/uploads\/2025\/09\/investigacion-noticias-pos-libro.jpg 1024w, https:\/\/www.uic.mx\/investigacion\/wp-content\/uploads\/2025\/09\/investigacion-noticias-pos-libro-300x293.jpg 300w, https:\/\/www.uic.mx\/investigacion\/wp-content\/uploads\/2025\/09\/investigacion-noticias-pos-libro-768x749.jpg 768w\" sizes=\"(max-width: 800px) 100vw, 800px\" \/><\/a>\n\t\t\t<\/div><\/figure><figure class='gallery-item'>\n\t\t\t<div class='gallery-icon landscape'>\n\t\t\t\t<a data-elementor-open-lightbox=\"yes\" data-elementor-lightbox-slideshow=\"3eaf035\" data-elementor-lightbox-title=\"investigacion-noticias-lic\" data-e-action-hash=\"#elementor-action%3Aaction%3Dlightbox%26settings%3DeyJpZCI6NDI2MSwidXJsIjoiaHR0cHM6XC9cL3d3dy51aWMubXhcL2ludmVzdGlnYWNpb25cL3dwLWNvbnRlbnRcL3VwbG9hZHNcLzIwMjVcLzA5XC9pbnZlc3RpZ2FjaW9uLW5vdGljaWFzLWxpYy5qcGciLCJzbGlkZXNob3ciOiIzZWFmMDM1In0%3D\" href='https:\/\/www.uic.mx\/investigacion\/wp-content\/uploads\/2025\/09\/investigacion-noticias-lic.jpg'><img loading=\"lazy\" decoding=\"async\" width=\"800\" height=\"796\" src=\"https:\/\/www.uic.mx\/investigacion\/wp-content\/uploads\/2025\/09\/investigacion-noticias-lic.jpg\" class=\"attachment-large size-large\" alt=\"\" srcset=\"https:\/\/www.uic.mx\/investigacion\/wp-content\/uploads\/2025\/09\/investigacion-noticias-lic.jpg 1024w, https:\/\/www.uic.mx\/investigacion\/wp-content\/uploads\/2025\/09\/investigacion-noticias-lic-300x300.jpg 300w, https:\/\/www.uic.mx\/investigacion\/wp-content\/uploads\/2025\/09\/investigacion-noticias-lic-150x150.jpg 150w, https:\/\/www.uic.mx\/investigacion\/wp-content\/uploads\/2025\/09\/investigacion-noticias-lic-768x764.jpg 768w\" sizes=\"(max-width: 800px) 100vw, 800px\" \/><\/a>\n\t\t\t<\/div><\/figure><figure class='gallery-item'>\n\t\t\t<div class='gallery-icon landscape'>\n\t\t\t\t<a data-elementor-open-lightbox=\"yes\" data-elementor-lightbox-slideshow=\"3eaf035\" data-elementor-lightbox-title=\"investigacion-noticias-la-ciencia-der\" data-e-action-hash=\"#elementor-action%3Aaction%3Dlightbox%26settings%3DeyJpZCI6NDI2OCwidXJsIjoiaHR0cHM6XC9cL3d3dy51aWMubXhcL2ludmVzdGlnYWNpb25cL3dwLWNvbnRlbnRcL3VwbG9hZHNcLzIwMjVcLzA5XC9pbnZlc3RpZ2FjaW9uLW5vdGljaWFzLWxhLWNpZW5jaWEtZGVyLmpwZyIsInNsaWRlc2hvdyI6IjNlYWYwMzUifQ%3D%3D\" href='https:\/\/www.uic.mx\/investigacion\/wp-content\/uploads\/2025\/09\/investigacion-noticias-la-ciencia-der.jpg'><img loading=\"lazy\" decoding=\"async\" width=\"800\" height=\"800\" src=\"https:\/\/www.uic.mx\/investigacion\/wp-content\/uploads\/2025\/09\/investigacion-noticias-la-ciencia-der.jpg\" class=\"attachment-large size-large\" alt=\"\" srcset=\"https:\/\/www.uic.mx\/investigacion\/wp-content\/uploads\/2025\/09\/investigacion-noticias-la-ciencia-der.jpg 1024w, https:\/\/www.uic.mx\/investigacion\/wp-content\/uploads\/2025\/09\/investigacion-noticias-la-ciencia-der-300x300.jpg 300w, https:\/\/www.uic.mx\/investigacion\/wp-content\/uploads\/2025\/09\/investigacion-noticias-la-ciencia-der-150x150.jpg 150w, https:\/\/www.uic.mx\/investigacion\/wp-content\/uploads\/2025\/09\/investigacion-noticias-la-ciencia-der-768x768.jpg 768w\" sizes=\"(max-width: 800px) 100vw, 800px\" \/><\/a>\n\t\t\t<\/div><\/figure><figure class='gallery-item'>\n\t\t\t<div class='gallery-icon landscape'>\n\t\t\t\t<a data-elementor-open-lightbox=\"yes\" data-elementor-lightbox-slideshow=\"3eaf035\" data-elementor-lightbox-title=\"investigacion-noticias-pos-revista\" data-e-action-hash=\"#elementor-action%3Aaction%3Dlightbox%26settings%3DeyJpZCI6NDI4MiwidXJsIjoiaHR0cHM6XC9cL3d3dy51aWMubXhcL2ludmVzdGlnYWNpb25cL3dwLWNvbnRlbnRcL3VwbG9hZHNcLzIwMjVcLzA5XC9pbnZlc3RpZ2FjaW9uLW5vdGljaWFzLXBvcy1yZXZpc3RhLmpwZyIsInNsaWRlc2hvdyI6IjNlYWYwMzUifQ%3D%3D\" href='https:\/\/www.uic.mx\/investigacion\/wp-content\/uploads\/2025\/09\/investigacion-noticias-pos-revista.jpg'><img loading=\"lazy\" decoding=\"async\" width=\"564\" height=\"560\" src=\"https:\/\/www.uic.mx\/investigacion\/wp-content\/uploads\/2025\/09\/investigacion-noticias-pos-revista.jpg\" class=\"attachment-large size-large\" alt=\"\" srcset=\"https:\/\/www.uic.mx\/investigacion\/wp-content\/uploads\/2025\/09\/investigacion-noticias-pos-revista.jpg 564w, https:\/\/www.uic.mx\/investigacion\/wp-content\/uploads\/2025\/09\/investigacion-noticias-pos-revista-300x298.jpg 300w, https:\/\/www.uic.mx\/investigacion\/wp-content\/uploads\/2025\/09\/investigacion-noticias-pos-revista-150x150.jpg 150w\" sizes=\"(max-width: 564px) 100vw, 564px\" \/><\/a>\n\t\t\t<\/div><\/figure><figure class='gallery-item'>\n\t\t\t<div class='gallery-icon landscape'>\n\t\t\t\t<a data-elementor-open-lightbox=\"yes\" data-elementor-lightbox-slideshow=\"3eaf035\" data-elementor-lightbox-title=\"investigacion-noticias-pos-revista-inv\" data-e-action-hash=\"#elementor-action%3Aaction%3Dlightbox%26settings%3DeyJpZCI6NDI4NiwidXJsIjoiaHR0cHM6XC9cL3d3dy51aWMubXhcL2ludmVzdGlnYWNpb25cL3dwLWNvbnRlbnRcL3VwbG9hZHNcLzIwMjVcLzA5XC9pbnZlc3RpZ2FjaW9uLW5vdGljaWFzLXBvcy1yZXZpc3RhLWludi5wbmciLCJzbGlkZXNob3ciOiIzZWFmMDM1In0%3D\" href='https:\/\/www.uic.mx\/investigacion\/wp-content\/uploads\/2025\/09\/investigacion-noticias-pos-revista-inv.png'><img loading=\"lazy\" decoding=\"async\" width=\"537\" height=\"530\" src=\"https:\/\/www.uic.mx\/investigacion\/wp-content\/uploads\/2025\/09\/investigacion-noticias-pos-revista-inv.png\" class=\"attachment-large size-large\" alt=\"\" srcset=\"https:\/\/www.uic.mx\/investigacion\/wp-content\/uploads\/2025\/09\/investigacion-noticias-pos-revista-inv.png 537w, https:\/\/www.uic.mx\/investigacion\/wp-content\/uploads\/2025\/09\/investigacion-noticias-pos-revista-inv-300x296.png 300w\" sizes=\"(max-width: 537px) 100vw, 537px\" \/><\/a>\n\t\t\t<\/div><\/figure>\n\t\t<\/div>\n\t\t<\/div>\n\t\t\t\t\t\t<\/div>\n\t\t\t\t<\/div>\n\t\t\t\t\t<\/div>\n\t\t\t\t<\/div>\n\t\t\t\t<\/div>\n\t\t\t\t<\/div>\n\t\t\t\t<\/div>\n\t\t","protected":false},"excerpt":{"rendered":"<p>Noticias Convocatoria para el ingreso, permanencia o promoci\u00f3n en el Sistema Nacional de Investigadores 2022 ver convocatoria A personas de cualquier nacionalidad que realicen actividades de investigaci\u00f3n human\u00edstica o cient\u00edfica, desarrollo tecnol\u00f3gico o innovaci\u00f3n en M\u00e9xico, y personas de nacionalidad mexicana que realicen actividades de investigaci\u00f3n human\u00edstica o cient\u00edfica, desarrollo tecnol\u00f3gico o innovaci\u00f3n en el [&hellip;]<\/p>\n","protected":false},"author":1,"featured_media":0,"parent":0,"menu_order":0,"comment_status":"closed","ping_status":"closed","template":"","meta":{"footnotes":""},"class_list":["post-1088","page","type-page","status-publish","hentry"],"yoast_head":"<!-- This site is optimized with the Yoast SEO plugin v27.2 - https:\/\/yoast.com\/product\/yoast-seo-wordpress\/ -->\n<title>Noticias - Investigaci\u00f3n<\/title>\n<meta name=\"robots\" content=\"index, follow, max-snippet:-1, max-image-preview:large, max-video-preview:-1\" \/>\n<link rel=\"canonical\" href=\"https:\/\/www.uic.mx\/investigacion\/noticias\/\" \/>\n<meta property=\"og:locale\" content=\"es_ES\" \/>\n<meta property=\"og:type\" content=\"article\" \/>\n<meta property=\"og:title\" content=\"Noticias - Investigaci\u00f3n\" \/>\n<meta property=\"og:description\" content=\"Noticias Convocatoria para el ingreso, permanencia o promoci\u00f3n en el Sistema Nacional de Investigadores 2022 ver convocatoria A personas de cualquier nacionalidad que realicen actividades de investigaci\u00f3n human\u00edstica o cient\u00edfica, desarrollo tecnol\u00f3gico o innovaci\u00f3n en M\u00e9xico, y personas de nacionalidad mexicana que realicen actividades de investigaci\u00f3n human\u00edstica o cient\u00edfica, desarrollo tecnol\u00f3gico o innovaci\u00f3n en el [&hellip;]\" \/>\n<meta property=\"og:url\" content=\"https:\/\/www.uic.mx\/investigacion\/noticias\/\" \/>\n<meta property=\"og:site_name\" content=\"Investigaci\u00f3n\" \/>\n<meta property=\"article:modified_time\" content=\"2025-09-19T19:05:11+00:00\" \/>\n<meta property=\"og:image\" content=\"https:\/\/www.uic.mx\/investigacion\/wp-content\/uploads\/2025\/09\/investigacion-noticias.jpg\" \/>\n\t<meta property=\"og:image:width\" content=\"1024\" \/>\n\t<meta property=\"og:image:height\" content=\"1015\" \/>\n\t<meta property=\"og:image:type\" content=\"image\/jpeg\" \/>\n<meta name=\"twitter:card\" content=\"summary_large_image\" \/>\n<meta name=\"twitter:label1\" content=\"Tiempo de lectura\" \/>\n\t<meta name=\"twitter:data1\" content=\"1 minuto\" \/>\n<script type=\"application\/ld+json\" class=\"yoast-schema-graph\">{\"@context\":\"https:\/\/schema.org\",\"@graph\":[{\"@type\":\"WebPage\",\"@id\":\"https:\/\/www.uic.mx\/investigacion\/noticias\/\",\"url\":\"https:\/\/www.uic.mx\/investigacion\/noticias\/\",\"name\":\"Noticias - Investigaci\u00f3n\",\"isPartOf\":{\"@id\":\"https:\/\/www.uic.mx\/investigacion\/#website\"},\"primaryImageOfPage\":{\"@id\":\"https:\/\/www.uic.mx\/investigacion\/noticias\/#primaryimage\"},\"image\":{\"@id\":\"https:\/\/www.uic.mx\/investigacion\/noticias\/#primaryimage\"},\"thumbnailUrl\":\"https:\/\/www.uic.mx\/investigacion\/wp-content\/uploads\/2025\/09\/investigacion-noticias-768x761.jpg\",\"datePublished\":\"2025-04-08T20:38:22+00:00\",\"dateModified\":\"2025-09-19T19:05:11+00:00\",\"breadcrumb\":{\"@id\":\"https:\/\/www.uic.mx\/investigacion\/noticias\/#breadcrumb\"},\"inLanguage\":\"es\",\"potentialAction\":[{\"@type\":\"ReadAction\",\"target\":[\"https:\/\/www.uic.mx\/investigacion\/noticias\/\"]}]},{\"@type\":\"ImageObject\",\"inLanguage\":\"es\",\"@id\":\"https:\/\/www.uic.mx\/investigacion\/noticias\/#primaryimage\",\"url\":\"https:\/\/www.uic.mx\/investigacion\/wp-content\/uploads\/2025\/09\/investigacion-noticias.jpg\",\"contentUrl\":\"https:\/\/www.uic.mx\/investigacion\/wp-content\/uploads\/2025\/09\/investigacion-noticias.jpg\",\"width\":1024,\"height\":1015},{\"@type\":\"BreadcrumbList\",\"@id\":\"https:\/\/www.uic.mx\/investigacion\/noticias\/#breadcrumb\",\"itemListElement\":[{\"@type\":\"ListItem\",\"position\":1,\"name\":\"Portada\",\"item\":\"https:\/\/www.uic.mx\/investigacion\/\"},{\"@type\":\"ListItem\",\"position\":2,\"name\":\"Noticias\"}]},{\"@type\":\"WebSite\",\"@id\":\"https:\/\/www.uic.mx\/investigacion\/#website\",\"url\":\"https:\/\/www.uic.mx\/investigacion\/\",\"name\":\"Investigaci\u00f3n\",\"description\":\"\",\"publisher\":{\"@id\":\"https:\/\/www.uic.mx\/investigacion\/#organization\"},\"potentialAction\":[{\"@type\":\"SearchAction\",\"target\":{\"@type\":\"EntryPoint\",\"urlTemplate\":\"https:\/\/www.uic.mx\/investigacion\/?s={search_term_string}\"},\"query-input\":{\"@type\":\"PropertyValueSpecification\",\"valueRequired\":true,\"valueName\":\"search_term_string\"}}],\"inLanguage\":\"es\"},{\"@type\":\"Organization\",\"@id\":\"https:\/\/www.uic.mx\/investigacion\/#organization\",\"name\":\"Investigaci\u00f3n\",\"url\":\"https:\/\/www.uic.mx\/investigacion\/\",\"logo\":{\"@type\":\"ImageObject\",\"inLanguage\":\"es\",\"@id\":\"https:\/\/www.uic.mx\/investigacion\/#\/schema\/logo\/image\/\",\"url\":\"https:\/\/www.uic.mx\/investigacion\/wp-content\/uploads\/2025\/03\/Logo-50-Universidad-Intercontinental-horizontal-blanco-scaled.png\",\"contentUrl\":\"https:\/\/www.uic.mx\/investigacion\/wp-content\/uploads\/2025\/03\/Logo-50-Universidad-Intercontinental-horizontal-blanco-scaled.png\",\"width\":2560,\"height\":643,\"caption\":\"Investigaci\u00f3n\"},\"image\":{\"@id\":\"https:\/\/www.uic.mx\/investigacion\/#\/schema\/logo\/image\/\"}}]}<\/script>\n<!-- \/ Yoast SEO plugin. -->","yoast_head_json":{"title":"Noticias - Investigaci\u00f3n","robots":{"index":"index","follow":"follow","max-snippet":"max-snippet:-1","max-image-preview":"max-image-preview:large","max-video-preview":"max-video-preview:-1"},"canonical":"https:\/\/www.uic.mx\/investigacion\/noticias\/","og_locale":"es_ES","og_type":"article","og_title":"Noticias - Investigaci\u00f3n","og_description":"Noticias Convocatoria para el ingreso, permanencia o promoci\u00f3n en el Sistema Nacional de Investigadores 2022 ver convocatoria A personas de cualquier nacionalidad que realicen actividades de investigaci\u00f3n human\u00edstica o cient\u00edfica, desarrollo tecnol\u00f3gico o innovaci\u00f3n en M\u00e9xico, y personas de nacionalidad mexicana que realicen actividades de investigaci\u00f3n human\u00edstica o cient\u00edfica, desarrollo tecnol\u00f3gico o innovaci\u00f3n en el [&hellip;]","og_url":"https:\/\/www.uic.mx\/investigacion\/noticias\/","og_site_name":"Investigaci\u00f3n","article_modified_time":"2025-09-19T19:05:11+00:00","og_image":[{"width":1024,"height":1015,"url":"https:\/\/www.uic.mx\/investigacion\/wp-content\/uploads\/2025\/09\/investigacion-noticias.jpg","type":"image\/jpeg"}],"twitter_card":"summary_large_image","twitter_misc":{"Tiempo de lectura":"1 minuto"},"schema":{"@context":"https:\/\/schema.org","@graph":[{"@type":"WebPage","@id":"https:\/\/www.uic.mx\/investigacion\/noticias\/","url":"https:\/\/www.uic.mx\/investigacion\/noticias\/","name":"Noticias - Investigaci\u00f3n","isPartOf":{"@id":"https:\/\/www.uic.mx\/investigacion\/#website"},"primaryImageOfPage":{"@id":"https:\/\/www.uic.mx\/investigacion\/noticias\/#primaryimage"},"image":{"@id":"https:\/\/www.uic.mx\/investigacion\/noticias\/#primaryimage"},"thumbnailUrl":"https:\/\/www.uic.mx\/investigacion\/wp-content\/uploads\/2025\/09\/investigacion-noticias-768x761.jpg","datePublished":"2025-04-08T20:38:22+00:00","dateModified":"2025-09-19T19:05:11+00:00","breadcrumb":{"@id":"https:\/\/www.uic.mx\/investigacion\/noticias\/#breadcrumb"},"inLanguage":"es","potentialAction":[{"@type":"ReadAction","target":["https:\/\/www.uic.mx\/investigacion\/noticias\/"]}]},{"@type":"ImageObject","inLanguage":"es","@id":"https:\/\/www.uic.mx\/investigacion\/noticias\/#primaryimage","url":"https:\/\/www.uic.mx\/investigacion\/wp-content\/uploads\/2025\/09\/investigacion-noticias.jpg","contentUrl":"https:\/\/www.uic.mx\/investigacion\/wp-content\/uploads\/2025\/09\/investigacion-noticias.jpg","width":1024,"height":1015},{"@type":"BreadcrumbList","@id":"https:\/\/www.uic.mx\/investigacion\/noticias\/#breadcrumb","itemListElement":[{"@type":"ListItem","position":1,"name":"Portada","item":"https:\/\/www.uic.mx\/investigacion\/"},{"@type":"ListItem","position":2,"name":"Noticias"}]},{"@type":"WebSite","@id":"https:\/\/www.uic.mx\/investigacion\/#website","url":"https:\/\/www.uic.mx\/investigacion\/","name":"Investigaci\u00f3n","description":"","publisher":{"@id":"https:\/\/www.uic.mx\/investigacion\/#organization"},"potentialAction":[{"@type":"SearchAction","target":{"@type":"EntryPoint","urlTemplate":"https:\/\/www.uic.mx\/investigacion\/?s={search_term_string}"},"query-input":{"@type":"PropertyValueSpecification","valueRequired":true,"valueName":"search_term_string"}}],"inLanguage":"es"},{"@type":"Organization","@id":"https:\/\/www.uic.mx\/investigacion\/#organization","name":"Investigaci\u00f3n","url":"https:\/\/www.uic.mx\/investigacion\/","logo":{"@type":"ImageObject","inLanguage":"es","@id":"https:\/\/www.uic.mx\/investigacion\/#\/schema\/logo\/image\/","url":"https:\/\/www.uic.mx\/investigacion\/wp-content\/uploads\/2025\/03\/Logo-50-Universidad-Intercontinental-horizontal-blanco-scaled.png","contentUrl":"https:\/\/www.uic.mx\/investigacion\/wp-content\/uploads\/2025\/03\/Logo-50-Universidad-Intercontinental-horizontal-blanco-scaled.png","width":2560,"height":643,"caption":"Investigaci\u00f3n"},"image":{"@id":"https:\/\/www.uic.mx\/investigacion\/#\/schema\/logo\/image\/"}}]}},"_links":{"self":[{"href":"https:\/\/www.uic.mx\/investigacion\/wp-json\/wp\/v2\/pages\/1088","targetHints":{"allow":["GET"]}}],"collection":[{"href":"https:\/\/www.uic.mx\/investigacion\/wp-json\/wp\/v2\/pages"}],"about":[{"href":"https:\/\/www.uic.mx\/investigacion\/wp-json\/wp\/v2\/types\/page"}],"author":[{"embeddable":true,"href":"https:\/\/www.uic.mx\/investigacion\/wp-json\/wp\/v2\/users\/1"}],"replies":[{"embeddable":true,"href":"https:\/\/www.uic.mx\/investigacion\/wp-json\/wp\/v2\/comments?post=1088"}],"version-history":[{"count":79,"href":"https:\/\/www.uic.mx\/investigacion\/wp-json\/wp\/v2\/pages\/1088\/revisions"}],"predecessor-version":[{"id":4298,"href":"https:\/\/www.uic.mx\/investigacion\/wp-json\/wp\/v2\/pages\/1088\/revisions\/4298"}],"wp:attachment":[{"href":"https:\/\/www.uic.mx\/investigacion\/wp-json\/wp\/v2\/media?parent=1088"}],"curies":[{"name":"wp","href":"https:\/\/api.w.org\/{rel}","templated":true}]}}