{"id":1205,"date":"2025-04-09T10:39:35","date_gmt":"2025-04-09T16:39:35","guid":{"rendered":"https:\/\/www.uic.mx\/investigacion\/?page_id=1205"},"modified":"2025-09-19T10:26:06","modified_gmt":"2025-09-19T16:26:06","slug":"coordinacion-de-investigacion-en-salud","status":"publish","type":"page","link":"https:\/\/www.uic.mx\/investigacion\/coordinacion-de-investigacion-en-salud\/","title":{"rendered":"Coordinaci\u00f3n de investigaci\u00f3n en salud"},"content":{"rendered":"\t\t<div data-elementor-type=\"wp-page\" data-elementor-id=\"1205\" class=\"elementor elementor-1205\" data-elementor-post-type=\"page\">\n\t\t\t\t<div class=\"elementor-element elementor-element-aa35d66 e-con-full e-flex e-con e-parent\" data-id=\"aa35d66\" data-element_type=\"container\" data-e-type=\"container\" data-settings=\"{&quot;background_background&quot;:&quot;classic&quot;}\">\n\t\t<div class=\"elementor-element elementor-element-0fedb61 e-con-full e-flex e-con e-child\" data-id=\"0fedb61\" data-element_type=\"container\" data-e-type=\"container\" data-settings=\"{&quot;background_background&quot;:&quot;classic&quot;}\">\n\t\t\t\t<\/div>\n\t\t\t\t<\/div>\n\t\t<div class=\"elementor-element elementor-element-be66d1a e-con-full e-flex e-con e-parent\" data-id=\"be66d1a\" data-element_type=\"container\" data-e-type=\"container\">\n\t\t<div class=\"elementor-element elementor-element-70d7e7a e-con-full e-flex e-con e-child\" data-id=\"70d7e7a\" data-element_type=\"container\" data-e-type=\"container\" data-settings=\"{&quot;background_background&quot;:&quot;classic&quot;}\">\n\t\t<div class=\"elementor-element elementor-element-31f34fa e-con-full e-flex e-con e-child\" data-id=\"31f34fa\" data-element_type=\"container\" data-e-type=\"container\" data-settings=\"{&quot;background_background&quot;:&quot;classic&quot;}\">\n\t\t\t\t<div class=\"elementor-element elementor-element-0440d00 elementor-widget elementor-widget-heading\" data-id=\"0440d00\" data-element_type=\"widget\" data-e-type=\"widget\" data-widget_type=\"heading.default\">\n\t\t\t\t<div class=\"elementor-widget-container\">\n\t\t\t\t\t<h1 class=\"elementor-heading-title elementor-size-default\">Coordinaci\u00f3n de investigaci\u00f3n en salud<\/h1>\t\t\t\t<\/div>\n\t\t\t\t<\/div>\n\t\t\t\t<\/div>\n\t\t\t\t<\/div>\n\t\t\t\t<\/div>\n\t\t<div class=\"elementor-element elementor-element-5ff2347 e-flex e-con-boxed e-con e-parent\" data-id=\"5ff2347\" data-element_type=\"container\" data-e-type=\"container\">\n\t\t\t\t\t<div class=\"e-con-inner\">\n\t\t<div class=\"elementor-element elementor-element-5704280 e-grid e-con-full e-con e-child\" data-id=\"5704280\" data-element_type=\"container\" data-e-type=\"container\">\n\t\t<div class=\"elementor-element elementor-element-37fdc6d e-con-full e-flex e-con e-child\" data-id=\"37fdc6d\" data-element_type=\"container\" data-e-type=\"container\">\n\t\t\t\t<div class=\"elementor-element elementor-element-1b9178f elementor-widget elementor-widget-heading\" data-id=\"1b9178f\" data-element_type=\"widget\" data-e-type=\"widget\" data-widget_type=\"heading.default\">\n\t\t\t\t<div class=\"elementor-widget-container\">\n\t\t\t\t\t<h4 class=\"elementor-heading-title elementor-size-default\"><a href=\"\/investigacion\/wp-content\/uploads\/2025\/04\/coordinacion-de-Investigacion-en-Salud.pdf\">Presentaci\u00f3n de la Coordinaci\u00f3n<\/a><\/h4>\t\t\t\t<\/div>\n\t\t\t\t<\/div>\n\t\t\t\t<\/div>\n\t\t<div class=\"elementor-element elementor-element-77b0496 e-con-full e-flex e-con e-child\" data-id=\"77b0496\" data-element_type=\"container\" data-e-type=\"container\">\n\t\t\t\t<div class=\"elementor-element elementor-element-3692713 elementor-widget elementor-widget-heading\" data-id=\"3692713\" data-element_type=\"widget\" data-e-type=\"widget\" data-widget_type=\"heading.default\">\n\t\t\t\t<div class=\"elementor-widget-container\">\n\t\t\t\t\t<h4 class=\"elementor-heading-title elementor-size-default\"><a href=\"https:\/\/www.uic.mx\/investigacion\/catedra-diagnostico-atencion-e-intervencion-en-salud-integral-calidad-de-vida-y-grupos-vulnerables\/\">C\u00e1tedra de Investigaci\u00f3n: Diagn\u00f3stico e Intervenci\u00f3n a la Salud<\/a><\/h4>\t\t\t\t<\/div>\n\t\t\t\t<\/div>\n\t\t\t\t<\/div>\n\t\t\t\t<\/div>\n\t\t\t\t\t<\/div>\n\t\t\t\t<\/div>\n\t\t<div class=\"elementor-element elementor-element-e8edc82 e-flex e-con-boxed e-con e-parent\" data-id=\"e8edc82\" data-element_type=\"container\" data-e-type=\"container\">\n\t\t\t\t\t<div class=\"e-con-inner\">\n\t\t<div class=\"elementor-element elementor-element-f3387c5 e-con-full e-flex e-con e-child\" data-id=\"f3387c5\" data-element_type=\"container\" data-e-type=\"container\">\n\t\t\t\t<div class=\"elementor-element elementor-element-40cd512 elementor-widget elementor-widget-text-editor\" data-id=\"40cd512\" data-element_type=\"widget\" data-e-type=\"widget\" data-widget_type=\"text-editor.default\">\n\t\t\t\t<div class=\"elementor-widget-container\">\n\t\t\t\t\t\t\t\t\t<p>El equipo de Investigaci\u00f3n Internacional en Medicina Conductual y Salud Colectiva es un\u00a0dispositivo de la Divisi\u00f3n de Ciencias de la Salud que tiene el objetivo de impulsar a los\u00a0estudiantes de investigaci\u00f3n (psicolog\u00eda, nutrici\u00f3n y medicina odontol\u00f3gica) para\u00a0desarrollar proyectos, publicaciones y organizaci\u00f3n de eventos cient\u00edficos de forma\u00a0interdisciplinaria en conjunto con instituciones nacionales e internacionales, con la\u00a0finalidad de entender y dar respuestas a las diferentes problem\u00e1ticas relacionadas con la\u00a0salud mental individual y\/o colectiva.<\/p><p>Este equipo esta activo desde 2017, y esta asociado a la\u00a0<a href=\"https:\/\/redsacsic144900992.wpcomstaging.com\/\"><u>Red Internacional de Investigadores en salud colectiva y Salud Intercultural<\/u><\/a>.\u00a0<\/p>\t\t\t\t\t\t\t\t<\/div>\n\t\t\t\t<\/div>\n\t\t\t\t<\/div>\n\t\t<div class=\"elementor-element elementor-element-15bfd41 e-con-full e-flex e-con e-child\" data-id=\"15bfd41\" data-element_type=\"container\" data-e-type=\"container\">\n\t\t\t\t<div class=\"elementor-element elementor-element-70558bd elementor-widget elementor-widget-text-editor\" data-id=\"70558bd\" data-element_type=\"widget\" data-e-type=\"widget\" data-widget_type=\"text-editor.default\">\n\t\t\t\t<div class=\"elementor-widget-container\">\n\t\t\t\t\t\t\t\t\t<p>Contamos con la participaci\u00f3n de miembros internos, estudiantes e investigadores UIC, as\u00ed\u00a0como estudiantes e investigadores externos que tienen convenio con esta instituci\u00f3n.\u00a0Tambi\u00e9n funge como campo de pr\u00e1cticas profesionales y servicio social. Adem\u00e1s, es\u00a0espacio de diferentes estancias de investigaci\u00f3n para investigadores nacionales e\u00a0internacionales.<\/p><p><span style=\"font-family: Roboto, sans-serif;\">Para ser miembro, realizar pr\u00e1cticas o servicio social pueden ponerse en contacto con la\u00a0<\/span>coordinaci\u00f3n de investigaci\u00f3n en salud.<\/p>\t\t\t\t\t\t\t\t<\/div>\n\t\t\t\t<\/div>\n\t\t\t\t<div class=\"elementor-element elementor-element-c946a00 elementor-widget elementor-widget-text-editor\" data-id=\"c946a00\" data-element_type=\"widget\" data-e-type=\"widget\" data-widget_type=\"text-editor.default\">\n\t\t\t\t<div class=\"elementor-widget-container\">\n\t\t\t\t\t\t\t\t\t<p><span style=\"font-family: Roboto, sans-serif;\"><b>Contacto:<\/b>\u00a0<a href=\"mailto:william.oliveira@uic.edu.mx\"><u>william.oliveira@uic.edu.mx<\/u><\/a><\/span><\/p><p>\u00a0<\/p><p><span style=\"font-family: Roboto, sans-serif;\"><b>Red Social:<\/b>\u00a0<\/span><\/p>\t\t\t\t\t\t\t\t<\/div>\n\t\t\t\t<\/div>\n\t\t\t\t<div class=\"elementor-element elementor-element-313e147 elementor-view-default elementor-widget elementor-widget-icon\" data-id=\"313e147\" data-element_type=\"widget\" data-e-type=\"widget\" data-widget_type=\"icon.default\">\n\t\t\t\t<div class=\"elementor-widget-container\">\n\t\t\t\t\t\t\t<div class=\"elementor-icon-wrapper\">\n\t\t\t<a class=\"elementor-icon\" href=\"https:\/\/www.instagram.com\/investigacion.salud.uic\/\">\n\t\t\t<svg aria-hidden=\"true\" class=\"e-font-icon-svg e-fab-instagram\" viewBox=\"0 0 448 512\" xmlns=\"http:\/\/www.w3.org\/2000\/svg\"><path d=\"M224.1 141c-63.6 0-114.9 51.3-114.9 114.9s51.3 114.9 114.9 114.9S339 319.5 339 255.9 287.7 141 224.1 141zm0 189.6c-41.1 0-74.7-33.5-74.7-74.7s33.5-74.7 74.7-74.7 74.7 33.5 74.7 74.7-33.6 74.7-74.7 74.7zm146.4-194.3c0 14.9-12 26.8-26.8 26.8-14.9 0-26.8-12-26.8-26.8s12-26.8 26.8-26.8 26.8 12 26.8 26.8zm76.1 27.2c-1.7-35.9-9.9-67.7-36.2-93.9-26.2-26.2-58-34.4-93.9-36.2-37-2.1-147.9-2.1-184.9 0-35.8 1.7-67.6 9.9-93.9 36.1s-34.4 58-36.2 93.9c-2.1 37-2.1 147.9 0 184.9 1.7 35.9 9.9 67.7 36.2 93.9s58 34.4 93.9 36.2c37 2.1 147.9 2.1 184.9 0 35.9-1.7 67.7-9.9 93.9-36.2 26.2-26.2 34.4-58 36.2-93.9 2.1-37 2.1-147.8 0-184.8zM398.8 388c-7.8 19.6-22.9 34.7-42.6 42.6-29.5 11.7-99.5 9-132.1 9s-102.7 2.6-132.1-9c-19.6-7.8-34.7-22.9-42.6-42.6-11.7-29.5-9-99.5-9-132.1s-2.6-102.7 9-132.1c7.8-19.6 22.9-34.7 42.6-42.6 29.5-11.7 99.5-9 132.1-9s102.7-2.6 132.1 9c19.6 7.8 34.7 22.9 42.6 42.6 11.7 29.5 9 99.5 9 132.1s2.7 102.7-9 132.1z\"><\/path><\/svg>\t\t\t<\/a>\n\t\t<\/div>\n\t\t\t\t\t\t<\/div>\n\t\t\t\t<\/div>\n\t\t\t\t<\/div>\n\t\t\t\t\t<\/div>\n\t\t\t\t<\/div>\n\t\t<div class=\"elementor-element elementor-element-331ffa8 e-con-full e-flex e-con e-parent\" data-id=\"331ffa8\" data-element_type=\"container\" data-e-type=\"container\" data-settings=\"{&quot;background_background&quot;:&quot;gradient&quot;}\">\n\t\t<div class=\"elementor-element elementor-element-04407cf e-flex e-con-boxed e-con e-child\" data-id=\"04407cf\" data-element_type=\"container\" data-e-type=\"container\">\n\t\t\t\t\t<div class=\"e-con-inner\">\n\t\t<div class=\"elementor-element elementor-element-deb9d99 e-flex e-con-boxed e-con e-child\" data-id=\"deb9d99\" data-element_type=\"container\" data-e-type=\"container\">\n\t\t\t\t\t<div class=\"e-con-inner\">\n\t\t\t\t<div class=\"elementor-element elementor-element-417cecf elementor-widget elementor-widget-heading\" data-id=\"417cecf\" data-element_type=\"widget\" data-e-type=\"widget\" data-widget_type=\"heading.default\">\n\t\t\t\t<div class=\"elementor-widget-container\">\n\t\t\t\t\t<h1 class=\"elementor-heading-title elementor-size-default\">Revista Intercontinental: Psicolog\u00eda y Educaci\u00f3n<\/h1>\t\t\t\t<\/div>\n\t\t\t\t<\/div>\n\t\t<div class=\"elementor-element elementor-element-230ce15 e-con-full e-flex e-con e-child\" data-id=\"230ce15\" data-element_type=\"container\" data-e-type=\"container\">\n\t\t<div class=\"elementor-element elementor-element-d065e96 e-con-full e-flex e-con e-child\" data-id=\"d065e96\" data-element_type=\"container\" data-e-type=\"container\">\n\t\t\t\t<div class=\"elementor-element elementor-element-9727e14 elementor-widget elementor-widget-text-editor\" data-id=\"9727e14\" data-element_type=\"widget\" data-e-type=\"widget\" data-widget_type=\"text-editor.default\">\n\t\t\t\t<div class=\"elementor-widget-container\">\n\t\t\t\t\t\t\t\t\t<p>Es una revista editada por la Universidad Intercontinental, es un producto de la Divisi\u00f3n de Ciencias de la Salud y cuenta con m\u00e1s de 30 a\u00f1os en la difusi\u00f3n del conocimiento cient\u00edfico. Promueve el di\u00e1logo entre investigadores, acad\u00e9micos y estudiantes de la educaci\u00f3n y de la psicolog\u00eda.<\/p><p>En ella se busca discutir y dar luz a hallazgos e investigaciones innovadoras y de actualidad mediante la publicaci\u00f3n de art\u00edculos cient\u00edficos de \u00edndole cuantitativa y cualitativa, as\u00ed como reportes de caso y revisiones sistem\u00e1ticas.\u00a0<i>Psicolog\u00eda y Educaci\u00f3n\u00a0<\/i>es una revista arbitrada y de periodicidad semestral; con manuscritos en espa\u00f1ol, ingl\u00e9s y portug\u00e9s. Este esfuerzo editorial se encuentre en los siguientes \u00edndices: Redalyc, Latindex, Clase, ebsco, iresie, PsycINFO y Journalbase.\u00a0<\/p>\t\t\t\t\t\t\t\t<\/div>\n\t\t\t\t<\/div>\n\t\t\t\t<\/div>\n\t\t<div class=\"elementor-element elementor-element-6a7b5f2 e-con-full e-flex e-con e-child\" data-id=\"6a7b5f2\" data-element_type=\"container\" data-e-type=\"container\">\n\t\t\t\t<div class=\"elementor-element elementor-element-abf73d1 elementor-widget elementor-widget-heading\" data-id=\"abf73d1\" data-element_type=\"widget\" data-e-type=\"widget\" data-widget_type=\"heading.default\">\n\t\t\t\t<div class=\"elementor-widget-container\">\n\t\t\t\t\t<h2 class=\"elementor-heading-title elementor-size-default\">Acceso a las ediciones:<\/h2>\t\t\t\t<\/div>\n\t\t\t\t<\/div>\n\t\t\t\t<div class=\"elementor-element elementor-element-f2df7e1 elementor-align-center elementor-widget elementor-widget-button\" data-id=\"f2df7e1\" data-element_type=\"widget\" data-e-type=\"widget\" data-widget_type=\"button.default\">\n\t\t\t\t<div class=\"elementor-widget-container\">\n\t\t\t\t\t\t\t\t\t<div class=\"elementor-button-wrapper\">\n\t\t\t\t\t<a class=\"elementor-button elementor-button-link elementor-size-sm\" href=\"#\">\n\t\t\t\t\t\t<span class=\"elementor-button-content-wrapper\">\n\t\t\t\t\t\t\t\t\t<span class=\"elementor-button-text\">Ver Revista<\/span>\n\t\t\t\t\t<\/span>\n\t\t\t\t\t<\/a>\n\t\t\t\t<\/div>\n\t\t\t\t\t\t\t\t<\/div>\n\t\t\t\t<\/div>\n\t\t\t\t<div class=\"elementor-element elementor-element-c410fc0 elementor-widget elementor-widget-text-editor\" data-id=\"c410fc0\" data-element_type=\"widget\" data-e-type=\"widget\" data-widget_type=\"text-editor.default\">\n\t\t\t\t<div class=\"elementor-widget-container\">\n\t\t\t\t\t\t\t\t\t<p><b>Red Social:<\/b>\u00a0<\/p>\t\t\t\t\t\t\t\t<\/div>\n\t\t\t\t<\/div>\n\t\t\t\t<div class=\"elementor-element elementor-element-1ada01b elementor-view-default elementor-widget elementor-widget-icon\" data-id=\"1ada01b\" data-element_type=\"widget\" data-e-type=\"widget\" data-widget_type=\"icon.default\">\n\t\t\t\t<div class=\"elementor-widget-container\">\n\t\t\t\t\t\t\t<div class=\"elementor-icon-wrapper\">\n\t\t\t<a class=\"elementor-icon\" href=\"https:\/\/www.facebook.com\/RevistaIntercontinentalDePsicologiaYEducacion\/\">\n\t\t\t<svg aria-hidden=\"true\" class=\"e-font-icon-svg e-fab-facebook\" viewBox=\"0 0 512 512\" xmlns=\"http:\/\/www.w3.org\/2000\/svg\"><path d=\"M504 256C504 119 393 8 256 8S8 119 8 256c0 123.78 90.69 226.38 209.25 245V327.69h-63V256h63v-54.64c0-62.15 37-96.48 93.67-96.48 27.14 0 55.52 4.84 55.52 4.84v61h-31.28c-30.8 0-40.41 19.12-40.41 38.73V256h68.78l-11 71.69h-57.78V501C413.31 482.38 504 379.78 504 256z\"><\/path><\/svg>\t\t\t<\/a>\n\t\t<\/div>\n\t\t\t\t\t\t<\/div>\n\t\t\t\t<\/div>\n\t\t\t\t<div class=\"elementor-element elementor-element-2593771 elementor-widget elementor-widget-text-editor\" data-id=\"2593771\" data-element_type=\"widget\" data-e-type=\"widget\" data-widget_type=\"text-editor.default\">\n\t\t\t\t<div class=\"elementor-widget-container\">\n\t\t\t\t\t\t\t\t\t<p><b>Informes:<\/b>\u00a0<a href=\"mailto:ripsiedu@uic.edu.mx\">ripsiedu@uic.edu.mx<\/a><\/p>\t\t\t\t\t\t\t\t<\/div>\n\t\t\t\t<\/div>\n\t\t\t\t<\/div>\n\t\t\t\t<\/div>\n\t\t\t\t\t<\/div>\n\t\t\t\t<\/div>\n\t\t\t\t\t<\/div>\n\t\t\t\t<\/div>\n\t\t\t\t<\/div>\n\t\t<div class=\"elementor-element elementor-element-4af1b47 e-flex e-con-boxed e-con e-parent\" data-id=\"4af1b47\" data-element_type=\"container\" data-e-type=\"container\" data-settings=\"{&quot;background_background&quot;:&quot;gradient&quot;}\">\n\t\t\t\t\t<div class=\"e-con-inner\">\n\t\t<div class=\"elementor-element elementor-element-7915b08 e-con-full e-flex e-con e-child\" data-id=\"7915b08\" data-element_type=\"container\" data-e-type=\"container\">\n\t\t\t\t<div class=\"elementor-element elementor-element-23bf8f1 elementor-widget elementor-widget-heading\" data-id=\"23bf8f1\" data-element_type=\"widget\" data-e-type=\"widget\" data-widget_type=\"heading.default\">\n\t\t\t\t<div class=\"elementor-widget-container\">\n\t\t\t\t\t<h2 class=\"elementor-heading-title elementor-size-default\">Comit\u00e9 de Bio\u00e9tica<\/h2>\t\t\t\t<\/div>\n\t\t\t\t<\/div>\n\t\t\t\t<div class=\"elementor-element elementor-element-fc0fc0a elementor-widget elementor-widget-text-editor\" data-id=\"fc0fc0a\" data-element_type=\"widget\" data-e-type=\"widget\" data-widget_type=\"text-editor.default\">\n\t\t\t\t<div class=\"elementor-widget-container\">\n\t\t\t\t\t\t\t\t\t<p>El Comit\u00e9 de Bio\u00e9tica de la Universidad Intercontinental tiene las siguientes funciones:<\/p><p>\u00a0<\/p><ul><li>Establecer los lineamientos para la evaluaci\u00f3n de protocolos y\/o proyectos de investigaci\u00f3n en la Universidad Intercontinental.<\/li><li>Evaluar la calidad t\u00e9cnica y metodolog\u00eda cient\u00edfica de los protocolos de\u00a0investigaci\u00f3n que se presenten ante el Comit\u00e9 por alumnos o investigadores de la Universidad Intercontinental.<\/li><li>Trabajar de manera coordinada con la Direcci\u00f3n de Investigaci\u00f3n de la\u00a0Universidad Intercontinental.<\/li><\/ul>\t\t\t\t\t\t\t\t<\/div>\n\t\t\t\t<\/div>\n\t\t\t\t<div class=\"elementor-element elementor-element-c332e18 elementor-widget elementor-widget-text-editor\" data-id=\"c332e18\" data-element_type=\"widget\" data-e-type=\"widget\" data-widget_type=\"text-editor.default\">\n\t\t\t\t<div class=\"elementor-widget-container\">\n\t\t\t\t\t\t\t\t\t<div><strong><i>Integrantes del Comit\u00e9:<\/i><\/strong><\/div><div><i>\u00a0<\/i><\/div><div><div>\u00a0 \u00a0 \u00a0 <strong>Coordinador de Investigaci\u00f3n\u00a0en Salud <\/strong>\u2013 Dr. William Alves de Oliveira<\/div><div>\u00a0 \u00a0 \u00a0 \u00a0<strong>Secretario<\/strong> \u2013\u00a0Dra. Leonor Alejandra Garc\u00eda G\u00f3mez<\/div><div>\u00a0 \u00a0 \u00a0 \u00a0<strong>Vocal 2<\/strong> \u2013\u00a0Mtra. Montserrat Escuadra Landeros<\/div><\/div>\t\t\t\t\t\t\t\t<\/div>\n\t\t\t\t<\/div>\n\t\t\t\t<\/div>\n\t\t\t\t\t<\/div>\n\t\t\t\t<\/div>\n\t\t\t\t<\/div>\n\t\t","protected":false},"excerpt":{"rendered":"<p>Coordinaci\u00f3n de investigaci\u00f3n en salud Presentaci\u00f3n de la Coordinaci\u00f3n C\u00e1tedra de Investigaci\u00f3n: Diagn\u00f3stico e Intervenci\u00f3n a la Salud El equipo de Investigaci\u00f3n Internacional en Medicina Conductual y Salud Colectiva es un\u00a0dispositivo de la Divisi\u00f3n de Ciencias de la Salud que tiene el objetivo de impulsar a los\u00a0estudiantes de investigaci\u00f3n (psicolog\u00eda, nutrici\u00f3n y medicina odontol\u00f3gica) para\u00a0desarrollar [&hellip;]<\/p>\n","protected":false},"author":1,"featured_media":0,"parent":0,"menu_order":0,"comment_status":"closed","ping_status":"closed","template":"","meta":{"footnotes":""},"class_list":["post-1205","page","type-page","status-publish","hentry"],"yoast_head":"<!-- This site is optimized with the Yoast SEO plugin v27.2 - https:\/\/yoast.com\/product\/yoast-seo-wordpress\/ -->\n<title>Coordinaci\u00f3n de investigaci\u00f3n en salud - Investigaci\u00f3n<\/title>\n<meta name=\"robots\" content=\"index, follow, max-snippet:-1, max-image-preview:large, max-video-preview:-1\" \/>\n<link rel=\"canonical\" href=\"https:\/\/www.uic.mx\/investigacion\/coordinacion-de-investigacion-en-salud\/\" \/>\n<meta property=\"og:locale\" content=\"es_ES\" \/>\n<meta property=\"og:type\" content=\"article\" \/>\n<meta property=\"og:title\" content=\"Coordinaci\u00f3n de investigaci\u00f3n en salud - Investigaci\u00f3n\" \/>\n<meta property=\"og:description\" content=\"Coordinaci\u00f3n de investigaci\u00f3n en salud Presentaci\u00f3n de la Coordinaci\u00f3n C\u00e1tedra de Investigaci\u00f3n: Diagn\u00f3stico e Intervenci\u00f3n a la Salud El equipo de Investigaci\u00f3n Internacional en Medicina Conductual y Salud Colectiva es un\u00a0dispositivo de la Divisi\u00f3n de Ciencias de la Salud que tiene el objetivo de impulsar a los\u00a0estudiantes de investigaci\u00f3n (psicolog\u00eda, nutrici\u00f3n y medicina odontol\u00f3gica) para\u00a0desarrollar [&hellip;]\" \/>\n<meta property=\"og:url\" content=\"https:\/\/www.uic.mx\/investigacion\/coordinacion-de-investigacion-en-salud\/\" \/>\n<meta property=\"og:site_name\" content=\"Investigaci\u00f3n\" \/>\n<meta property=\"article:modified_time\" content=\"2025-09-19T16:26:06+00:00\" \/>\n<meta name=\"twitter:card\" content=\"summary_large_image\" \/>\n<meta name=\"twitter:label1\" content=\"Tiempo de lectura\" \/>\n\t<meta name=\"twitter:data1\" content=\"2 minutos\" \/>\n<script type=\"application\/ld+json\" class=\"yoast-schema-graph\">{\"@context\":\"https:\/\/schema.org\",\"@graph\":[{\"@type\":\"WebPage\",\"@id\":\"https:\/\/www.uic.mx\/investigacion\/coordinacion-de-investigacion-en-salud\/\",\"url\":\"https:\/\/www.uic.mx\/investigacion\/coordinacion-de-investigacion-en-salud\/\",\"name\":\"Coordinaci\u00f3n de investigaci\u00f3n en salud - Investigaci\u00f3n\",\"isPartOf\":{\"@id\":\"https:\/\/www.uic.mx\/investigacion\/#website\"},\"datePublished\":\"2025-04-09T16:39:35+00:00\",\"dateModified\":\"2025-09-19T16:26:06+00:00\",\"breadcrumb\":{\"@id\":\"https:\/\/www.uic.mx\/investigacion\/coordinacion-de-investigacion-en-salud\/#breadcrumb\"},\"inLanguage\":\"es\",\"potentialAction\":[{\"@type\":\"ReadAction\",\"target\":[\"https:\/\/www.uic.mx\/investigacion\/coordinacion-de-investigacion-en-salud\/\"]}]},{\"@type\":\"BreadcrumbList\",\"@id\":\"https:\/\/www.uic.mx\/investigacion\/coordinacion-de-investigacion-en-salud\/#breadcrumb\",\"itemListElement\":[{\"@type\":\"ListItem\",\"position\":1,\"name\":\"Portada\",\"item\":\"https:\/\/www.uic.mx\/investigacion\/\"},{\"@type\":\"ListItem\",\"position\":2,\"name\":\"Coordinaci\u00f3n de investigaci\u00f3n en salud\"}]},{\"@type\":\"WebSite\",\"@id\":\"https:\/\/www.uic.mx\/investigacion\/#website\",\"url\":\"https:\/\/www.uic.mx\/investigacion\/\",\"name\":\"Investigaci\u00f3n\",\"description\":\"\",\"publisher\":{\"@id\":\"https:\/\/www.uic.mx\/investigacion\/#organization\"},\"potentialAction\":[{\"@type\":\"SearchAction\",\"target\":{\"@type\":\"EntryPoint\",\"urlTemplate\":\"https:\/\/www.uic.mx\/investigacion\/?s={search_term_string}\"},\"query-input\":{\"@type\":\"PropertyValueSpecification\",\"valueRequired\":true,\"valueName\":\"search_term_string\"}}],\"inLanguage\":\"es\"},{\"@type\":\"Organization\",\"@id\":\"https:\/\/www.uic.mx\/investigacion\/#organization\",\"name\":\"Investigaci\u00f3n\",\"url\":\"https:\/\/www.uic.mx\/investigacion\/\",\"logo\":{\"@type\":\"ImageObject\",\"inLanguage\":\"es\",\"@id\":\"https:\/\/www.uic.mx\/investigacion\/#\/schema\/logo\/image\/\",\"url\":\"https:\/\/www.uic.mx\/investigacion\/wp-content\/uploads\/2025\/03\/Logo-50-Universidad-Intercontinental-horizontal-blanco-scaled.png\",\"contentUrl\":\"https:\/\/www.uic.mx\/investigacion\/wp-content\/uploads\/2025\/03\/Logo-50-Universidad-Intercontinental-horizontal-blanco-scaled.png\",\"width\":2560,\"height\":643,\"caption\":\"Investigaci\u00f3n\"},\"image\":{\"@id\":\"https:\/\/www.uic.mx\/investigacion\/#\/schema\/logo\/image\/\"}}]}<\/script>\n<!-- \/ Yoast SEO plugin. -->","yoast_head_json":{"title":"Coordinaci\u00f3n de investigaci\u00f3n en salud - Investigaci\u00f3n","robots":{"index":"index","follow":"follow","max-snippet":"max-snippet:-1","max-image-preview":"max-image-preview:large","max-video-preview":"max-video-preview:-1"},"canonical":"https:\/\/www.uic.mx\/investigacion\/coordinacion-de-investigacion-en-salud\/","og_locale":"es_ES","og_type":"article","og_title":"Coordinaci\u00f3n de investigaci\u00f3n en salud - Investigaci\u00f3n","og_description":"Coordinaci\u00f3n de investigaci\u00f3n en salud Presentaci\u00f3n de la Coordinaci\u00f3n C\u00e1tedra de Investigaci\u00f3n: Diagn\u00f3stico e Intervenci\u00f3n a la Salud El equipo de Investigaci\u00f3n Internacional en Medicina Conductual y Salud Colectiva es un\u00a0dispositivo de la Divisi\u00f3n de Ciencias de la Salud que tiene el objetivo de impulsar a los\u00a0estudiantes de investigaci\u00f3n (psicolog\u00eda, nutrici\u00f3n y medicina odontol\u00f3gica) para\u00a0desarrollar [&hellip;]","og_url":"https:\/\/www.uic.mx\/investigacion\/coordinacion-de-investigacion-en-salud\/","og_site_name":"Investigaci\u00f3n","article_modified_time":"2025-09-19T16:26:06+00:00","twitter_card":"summary_large_image","twitter_misc":{"Tiempo de lectura":"2 minutos"},"schema":{"@context":"https:\/\/schema.org","@graph":[{"@type":"WebPage","@id":"https:\/\/www.uic.mx\/investigacion\/coordinacion-de-investigacion-en-salud\/","url":"https:\/\/www.uic.mx\/investigacion\/coordinacion-de-investigacion-en-salud\/","name":"Coordinaci\u00f3n de investigaci\u00f3n en salud - Investigaci\u00f3n","isPartOf":{"@id":"https:\/\/www.uic.mx\/investigacion\/#website"},"datePublished":"2025-04-09T16:39:35+00:00","dateModified":"2025-09-19T16:26:06+00:00","breadcrumb":{"@id":"https:\/\/www.uic.mx\/investigacion\/coordinacion-de-investigacion-en-salud\/#breadcrumb"},"inLanguage":"es","potentialAction":[{"@type":"ReadAction","target":["https:\/\/www.uic.mx\/investigacion\/coordinacion-de-investigacion-en-salud\/"]}]},{"@type":"BreadcrumbList","@id":"https:\/\/www.uic.mx\/investigacion\/coordinacion-de-investigacion-en-salud\/#breadcrumb","itemListElement":[{"@type":"ListItem","position":1,"name":"Portada","item":"https:\/\/www.uic.mx\/investigacion\/"},{"@type":"ListItem","position":2,"name":"Coordinaci\u00f3n de investigaci\u00f3n en salud"}]},{"@type":"WebSite","@id":"https:\/\/www.uic.mx\/investigacion\/#website","url":"https:\/\/www.uic.mx\/investigacion\/","name":"Investigaci\u00f3n","description":"","publisher":{"@id":"https:\/\/www.uic.mx\/investigacion\/#organization"},"potentialAction":[{"@type":"SearchAction","target":{"@type":"EntryPoint","urlTemplate":"https:\/\/www.uic.mx\/investigacion\/?s={search_term_string}"},"query-input":{"@type":"PropertyValueSpecification","valueRequired":true,"valueName":"search_term_string"}}],"inLanguage":"es"},{"@type":"Organization","@id":"https:\/\/www.uic.mx\/investigacion\/#organization","name":"Investigaci\u00f3n","url":"https:\/\/www.uic.mx\/investigacion\/","logo":{"@type":"ImageObject","inLanguage":"es","@id":"https:\/\/www.uic.mx\/investigacion\/#\/schema\/logo\/image\/","url":"https:\/\/www.uic.mx\/investigacion\/wp-content\/uploads\/2025\/03\/Logo-50-Universidad-Intercontinental-horizontal-blanco-scaled.png","contentUrl":"https:\/\/www.uic.mx\/investigacion\/wp-content\/uploads\/2025\/03\/Logo-50-Universidad-Intercontinental-horizontal-blanco-scaled.png","width":2560,"height":643,"caption":"Investigaci\u00f3n"},"image":{"@id":"https:\/\/www.uic.mx\/investigacion\/#\/schema\/logo\/image\/"}}]}},"_links":{"self":[{"href":"https:\/\/www.uic.mx\/investigacion\/wp-json\/wp\/v2\/pages\/1205","targetHints":{"allow":["GET"]}}],"collection":[{"href":"https:\/\/www.uic.mx\/investigacion\/wp-json\/wp\/v2\/pages"}],"about":[{"href":"https:\/\/www.uic.mx\/investigacion\/wp-json\/wp\/v2\/types\/page"}],"author":[{"embeddable":true,"href":"https:\/\/www.uic.mx\/investigacion\/wp-json\/wp\/v2\/users\/1"}],"replies":[{"embeddable":true,"href":"https:\/\/www.uic.mx\/investigacion\/wp-json\/wp\/v2\/comments?post=1205"}],"version-history":[{"count":214,"href":"https:\/\/www.uic.mx\/investigacion\/wp-json\/wp\/v2\/pages\/1205\/revisions"}],"predecessor-version":[{"id":4218,"href":"https:\/\/www.uic.mx\/investigacion\/wp-json\/wp\/v2\/pages\/1205\/revisions\/4218"}],"wp:attachment":[{"href":"https:\/\/www.uic.mx\/investigacion\/wp-json\/wp\/v2\/media?parent=1205"}],"curies":[{"name":"wp","href":"https:\/\/api.w.org\/{rel}","templated":true}]}}