{"id":2425,"date":"2025-05-21T09:54:58","date_gmt":"2025-05-21T15:54:58","guid":{"rendered":"https:\/\/www.uic.mx\/investigacion\/?page_id=2425"},"modified":"2026-01-12T12:22:34","modified_gmt":"2026-01-12T18:22:34","slug":"directorio","status":"publish","type":"page","link":"https:\/\/www.uic.mx\/investigacion\/iim\/directorio\/","title":{"rendered":"Directorio"},"content":{"rendered":"\t\t<div data-elementor-type=\"wp-page\" data-elementor-id=\"2425\" class=\"elementor elementor-2425\" data-elementor-post-type=\"page\">\n\t\t\t\t<div class=\"elementor-element elementor-element-3fc03761 e-con-full e-flex e-con e-parent\" data-id=\"3fc03761\" data-element_type=\"container\" data-e-type=\"container\">\n\t\t<div class=\"elementor-element elementor-element-543e49aa e-con-full e-flex e-con e-child\" data-id=\"543e49aa\" data-element_type=\"container\" data-e-type=\"container\" data-settings=\"{&quot;background_background&quot;:&quot;classic&quot;}\">\n\t\t\t\t<div class=\"elementor-element elementor-element-2a08322c elementor-widget elementor-widget-ucaddon_ue_accordion_menu\" data-id=\"2a08322c\" data-element_type=\"widget\" data-e-type=\"widget\" data-widget_type=\"ucaddon_ue_accordion_menu.default\">\n\t\t\t\t<div class=\"elementor-widget-container\">\n\t\t\t\t\t\n<!-- start Accordion Menu -->\n\t\t<link id='font-awesome-css' href='https:\/\/www.uic.mx\/investigacion\/wp-content\/plugins\/unlimited-elements-for-elementor-premium\/assets_libraries\/font-awesome6\/fontawesome-all.min.css' type='text\/css' rel='stylesheet' >\n\t\t<link id='font-awesome-4-shim-css' href='https:\/\/www.uic.mx\/investigacion\/wp-content\/plugins\/unlimited-elements-for-elementor-premium\/assets_libraries\/font-awesome6\/fontawesome-v4-shims.min.css' type='text\/css' rel='stylesheet' >\n\n<style>\/* widget: Accordion Menu *\/\n\n#uc_ue_accordion_menu_elementor_2a08322c *\n{\n  box-sizing:border-box;\n}\n\n#uc_ue_accordion_menu_elementor_2a08322c .uc-side-menu-wrapper\n{\n  position:relative;\n}\n\n\t\n\t\n\n\n#uc_ue_accordion_menu_elementor_2a08322c .uc-side-menu-items\n{\n  position:relative;\n  overflow-x: hidden;\n  transition:1s;\n}\n\n#uc_ue_accordion_menu_elementor_2a08322c .open_side_menu\n{\n  cursor:pointer;\n  display:flex;\n  align-items:center;\n  justify-content:center;\n  transition:1s;\n}\n\n#uc_ue_accordion_menu_elementor_2a08322c .uc-side-menu-title\n{\n  text-align:left;\n}\n\n\n#uc_ue_accordion_menu_elementor_2a08322c .uc-side-menu-items ul\n{\n  padding:0px;\n  margin:0px;\n  list-style:none;\n}\n\n#uc_ue_accordion_menu_elementor_2a08322c .uc-side-menu-items ul a\n{\n  display:block;\n  text-decoration:none;\n}\n\n\n#uc_ue_accordion_menu_elementor_2a08322c .sub-menu {\n    overflow: hidden;\n    list-style: none;\n    height: auto;\n    transition: 0.5s;\n    display:none;\n}\n\n.uc-no-transition .sub-menu {\n    transition: none;  \n}\n\n<\/style>\n\n<div id=\"uc_ue_accordion_menu_elementor_2a08322c\" class=\"side-menu-holder\" data-closeothers=\"no\" data-clickable=\"false\" data-start-closed-always=\"false\">\n\n  <div class=\"uc-side-menu-items\">\n    <div class=\"uc-header\">\n\n      \n    <\/div>\n\n    <ul id=\"menu-menu-iim\" class=\"uc-list-menu\"><li id=\"menu-item-1890\" class=\"menu-item menu-item-type-custom menu-item-object-custom menu-item-1890\"><a href=\"https:\/\/www.uic.mx\/investigacion\/iim\">Inicio<\/a><\/li>\n<li id=\"menu-item-1891\" class=\"menu-item menu-item-type-custom menu-item-object-custom menu-item-1891\"><a href=\"https:\/\/www.uic.mx\/investigacion\/iim\/quienes-somos\">\u00bfQui\u00e9nes Somos?<\/a><\/li>\n<li id=\"menu-item-1892\" class=\"menu-item menu-item-type-custom menu-item-object-custom menu-item-1892\"><a href=\"https:\/\/www.uic.mx\/investigacion\/iim\/comunidad-uic\">Comunidad UIC<\/a><\/li>\n<li id=\"menu-item-1893\" class=\"menu-item menu-item-type-custom menu-item-object-custom menu-item-1893\"><a href=\"https:\/\/www.uic.mx\/investigacion\/iim\/observatorio-intercontinental-de-la-religiosidad-popular\">ORP<\/a><\/li>\n<li id=\"menu-item-1894\" class=\"menu-item menu-item-type-custom menu-item-object-custom menu-item-1894\"><a href=\"https:\/\/www.uic.mx\/nosotros\/colegio-estudios-guadalupanos\/\">COLEG<\/a><\/li>\n<li id=\"menu-item-1895\" class=\"menu-item menu-item-type-custom menu-item-object-custom menu-item-1895\"><a href=\"https:\/\/www.uic.mx\/investigacion\/iim\/misiones\">Misiones<\/a><\/li>\n<li id=\"menu-item-1896\" class=\"menu-item menu-item-type-custom menu-item-object-custom menu-item-1896\"><a href=\"https:\/\/www.uic.mx\/investigacion\/iim\/revistas\">Revistas<\/a><\/li>\n<li id=\"menu-item-1897\" class=\"menu-item menu-item-type-custom menu-item-object-custom menu-item-1897\"><a href=\"https:\/\/www.uic.mx\/investigacion\/iim\/eventos\">Eventos<\/a><\/li>\n<li id=\"menu-item-1898\" class=\"menu-item menu-item-type-custom menu-item-object-custom menu-item-1898\"><a href=\"https:\/\/www.uic.mx\/investigacion\/iim\/blog\">Blog<\/a><\/li>\n<li id=\"menu-item-1899\" class=\"menu-item menu-item-type-custom menu-item-object-custom menu-item-1899\"><a href=\"https:\/\/www.uic.mx\/investigacion\/iim\/directorio\/\">Directorio<\/a><\/li>\n<\/ul>\n    \n  <\/div>\n\n<\/div>\n<!-- end Accordion Menu -->\t\t\t\t<\/div>\n\t\t\t\t<\/div>\n\t\t\t\t<\/div>\n\t\t<div class=\"elementor-element elementor-element-389b548c e-con-full e-flex e-con e-child\" data-id=\"389b548c\" data-element_type=\"container\" data-e-type=\"container\">\n\t\t<div class=\"elementor-element elementor-element-34405f33 e-con-full e-flex e-con e-child\" data-id=\"34405f33\" data-element_type=\"container\" data-e-type=\"container\" data-settings=\"{&quot;background_background&quot;:&quot;classic&quot;}\">\n\t\t\t\t<div class=\"elementor-element elementor-element-1c0184cb elementor-widget elementor-widget-text-editor\" data-id=\"1c0184cb\" data-element_type=\"widget\" data-e-type=\"widget\" data-widget_type=\"text-editor.default\">\n\t\t\t\t<div class=\"elementor-widget-container\">\n\t\t\t\t\t\t\t\t\t<h1>Directorio<\/h1><p>Instituto Intercontinental de Misionolog\u00eda<\/p>\t\t\t\t\t\t\t\t<\/div>\n\t\t\t\t<\/div>\n\t\t\t\t<\/div>\n\t\t<div class=\"elementor-element elementor-element-14f6698 e-flex e-con-boxed e-con e-child\" data-id=\"14f6698\" data-element_type=\"container\" data-e-type=\"container\">\n\t\t\t\t\t<div class=\"e-con-inner\">\n\t\t<div class=\"elementor-element elementor-element-7612ceb e-flex e-con-boxed e-con e-child\" data-id=\"7612ceb\" data-element_type=\"container\" data-e-type=\"container\">\n\t\t\t\t\t<div class=\"e-con-inner\">\n\t\t\t\t<div class=\"elementor-element elementor-element-3d64c65 elementor-position-top elementor-widget elementor-widget-image-box\" data-id=\"3d64c65\" data-element_type=\"widget\" data-e-type=\"widget\" data-widget_type=\"image-box.default\">\n\t\t\t\t<div class=\"elementor-widget-container\">\n\t\t\t\t\t<div class=\"elementor-image-box-wrapper\"><figure class=\"elementor-image-box-img\"><img decoding=\"async\" width=\"50\" height=\"50\" src=\"https:\/\/www.uic.mx\/investigacion\/wp-content\/uploads\/2025\/03\/favicon_uic-1.png\" class=\"attachment-full size-full wp-image-52\" alt=\"\" \/><\/figure><div class=\"elementor-image-box-content\"><h3 class=\"elementor-image-box-title\">Javier Gonz\u00e1lez<\/h3><p class=\"elementor-image-box-description\">Director Divisional <br>\n\n<a href=\"mailto:javier.gonzalez@universidad-uic.edu.mx\">javier.gonzalez@universidad-uic.edu.mx<\/a><\/p><\/div><\/div>\t\t\t\t<\/div>\n\t\t\t\t<\/div>\n\t\t\t\t<div class=\"elementor-element elementor-element-c8d5cfb elementor-position-top elementor-widget elementor-widget-image-box\" data-id=\"c8d5cfb\" data-element_type=\"widget\" data-e-type=\"widget\" data-widget_type=\"image-box.default\">\n\t\t\t\t<div class=\"elementor-widget-container\">\n\t\t\t\t\t<div class=\"elementor-image-box-wrapper\"><figure class=\"elementor-image-box-img\"><img fetchpriority=\"high\" decoding=\"async\" width=\"605\" height=\"507\" src=\"https:\/\/www.uic.mx\/investigacion\/wp-content\/uploads\/2025\/05\/Dr.-Arturo-Rocha.jpg\" class=\"attachment-full size-full wp-image-2441\" alt=\"\" srcset=\"https:\/\/www.uic.mx\/investigacion\/wp-content\/uploads\/2025\/05\/Dr.-Arturo-Rocha.jpg 605w, https:\/\/www.uic.mx\/investigacion\/wp-content\/uploads\/2025\/05\/Dr.-Arturo-Rocha-300x251.jpg 300w\" sizes=\"(max-width: 605px) 100vw, 605px\" \/><\/figure><div class=\"elementor-image-box-content\"><h3 class=\"elementor-image-box-title\">Dr. Arturo Rocha<\/h3><p class=\"elementor-image-box-description\">Coordinador Acad\u00e9mico del Colegio de Estudios Guadalupanos (COLEG) de la UIC y editor del Bolet\u00edn del COLEG\n<br>\n<a href=\"mailto:arturo.rocha@uic.edu.mx\">arturo.rocha@uic.edu.mx<\/a><\/p><\/div><\/div>\t\t\t\t<\/div>\n\t\t\t\t<\/div>\n\t\t\t\t\t<\/div>\n\t\t\t\t<\/div>\n\t\t\t\t\t<\/div>\n\t\t\t\t<\/div>\n\t\t\t\t<\/div>\n\t\t\t\t<\/div>\n\t\t\t\t<\/div>\n\t\t","protected":false},"excerpt":{"rendered":"<p>Inicio \u00bfQui\u00e9nes Somos? Comunidad UIC ORP COLEG Misiones Revistas Eventos Blog Directorio Directorio Instituto Intercontinental de Misionolog\u00eda Javier Gonz\u00e1lez Director Divisional javier.gonzalez@universidad-uic.edu.mx Dr. Arturo Rocha Coordinador Acad\u00e9mico del Colegio de Estudios Guadalupanos (COLEG) de la UIC y editor del Bolet\u00edn del COLEG arturo.rocha@uic.edu.mx<\/p>\n","protected":false},"author":1,"featured_media":0,"parent":1784,"menu_order":0,"comment_status":"closed","ping_status":"closed","template":"","meta":{"footnotes":""},"class_list":["post-2425","page","type-page","status-publish","hentry"],"yoast_head":"<!-- This site is optimized with the Yoast SEO plugin v27.2 - https:\/\/yoast.com\/product\/yoast-seo-wordpress\/ -->\n<title>Directorio - Investigaci\u00f3n<\/title>\n<meta name=\"robots\" content=\"index, follow, max-snippet:-1, max-image-preview:large, max-video-preview:-1\" \/>\n<link rel=\"canonical\" href=\"https:\/\/www.uic.mx\/investigacion\/iim\/directorio\/\" \/>\n<meta property=\"og:locale\" content=\"es_ES\" \/>\n<meta property=\"og:type\" content=\"article\" \/>\n<meta property=\"og:title\" content=\"Directorio - Investigaci\u00f3n\" \/>\n<meta property=\"og:description\" content=\"Inicio \u00bfQui\u00e9nes Somos? Comunidad UIC ORP COLEG Misiones Revistas Eventos Blog Directorio Directorio Instituto Intercontinental de Misionolog\u00eda Javier Gonz\u00e1lez Director Divisional javier.gonzalez@universidad-uic.edu.mx Dr. Arturo Rocha Coordinador Acad\u00e9mico del Colegio de Estudios Guadalupanos (COLEG) de la UIC y editor del Bolet\u00edn del COLEG arturo.rocha@uic.edu.mx\" \/>\n<meta property=\"og:url\" content=\"https:\/\/www.uic.mx\/investigacion\/iim\/directorio\/\" \/>\n<meta property=\"og:site_name\" content=\"Investigaci\u00f3n\" \/>\n<meta property=\"article:modified_time\" content=\"2026-01-12T18:22:34+00:00\" \/>\n<meta property=\"og:image\" content=\"https:\/\/www.uic.mx\/investigacion\/wp-content\/uploads\/2025\/03\/favicon_uic-1.png\" \/>\n\t<meta property=\"og:image:width\" content=\"50\" \/>\n\t<meta property=\"og:image:height\" content=\"50\" \/>\n\t<meta property=\"og:image:type\" content=\"image\/png\" \/>\n<meta name=\"twitter:card\" content=\"summary_large_image\" \/>\n<meta name=\"twitter:label1\" content=\"Tiempo de lectura\" \/>\n\t<meta name=\"twitter:data1\" content=\"1 minuto\" \/>\n<script type=\"application\/ld+json\" class=\"yoast-schema-graph\">{\"@context\":\"https:\/\/schema.org\",\"@graph\":[{\"@type\":\"WebPage\",\"@id\":\"https:\/\/www.uic.mx\/investigacion\/iim\/directorio\/\",\"url\":\"https:\/\/www.uic.mx\/investigacion\/iim\/directorio\/\",\"name\":\"Directorio - Investigaci\u00f3n\",\"isPartOf\":{\"@id\":\"https:\/\/www.uic.mx\/investigacion\/#website\"},\"primaryImageOfPage\":{\"@id\":\"https:\/\/www.uic.mx\/investigacion\/iim\/directorio\/#primaryimage\"},\"image\":{\"@id\":\"https:\/\/www.uic.mx\/investigacion\/iim\/directorio\/#primaryimage\"},\"thumbnailUrl\":\"https:\/\/www.uic.mx\/investigacion\/wp-content\/uploads\/2025\/03\/favicon_uic-1.png\",\"datePublished\":\"2025-05-21T15:54:58+00:00\",\"dateModified\":\"2026-01-12T18:22:34+00:00\",\"breadcrumb\":{\"@id\":\"https:\/\/www.uic.mx\/investigacion\/iim\/directorio\/#breadcrumb\"},\"inLanguage\":\"es\",\"potentialAction\":[{\"@type\":\"ReadAction\",\"target\":[\"https:\/\/www.uic.mx\/investigacion\/iim\/directorio\/\"]}]},{\"@type\":\"ImageObject\",\"inLanguage\":\"es\",\"@id\":\"https:\/\/www.uic.mx\/investigacion\/iim\/directorio\/#primaryimage\",\"url\":\"https:\/\/www.uic.mx\/investigacion\/wp-content\/uploads\/2025\/03\/favicon_uic-1.png\",\"contentUrl\":\"https:\/\/www.uic.mx\/investigacion\/wp-content\/uploads\/2025\/03\/favicon_uic-1.png\",\"width\":50,\"height\":50},{\"@type\":\"BreadcrumbList\",\"@id\":\"https:\/\/www.uic.mx\/investigacion\/iim\/directorio\/#breadcrumb\",\"itemListElement\":[{\"@type\":\"ListItem\",\"position\":1,\"name\":\"Portada\",\"item\":\"https:\/\/www.uic.mx\/investigacion\/\"},{\"@type\":\"ListItem\",\"position\":2,\"name\":\"Iim\",\"item\":\"https:\/\/www.uic.mx\/investigacion\/iim\/\"},{\"@type\":\"ListItem\",\"position\":3,\"name\":\"Directorio\"}]},{\"@type\":\"WebSite\",\"@id\":\"https:\/\/www.uic.mx\/investigacion\/#website\",\"url\":\"https:\/\/www.uic.mx\/investigacion\/\",\"name\":\"Investigaci\u00f3n\",\"description\":\"\",\"publisher\":{\"@id\":\"https:\/\/www.uic.mx\/investigacion\/#organization\"},\"potentialAction\":[{\"@type\":\"SearchAction\",\"target\":{\"@type\":\"EntryPoint\",\"urlTemplate\":\"https:\/\/www.uic.mx\/investigacion\/?s={search_term_string}\"},\"query-input\":{\"@type\":\"PropertyValueSpecification\",\"valueRequired\":true,\"valueName\":\"search_term_string\"}}],\"inLanguage\":\"es\"},{\"@type\":\"Organization\",\"@id\":\"https:\/\/www.uic.mx\/investigacion\/#organization\",\"name\":\"Investigaci\u00f3n\",\"url\":\"https:\/\/www.uic.mx\/investigacion\/\",\"logo\":{\"@type\":\"ImageObject\",\"inLanguage\":\"es\",\"@id\":\"https:\/\/www.uic.mx\/investigacion\/#\/schema\/logo\/image\/\",\"url\":\"https:\/\/www.uic.mx\/investigacion\/wp-content\/uploads\/2025\/03\/Logo-50-Universidad-Intercontinental-horizontal-blanco-scaled.png\",\"contentUrl\":\"https:\/\/www.uic.mx\/investigacion\/wp-content\/uploads\/2025\/03\/Logo-50-Universidad-Intercontinental-horizontal-blanco-scaled.png\",\"width\":2560,\"height\":643,\"caption\":\"Investigaci\u00f3n\"},\"image\":{\"@id\":\"https:\/\/www.uic.mx\/investigacion\/#\/schema\/logo\/image\/\"}}]}<\/script>\n<!-- \/ Yoast SEO plugin. -->","yoast_head_json":{"title":"Directorio - Investigaci\u00f3n","robots":{"index":"index","follow":"follow","max-snippet":"max-snippet:-1","max-image-preview":"max-image-preview:large","max-video-preview":"max-video-preview:-1"},"canonical":"https:\/\/www.uic.mx\/investigacion\/iim\/directorio\/","og_locale":"es_ES","og_type":"article","og_title":"Directorio - Investigaci\u00f3n","og_description":"Inicio \u00bfQui\u00e9nes Somos? Comunidad UIC ORP COLEG Misiones Revistas Eventos Blog Directorio Directorio Instituto Intercontinental de Misionolog\u00eda Javier Gonz\u00e1lez Director Divisional javier.gonzalez@universidad-uic.edu.mx Dr. Arturo Rocha Coordinador Acad\u00e9mico del Colegio de Estudios Guadalupanos (COLEG) de la UIC y editor del Bolet\u00edn del COLEG arturo.rocha@uic.edu.mx","og_url":"https:\/\/www.uic.mx\/investigacion\/iim\/directorio\/","og_site_name":"Investigaci\u00f3n","article_modified_time":"2026-01-12T18:22:34+00:00","og_image":[{"width":50,"height":50,"url":"https:\/\/www.uic.mx\/investigacion\/wp-content\/uploads\/2025\/03\/favicon_uic-1.png","type":"image\/png"}],"twitter_card":"summary_large_image","twitter_misc":{"Tiempo de lectura":"1 minuto"},"schema":{"@context":"https:\/\/schema.org","@graph":[{"@type":"WebPage","@id":"https:\/\/www.uic.mx\/investigacion\/iim\/directorio\/","url":"https:\/\/www.uic.mx\/investigacion\/iim\/directorio\/","name":"Directorio - Investigaci\u00f3n","isPartOf":{"@id":"https:\/\/www.uic.mx\/investigacion\/#website"},"primaryImageOfPage":{"@id":"https:\/\/www.uic.mx\/investigacion\/iim\/directorio\/#primaryimage"},"image":{"@id":"https:\/\/www.uic.mx\/investigacion\/iim\/directorio\/#primaryimage"},"thumbnailUrl":"https:\/\/www.uic.mx\/investigacion\/wp-content\/uploads\/2025\/03\/favicon_uic-1.png","datePublished":"2025-05-21T15:54:58+00:00","dateModified":"2026-01-12T18:22:34+00:00","breadcrumb":{"@id":"https:\/\/www.uic.mx\/investigacion\/iim\/directorio\/#breadcrumb"},"inLanguage":"es","potentialAction":[{"@type":"ReadAction","target":["https:\/\/www.uic.mx\/investigacion\/iim\/directorio\/"]}]},{"@type":"ImageObject","inLanguage":"es","@id":"https:\/\/www.uic.mx\/investigacion\/iim\/directorio\/#primaryimage","url":"https:\/\/www.uic.mx\/investigacion\/wp-content\/uploads\/2025\/03\/favicon_uic-1.png","contentUrl":"https:\/\/www.uic.mx\/investigacion\/wp-content\/uploads\/2025\/03\/favicon_uic-1.png","width":50,"height":50},{"@type":"BreadcrumbList","@id":"https:\/\/www.uic.mx\/investigacion\/iim\/directorio\/#breadcrumb","itemListElement":[{"@type":"ListItem","position":1,"name":"Portada","item":"https:\/\/www.uic.mx\/investigacion\/"},{"@type":"ListItem","position":2,"name":"Iim","item":"https:\/\/www.uic.mx\/investigacion\/iim\/"},{"@type":"ListItem","position":3,"name":"Directorio"}]},{"@type":"WebSite","@id":"https:\/\/www.uic.mx\/investigacion\/#website","url":"https:\/\/www.uic.mx\/investigacion\/","name":"Investigaci\u00f3n","description":"","publisher":{"@id":"https:\/\/www.uic.mx\/investigacion\/#organization"},"potentialAction":[{"@type":"SearchAction","target":{"@type":"EntryPoint","urlTemplate":"https:\/\/www.uic.mx\/investigacion\/?s={search_term_string}"},"query-input":{"@type":"PropertyValueSpecification","valueRequired":true,"valueName":"search_term_string"}}],"inLanguage":"es"},{"@type":"Organization","@id":"https:\/\/www.uic.mx\/investigacion\/#organization","name":"Investigaci\u00f3n","url":"https:\/\/www.uic.mx\/investigacion\/","logo":{"@type":"ImageObject","inLanguage":"es","@id":"https:\/\/www.uic.mx\/investigacion\/#\/schema\/logo\/image\/","url":"https:\/\/www.uic.mx\/investigacion\/wp-content\/uploads\/2025\/03\/Logo-50-Universidad-Intercontinental-horizontal-blanco-scaled.png","contentUrl":"https:\/\/www.uic.mx\/investigacion\/wp-content\/uploads\/2025\/03\/Logo-50-Universidad-Intercontinental-horizontal-blanco-scaled.png","width":2560,"height":643,"caption":"Investigaci\u00f3n"},"image":{"@id":"https:\/\/www.uic.mx\/investigacion\/#\/schema\/logo\/image\/"}}]}},"_links":{"self":[{"href":"https:\/\/www.uic.mx\/investigacion\/wp-json\/wp\/v2\/pages\/2425","targetHints":{"allow":["GET"]}}],"collection":[{"href":"https:\/\/www.uic.mx\/investigacion\/wp-json\/wp\/v2\/pages"}],"about":[{"href":"https:\/\/www.uic.mx\/investigacion\/wp-json\/wp\/v2\/types\/page"}],"author":[{"embeddable":true,"href":"https:\/\/www.uic.mx\/investigacion\/wp-json\/wp\/v2\/users\/1"}],"replies":[{"embeddable":true,"href":"https:\/\/www.uic.mx\/investigacion\/wp-json\/wp\/v2\/comments?post=2425"}],"version-history":[{"count":107,"href":"https:\/\/www.uic.mx\/investigacion\/wp-json\/wp\/v2\/pages\/2425\/revisions"}],"predecessor-version":[{"id":5816,"href":"https:\/\/www.uic.mx\/investigacion\/wp-json\/wp\/v2\/pages\/2425\/revisions\/5816"}],"up":[{"embeddable":true,"href":"https:\/\/www.uic.mx\/investigacion\/wp-json\/wp\/v2\/pages\/1784"}],"wp:attachment":[{"href":"https:\/\/www.uic.mx\/investigacion\/wp-json\/wp\/v2\/media?parent=2425"}],"curies":[{"name":"wp","href":"https:\/\/api.w.org\/{rel}","templated":true}]}}