{"id":287,"date":"2025-04-01T11:22:30","date_gmt":"2025-04-01T17:22:30","guid":{"rendered":"https:\/\/www.uic.mx\/investigacion\/?page_id=287"},"modified":"2025-04-01T12:55:05","modified_gmt":"2025-04-01T18:55:05","slug":"catedra-de-fe-critica-y-cultura","status":"publish","type":"page","link":"https:\/\/www.uic.mx\/investigacion\/catedra-de-fe-critica-y-cultura\/","title":{"rendered":"C\u00e1tedra de Fe Cr\u00edtica y Cultura"},"content":{"rendered":"\t\t<div data-elementor-type=\"wp-page\" data-elementor-id=\"287\" class=\"elementor elementor-287\" data-elementor-post-type=\"page\">\n\t\t\t\t<div class=\"elementor-element elementor-element-aa35d66 e-con-full e-flex e-con e-parent\" data-id=\"aa35d66\" data-element_type=\"container\" data-e-type=\"container\">\n\t\t<div class=\"elementor-element elementor-element-0fedb61 e-con-full e-flex e-con e-child\" data-id=\"0fedb61\" data-element_type=\"container\" data-e-type=\"container\" data-settings=\"{&quot;background_background&quot;:&quot;classic&quot;}\">\n\t\t\t\t<\/div>\n\t\t\t\t<\/div>\n\t\t<div class=\"elementor-element elementor-element-be66d1a e-con-full e-flex e-con e-parent\" data-id=\"be66d1a\" data-element_type=\"container\" data-e-type=\"container\">\n\t\t<div class=\"elementor-element elementor-element-70d7e7a e-con-full e-flex e-con e-child\" data-id=\"70d7e7a\" data-element_type=\"container\" data-e-type=\"container\" data-settings=\"{&quot;background_background&quot;:&quot;classic&quot;}\">\n\t\t<div class=\"elementor-element elementor-element-31f34fa e-con-full e-flex e-con e-child\" data-id=\"31f34fa\" data-element_type=\"container\" data-e-type=\"container\" data-settings=\"{&quot;background_background&quot;:&quot;classic&quot;}\">\n\t\t\t\t<div class=\"elementor-element elementor-element-0440d00 elementor-widget elementor-widget-heading\" data-id=\"0440d00\" data-element_type=\"widget\" data-e-type=\"widget\" data-widget_type=\"heading.default\">\n\t\t\t\t<div class=\"elementor-widget-container\">\n\t\t\t\t\t<h1 class=\"elementor-heading-title elementor-size-default\">C\u00e1tedra de Fe, Cr\u00edtica y Cultura<\/h1>\t\t\t\t<\/div>\n\t\t\t\t<\/div>\n\t\t\t\t<\/div>\n\t\t<div class=\"elementor-element elementor-element-acdaa28 e-flex e-con-boxed e-con e-child\" data-id=\"acdaa28\" data-element_type=\"container\" data-e-type=\"container\">\n\t\t\t\t\t<div class=\"e-con-inner\">\n\t\t\t\t<div class=\"elementor-element elementor-element-b295b0c elementor-widget elementor-widget-text-editor\" data-id=\"b295b0c\" data-element_type=\"widget\" data-e-type=\"widget\" data-widget_type=\"text-editor.default\">\n\t\t\t\t<div class=\"elementor-widget-container\">\n\t\t\t\t\t\t\t\t\t<h3><b>JUSTIFICACI\u00d3N:<\/b><\/h3><p>La Universidad Intercontinental posee como objetivo de su visi\u00f3n institucional construir soluciones pertinentes en congruencia con sus valores a trav\u00e9s del di\u00e1logo y la b\u00fasqueda de la verdad, lo cual encuentra congruencia con su misi\u00f3n de formar l\u00edderes con un esp\u00edritu cristiano misionero en la consecuci\u00f3n del bien com\u00fan. Los retos que son propiamente materia de los objetivos de desarrollo sostenible no son otra cosa sino las demandas leg\u00edtimas de la sociedad ante muchas de las necesidades que enfrentamos hoy d\u00eda a nivel global.<\/p><p>\u00a0<\/p><p>La c\u00e1tedra de \u201cFe, Cr\u00edtica y Cultura\u201d pretende, desde la investigaci\u00f3n, articular exactamente estas dos dimensiones: repensar el mundo que vivimos y buscar incesantemente la verdad a trav\u00e9s de sus l\u00edneas de investigaci\u00f3n, al tiempo que propone visiones cr\u00edticas para la construcci\u00f3n de estas soluciones. La adhesi\u00f3n y el compromiso hacia los valores del humanismo cristiano a la vez que se estable un di\u00e1logo con las culturas, ha sido un pronunciamiento de la Universidad Intercontinental desde la visi\u00f3n de los fundadores, los Misioneros de Guadalupe. Ello pone de manifiesto que en la expectativa de ofrecer una formaci\u00f3n integral, los temas de la trascendencia, la vivencia de lo sagrado en contextos globales y locales, el fundamento \u00faltimo de la moralidad, el desaf\u00edo del sentido de la vida en un contexto relativista como el nuestro, la identidad religiosa y guadalupana de nuestra cultura mexicana, entre otros t\u00f3picos, por lo que se hace pertinente que esta c\u00e1tedra desarrolle investigaci\u00f3n de alto nivel para analizar estas problem\u00e1ticas relevantes y perennes.\u00a0<\/p>\t\t\t\t\t\t\t\t<\/div>\n\t\t\t\t<\/div>\n\t\t\t\t\t<\/div>\n\t\t\t\t<\/div>\n\t\t\t\t<\/div>\n\t\t\t\t<\/div>\n\t\t<div class=\"elementor-element elementor-element-331ffa8 e-con-full e-flex e-con e-parent\" data-id=\"331ffa8\" data-element_type=\"container\" data-e-type=\"container\" data-settings=\"{&quot;background_background&quot;:&quot;gradient&quot;}\">\n\t\t<div class=\"elementor-element elementor-element-04407cf e-flex e-con-boxed e-con e-child\" data-id=\"04407cf\" data-element_type=\"container\" data-e-type=\"container\">\n\t\t\t\t\t<div class=\"e-con-inner\">\n\t\t<div class=\"elementor-element elementor-element-deb9d99 e-flex e-con-boxed e-con e-child\" data-id=\"deb9d99\" data-element_type=\"container\" data-e-type=\"container\">\n\t\t\t\t\t<div class=\"e-con-inner\">\n\t\t\t\t<div class=\"elementor-element elementor-element-85c5b72 elementor-widget-divider--view-line elementor-widget elementor-widget-divider\" data-id=\"85c5b72\" data-element_type=\"widget\" data-e-type=\"widget\" data-widget_type=\"divider.default\">\n\t\t\t\t<div class=\"elementor-widget-container\">\n\t\t\t\t\t\t\t<div class=\"elementor-divider\">\n\t\t\t<span class=\"elementor-divider-separator\">\n\t\t\t\t\t\t<\/span>\n\t\t<\/div>\n\t\t\t\t\t\t<\/div>\n\t\t\t\t<\/div>\n\t\t\t\t<div class=\"elementor-element elementor-element-417cecf elementor-widget elementor-widget-heading\" data-id=\"417cecf\" data-element_type=\"widget\" data-e-type=\"widget\" data-widget_type=\"heading.default\">\n\t\t\t\t<div class=\"elementor-widget-container\">\n\t\t\t\t\t<h1 class=\"elementor-heading-title elementor-size-default\">Proyectos de Investigaci\u00f3n 2023 - 2024<\/h1>\t\t\t\t<\/div>\n\t\t\t\t<\/div>\n\t\t\t\t<div class=\"elementor-element elementor-element-6368c7e elementor-icon-list--layout-traditional elementor-list-item-link-full_width elementor-widget elementor-widget-icon-list\" data-id=\"6368c7e\" data-element_type=\"widget\" data-e-type=\"widget\" data-widget_type=\"icon-list.default\">\n\t\t\t\t<div class=\"elementor-widget-container\">\n\t\t\t\t\t\t\t<ul class=\"elementor-icon-list-items\">\n\t\t\t\t\t\t\t<li class=\"elementor-icon-list-item\">\n\t\t\t\t\t\t\t\t\t\t\t<span class=\"elementor-icon-list-icon\">\n\t\t\t\t\t\t\t<svg aria-hidden=\"true\" class=\"e-font-icon-svg e-fas-chevron-right\" viewBox=\"0 0 320 512\" xmlns=\"http:\/\/www.w3.org\/2000\/svg\"><path d=\"M285.476 272.971L91.132 467.314c-9.373 9.373-24.569 9.373-33.941 0l-22.667-22.667c-9.357-9.357-9.375-24.522-.04-33.901L188.505 256 34.484 101.255c-9.335-9.379-9.317-24.544.04-33.901l22.667-22.667c9.373-9.373 24.569-9.373 33.941 0L285.475 239.03c9.373 9.372 9.373 24.568.001 33.941z\"><\/path><\/svg>\t\t\t\t\t\t<\/span>\n\t\t\t\t\t\t\t\t\t\t<span class=\"elementor-icon-list-text\"><b>Responsable:<\/b>\u00a0Mtro. Jorge\u00a0 Luis Ortiz<\/span>\n\t\t\t\t\t\t\t\t\t<\/li>\n\t\t\t\t\t\t\t\t<li class=\"elementor-icon-list-item\">\n\t\t\t\t\t\t\t\t\t\t\t<span class=\"elementor-icon-list-icon\">\n\t\t\t\t\t\t\t<svg aria-hidden=\"true\" class=\"e-font-icon-svg e-fas-chevron-right\" viewBox=\"0 0 320 512\" xmlns=\"http:\/\/www.w3.org\/2000\/svg\"><path d=\"M285.476 272.971L91.132 467.314c-9.373 9.373-24.569 9.373-33.941 0l-22.667-22.667c-9.357-9.357-9.375-24.522-.04-33.901L188.505 256 34.484 101.255c-9.335-9.379-9.317-24.544.04-33.901l22.667-22.667c9.373-9.373 24.569-9.373 33.941 0L285.475 239.03c9.373 9.372 9.373 24.568.001 33.941z\"><\/path><\/svg>\t\t\t\t\t\t<\/span>\n\t\t\t\t\t\t\t\t\t\t<span class=\"elementor-icon-list-text\"><b>ODS: 4.<\/b>\u00a0Educaci\u00f3n de calidad,\u00a0<b>16.<\/b>\u00a0Paz, justicia e instituciones s\u00f3lidas.<\/span>\n\t\t\t\t\t\t\t\t\t<\/li>\n\t\t\t\t\t\t<\/ul>\n\t\t\t\t\t\t<\/div>\n\t\t\t\t<\/div>\n\t\t\t\t<div class=\"elementor-element elementor-element-94e518d elementor-widget-divider--view-line elementor-widget elementor-widget-divider\" data-id=\"94e518d\" data-element_type=\"widget\" data-e-type=\"widget\" data-widget_type=\"divider.default\">\n\t\t\t\t<div class=\"elementor-widget-container\">\n\t\t\t\t\t\t\t<div class=\"elementor-divider\">\n\t\t\t<span class=\"elementor-divider-separator\">\n\t\t\t\t\t\t<\/span>\n\t\t<\/div>\n\t\t\t\t\t\t<\/div>\n\t\t\t\t<\/div>\n\t\t\t\t\t<\/div>\n\t\t\t\t<\/div>\n\t\t\t\t\t<\/div>\n\t\t\t\t<\/div>\n\t\t\t\t<\/div>\n\t\t\t\t<\/div>\n\t\t","protected":false},"excerpt":{"rendered":"<p>C\u00e1tedra de Fe, Cr\u00edtica y Cultura JUSTIFICACI\u00d3N: La Universidad Intercontinental posee como objetivo de su visi\u00f3n institucional construir soluciones pertinentes en congruencia con sus valores a trav\u00e9s del di\u00e1logo y la b\u00fasqueda de la verdad, lo cual encuentra congruencia con su misi\u00f3n de formar l\u00edderes con un esp\u00edritu cristiano misionero en la consecuci\u00f3n del bien [&hellip;]<\/p>\n","protected":false},"author":1,"featured_media":0,"parent":0,"menu_order":0,"comment_status":"closed","ping_status":"closed","template":"","meta":{"footnotes":""},"class_list":["post-287","page","type-page","status-publish","hentry"],"yoast_head":"<!-- This site is optimized with the Yoast SEO plugin v27.2 - https:\/\/yoast.com\/product\/yoast-seo-wordpress\/ -->\n<title>C\u00e1tedra de Fe Cr\u00edtica y Cultura - Investigaci\u00f3n<\/title>\n<meta name=\"robots\" content=\"index, follow, max-snippet:-1, max-image-preview:large, max-video-preview:-1\" \/>\n<link rel=\"canonical\" href=\"https:\/\/www.uic.mx\/investigacion\/catedra-de-fe-critica-y-cultura\/\" \/>\n<meta property=\"og:locale\" content=\"es_ES\" \/>\n<meta property=\"og:type\" content=\"article\" \/>\n<meta property=\"og:title\" content=\"C\u00e1tedra de Fe Cr\u00edtica y Cultura - Investigaci\u00f3n\" \/>\n<meta property=\"og:description\" content=\"C\u00e1tedra de Fe, Cr\u00edtica y Cultura JUSTIFICACI\u00d3N: La Universidad Intercontinental posee como objetivo de su visi\u00f3n institucional construir soluciones pertinentes en congruencia con sus valores a trav\u00e9s del di\u00e1logo y la b\u00fasqueda de la verdad, lo cual encuentra congruencia con su misi\u00f3n de formar l\u00edderes con un esp\u00edritu cristiano misionero en la consecuci\u00f3n del bien [&hellip;]\" \/>\n<meta property=\"og:url\" content=\"https:\/\/www.uic.mx\/investigacion\/catedra-de-fe-critica-y-cultura\/\" \/>\n<meta property=\"og:site_name\" content=\"Investigaci\u00f3n\" \/>\n<meta property=\"article:modified_time\" content=\"2025-04-01T18:55:05+00:00\" \/>\n<meta name=\"twitter:card\" content=\"summary_large_image\" \/>\n<meta name=\"twitter:label1\" content=\"Tiempo de lectura\" \/>\n\t<meta name=\"twitter:data1\" content=\"2 minutos\" \/>\n<script type=\"application\/ld+json\" class=\"yoast-schema-graph\">{\"@context\":\"https:\/\/schema.org\",\"@graph\":[{\"@type\":\"WebPage\",\"@id\":\"https:\/\/www.uic.mx\/investigacion\/catedra-de-fe-critica-y-cultura\/\",\"url\":\"https:\/\/www.uic.mx\/investigacion\/catedra-de-fe-critica-y-cultura\/\",\"name\":\"C\u00e1tedra de Fe Cr\u00edtica y Cultura - Investigaci\u00f3n\",\"isPartOf\":{\"@id\":\"https:\/\/www.uic.mx\/investigacion\/#website\"},\"datePublished\":\"2025-04-01T17:22:30+00:00\",\"dateModified\":\"2025-04-01T18:55:05+00:00\",\"breadcrumb\":{\"@id\":\"https:\/\/www.uic.mx\/investigacion\/catedra-de-fe-critica-y-cultura\/#breadcrumb\"},\"inLanguage\":\"es\",\"potentialAction\":[{\"@type\":\"ReadAction\",\"target\":[\"https:\/\/www.uic.mx\/investigacion\/catedra-de-fe-critica-y-cultura\/\"]}]},{\"@type\":\"BreadcrumbList\",\"@id\":\"https:\/\/www.uic.mx\/investigacion\/catedra-de-fe-critica-y-cultura\/#breadcrumb\",\"itemListElement\":[{\"@type\":\"ListItem\",\"position\":1,\"name\":\"Portada\",\"item\":\"https:\/\/www.uic.mx\/investigacion\/\"},{\"@type\":\"ListItem\",\"position\":2,\"name\":\"C\u00e1tedra de Fe Cr\u00edtica y Cultura\"}]},{\"@type\":\"WebSite\",\"@id\":\"https:\/\/www.uic.mx\/investigacion\/#website\",\"url\":\"https:\/\/www.uic.mx\/investigacion\/\",\"name\":\"Investigaci\u00f3n\",\"description\":\"\",\"publisher\":{\"@id\":\"https:\/\/www.uic.mx\/investigacion\/#organization\"},\"potentialAction\":[{\"@type\":\"SearchAction\",\"target\":{\"@type\":\"EntryPoint\",\"urlTemplate\":\"https:\/\/www.uic.mx\/investigacion\/?s={search_term_string}\"},\"query-input\":{\"@type\":\"PropertyValueSpecification\",\"valueRequired\":true,\"valueName\":\"search_term_string\"}}],\"inLanguage\":\"es\"},{\"@type\":\"Organization\",\"@id\":\"https:\/\/www.uic.mx\/investigacion\/#organization\",\"name\":\"Investigaci\u00f3n\",\"url\":\"https:\/\/www.uic.mx\/investigacion\/\",\"logo\":{\"@type\":\"ImageObject\",\"inLanguage\":\"es\",\"@id\":\"https:\/\/www.uic.mx\/investigacion\/#\/schema\/logo\/image\/\",\"url\":\"https:\/\/www.uic.mx\/investigacion\/wp-content\/uploads\/2025\/03\/Logo-50-Universidad-Intercontinental-horizontal-blanco-scaled.png\",\"contentUrl\":\"https:\/\/www.uic.mx\/investigacion\/wp-content\/uploads\/2025\/03\/Logo-50-Universidad-Intercontinental-horizontal-blanco-scaled.png\",\"width\":2560,\"height\":643,\"caption\":\"Investigaci\u00f3n\"},\"image\":{\"@id\":\"https:\/\/www.uic.mx\/investigacion\/#\/schema\/logo\/image\/\"}}]}<\/script>\n<!-- \/ Yoast SEO plugin. -->","yoast_head_json":{"title":"C\u00e1tedra de Fe Cr\u00edtica y Cultura - Investigaci\u00f3n","robots":{"index":"index","follow":"follow","max-snippet":"max-snippet:-1","max-image-preview":"max-image-preview:large","max-video-preview":"max-video-preview:-1"},"canonical":"https:\/\/www.uic.mx\/investigacion\/catedra-de-fe-critica-y-cultura\/","og_locale":"es_ES","og_type":"article","og_title":"C\u00e1tedra de Fe Cr\u00edtica y Cultura - Investigaci\u00f3n","og_description":"C\u00e1tedra de Fe, Cr\u00edtica y Cultura JUSTIFICACI\u00d3N: La Universidad Intercontinental posee como objetivo de su visi\u00f3n institucional construir soluciones pertinentes en congruencia con sus valores a trav\u00e9s del di\u00e1logo y la b\u00fasqueda de la verdad, lo cual encuentra congruencia con su misi\u00f3n de formar l\u00edderes con un esp\u00edritu cristiano misionero en la consecuci\u00f3n del bien [&hellip;]","og_url":"https:\/\/www.uic.mx\/investigacion\/catedra-de-fe-critica-y-cultura\/","og_site_name":"Investigaci\u00f3n","article_modified_time":"2025-04-01T18:55:05+00:00","twitter_card":"summary_large_image","twitter_misc":{"Tiempo de lectura":"2 minutos"},"schema":{"@context":"https:\/\/schema.org","@graph":[{"@type":"WebPage","@id":"https:\/\/www.uic.mx\/investigacion\/catedra-de-fe-critica-y-cultura\/","url":"https:\/\/www.uic.mx\/investigacion\/catedra-de-fe-critica-y-cultura\/","name":"C\u00e1tedra de Fe Cr\u00edtica y Cultura - Investigaci\u00f3n","isPartOf":{"@id":"https:\/\/www.uic.mx\/investigacion\/#website"},"datePublished":"2025-04-01T17:22:30+00:00","dateModified":"2025-04-01T18:55:05+00:00","breadcrumb":{"@id":"https:\/\/www.uic.mx\/investigacion\/catedra-de-fe-critica-y-cultura\/#breadcrumb"},"inLanguage":"es","potentialAction":[{"@type":"ReadAction","target":["https:\/\/www.uic.mx\/investigacion\/catedra-de-fe-critica-y-cultura\/"]}]},{"@type":"BreadcrumbList","@id":"https:\/\/www.uic.mx\/investigacion\/catedra-de-fe-critica-y-cultura\/#breadcrumb","itemListElement":[{"@type":"ListItem","position":1,"name":"Portada","item":"https:\/\/www.uic.mx\/investigacion\/"},{"@type":"ListItem","position":2,"name":"C\u00e1tedra de Fe Cr\u00edtica y Cultura"}]},{"@type":"WebSite","@id":"https:\/\/www.uic.mx\/investigacion\/#website","url":"https:\/\/www.uic.mx\/investigacion\/","name":"Investigaci\u00f3n","description":"","publisher":{"@id":"https:\/\/www.uic.mx\/investigacion\/#organization"},"potentialAction":[{"@type":"SearchAction","target":{"@type":"EntryPoint","urlTemplate":"https:\/\/www.uic.mx\/investigacion\/?s={search_term_string}"},"query-input":{"@type":"PropertyValueSpecification","valueRequired":true,"valueName":"search_term_string"}}],"inLanguage":"es"},{"@type":"Organization","@id":"https:\/\/www.uic.mx\/investigacion\/#organization","name":"Investigaci\u00f3n","url":"https:\/\/www.uic.mx\/investigacion\/","logo":{"@type":"ImageObject","inLanguage":"es","@id":"https:\/\/www.uic.mx\/investigacion\/#\/schema\/logo\/image\/","url":"https:\/\/www.uic.mx\/investigacion\/wp-content\/uploads\/2025\/03\/Logo-50-Universidad-Intercontinental-horizontal-blanco-scaled.png","contentUrl":"https:\/\/www.uic.mx\/investigacion\/wp-content\/uploads\/2025\/03\/Logo-50-Universidad-Intercontinental-horizontal-blanco-scaled.png","width":2560,"height":643,"caption":"Investigaci\u00f3n"},"image":{"@id":"https:\/\/www.uic.mx\/investigacion\/#\/schema\/logo\/image\/"}}]}},"_links":{"self":[{"href":"https:\/\/www.uic.mx\/investigacion\/wp-json\/wp\/v2\/pages\/287","targetHints":{"allow":["GET"]}}],"collection":[{"href":"https:\/\/www.uic.mx\/investigacion\/wp-json\/wp\/v2\/pages"}],"about":[{"href":"https:\/\/www.uic.mx\/investigacion\/wp-json\/wp\/v2\/types\/page"}],"author":[{"embeddable":true,"href":"https:\/\/www.uic.mx\/investigacion\/wp-json\/wp\/v2\/users\/1"}],"replies":[{"embeddable":true,"href":"https:\/\/www.uic.mx\/investigacion\/wp-json\/wp\/v2\/comments?post=287"}],"version-history":[{"count":106,"href":"https:\/\/www.uic.mx\/investigacion\/wp-json\/wp\/v2\/pages\/287\/revisions"}],"predecessor-version":[{"id":471,"href":"https:\/\/www.uic.mx\/investigacion\/wp-json\/wp\/v2\/pages\/287\/revisions\/471"}],"wp:attachment":[{"href":"https:\/\/www.uic.mx\/investigacion\/wp-json\/wp\/v2\/media?parent=287"}],"curies":[{"name":"wp","href":"https:\/\/api.w.org\/{rel}","templated":true}]}}