{"id":364,"date":"2025-04-01T12:04:21","date_gmt":"2025-04-01T18:04:21","guid":{"rendered":"https:\/\/www.uic.mx\/investigacion\/?page_id=364"},"modified":"2025-04-01T16:56:11","modified_gmt":"2025-04-01T22:56:11","slug":"catedra-de-salud","status":"publish","type":"page","link":"https:\/\/www.uic.mx\/investigacion\/catedra-de-salud\/","title":{"rendered":"C\u00e1tedra de Salud"},"content":{"rendered":"\t\t<div data-elementor-type=\"wp-page\" data-elementor-id=\"364\" class=\"elementor elementor-364\" data-elementor-post-type=\"page\">\n\t\t\t\t<div class=\"elementor-element elementor-element-aa35d66 e-con-full e-flex e-con e-parent\" data-id=\"aa35d66\" data-element_type=\"container\" data-e-type=\"container\">\n\t\t<div class=\"elementor-element elementor-element-0fedb61 e-con-full e-flex e-con e-child\" data-id=\"0fedb61\" data-element_type=\"container\" data-e-type=\"container\" data-settings=\"{&quot;background_background&quot;:&quot;classic&quot;}\">\n\t\t\t\t<\/div>\n\t\t\t\t<\/div>\n\t\t<div class=\"elementor-element elementor-element-be66d1a e-con-full e-flex e-con e-parent\" data-id=\"be66d1a\" data-element_type=\"container\" data-e-type=\"container\">\n\t\t<div class=\"elementor-element elementor-element-70d7e7a e-con-full e-flex e-con e-child\" data-id=\"70d7e7a\" data-element_type=\"container\" data-e-type=\"container\" data-settings=\"{&quot;background_background&quot;:&quot;classic&quot;}\">\n\t\t<div class=\"elementor-element elementor-element-31f34fa e-con-full e-flex e-con e-child\" data-id=\"31f34fa\" data-element_type=\"container\" data-e-type=\"container\" data-settings=\"{&quot;background_background&quot;:&quot;classic&quot;}\">\n\t\t\t\t<div class=\"elementor-element elementor-element-0440d00 elementor-widget elementor-widget-heading\" data-id=\"0440d00\" data-element_type=\"widget\" data-e-type=\"widget\" data-widget_type=\"heading.default\">\n\t\t\t\t<div class=\"elementor-widget-container\">\n\t\t\t\t\t<h1 class=\"elementor-heading-title elementor-size-default\">C\u00e1tedra de Salud<\/h1>\t\t\t\t<\/div>\n\t\t\t\t<\/div>\n\t\t\t\t<\/div>\n\t\t<div class=\"elementor-element elementor-element-acdaa28 e-flex e-con-boxed e-con e-child\" data-id=\"acdaa28\" data-element_type=\"container\" data-e-type=\"container\">\n\t\t\t\t\t<div class=\"e-con-inner\">\n\t\t\t\t<div class=\"elementor-element elementor-element-b295b0c elementor-widget elementor-widget-text-editor\" data-id=\"b295b0c\" data-element_type=\"widget\" data-e-type=\"widget\" data-widget_type=\"text-editor.default\">\n\t\t\t\t<div class=\"elementor-widget-container\">\n\t\t\t\t\t\t\t\t\t<h3><b>JUSTIFICACI\u00d3N:<\/b><\/h3><p>La salud es un derecho primordial, y procurarla es una condici\u00f3n\u00a0<i>sine qua non<\/i>\u00a0de la dignidad humana. Asegurar vidas saludables y garantizar el acceso a los servicios de salud con miras al bienestar y la dignificaci\u00f3n del ser humano es tarea que no solamente concierne a los titulares de obligaciones, sino que involucra a todos los miembros es instituciones de la sociedad, pues se trata de un pilar fundamental en la construcci\u00f3n de una sociedad m\u00e1s justa y equitativa.<\/p><p>\u00a0<\/p><p>La pandemia de COVID-19 supuso grandes retos que todav\u00eda est\u00e1n siendo sanados, puso en jaque a los servicios de salud de pr\u00e1cticamente todo el orbe, y dej\u00f3 grandes lecciones sobre la importancia de la prevenci\u00f3n y el manejo de crisis. Al igual que en muchos otros rubros, caus\u00f3 un rezago ante varios logros alcanzados. No obstante, con una actitud resiliente y un esp\u00edritu misionero, es tambi\u00e9n esto una oportunidad para repensar prioridades y adoptar nuevas aproximaciones a lo retos que se presentan en el \u00e1rea de la salud.<\/p><p>\u00a0<\/p><p>La Universidad Intercontinental, a trav\u00e9s de sus programas docentes de salud, as\u00ed como de sus cl\u00ednicas y servicios, contribuye ampliamente a formar agentes de cambio \u00edntegros que generen un impacto positivo en la poblaci\u00f3n ampliando el acceso a servicios de salud de calidad. En este sentido, la c\u00e1tedra de salud tiene por misi\u00f3n realizar la investigaci\u00f3n pertinente a este quehacer, innovando metodolog\u00edas y generando conocimiento que optimicen los servicios de salud y actualicen constantemente a la docencia, procurando un sistema de mejora continua y contribuyendo al desarrollo de la sociedad.<\/p>\t\t\t\t\t\t\t\t<\/div>\n\t\t\t\t<\/div>\n\t\t\t\t\t<\/div>\n\t\t\t\t<\/div>\n\t\t\t\t<\/div>\n\t\t\t\t<\/div>\n\t\t<div class=\"elementor-element elementor-element-331ffa8 e-con-full e-flex e-con e-parent\" data-id=\"331ffa8\" data-element_type=\"container\" data-e-type=\"container\" data-settings=\"{&quot;background_background&quot;:&quot;gradient&quot;}\">\n\t\t<div class=\"elementor-element elementor-element-04407cf e-flex e-con-boxed e-con e-child\" data-id=\"04407cf\" data-element_type=\"container\" data-e-type=\"container\">\n\t\t\t\t\t<div class=\"e-con-inner\">\n\t\t<div class=\"elementor-element elementor-element-deb9d99 e-flex e-con-boxed e-con e-child\" data-id=\"deb9d99\" data-element_type=\"container\" data-e-type=\"container\">\n\t\t\t\t\t<div class=\"e-con-inner\">\n\t\t\t\t<div class=\"elementor-element elementor-element-85c5b72 elementor-widget-divider--view-line elementor-widget elementor-widget-divider\" data-id=\"85c5b72\" data-element_type=\"widget\" data-e-type=\"widget\" data-widget_type=\"divider.default\">\n\t\t\t\t<div class=\"elementor-widget-container\">\n\t\t\t\t\t\t\t<div class=\"elementor-divider\">\n\t\t\t<span class=\"elementor-divider-separator\">\n\t\t\t\t\t\t<\/span>\n\t\t<\/div>\n\t\t\t\t\t\t<\/div>\n\t\t\t\t<\/div>\n\t\t\t\t<div class=\"elementor-element elementor-element-417cecf elementor-widget elementor-widget-heading\" data-id=\"417cecf\" data-element_type=\"widget\" data-e-type=\"widget\" data-widget_type=\"heading.default\">\n\t\t\t\t<div class=\"elementor-widget-container\">\n\t\t\t\t\t<h1 class=\"elementor-heading-title elementor-size-default\">Proyectos de Investigaci\u00f3n 2023 - 2024<\/h1>\t\t\t\t<\/div>\n\t\t\t\t<\/div>\n\t\t\t\t<div class=\"elementor-element elementor-element-6368c7e elementor-icon-list--layout-traditional elementor-list-item-link-full_width elementor-widget elementor-widget-icon-list\" data-id=\"6368c7e\" data-element_type=\"widget\" data-e-type=\"widget\" data-widget_type=\"icon-list.default\">\n\t\t\t\t<div class=\"elementor-widget-container\">\n\t\t\t\t\t\t\t<ul class=\"elementor-icon-list-items\">\n\t\t\t\t\t\t\t<li class=\"elementor-icon-list-item\">\n\t\t\t\t\t\t\t\t\t\t\t<span class=\"elementor-icon-list-icon\">\n\t\t\t\t\t\t\t<svg aria-hidden=\"true\" class=\"e-font-icon-svg e-fas-chevron-right\" viewBox=\"0 0 320 512\" xmlns=\"http:\/\/www.w3.org\/2000\/svg\"><path d=\"M285.476 272.971L91.132 467.314c-9.373 9.373-24.569 9.373-33.941 0l-22.667-22.667c-9.357-9.357-9.375-24.522-.04-33.901L188.505 256 34.484 101.255c-9.335-9.379-9.317-24.544.04-33.901l22.667-22.667c9.373-9.373 24.569-9.373 33.941 0L285.475 239.03c9.373 9.372 9.373 24.568.001 33.941z\"><\/path><\/svg>\t\t\t\t\t\t<\/span>\n\t\t\t\t\t\t\t\t\t\t<span class=\"elementor-icon-list-text\"><b>Responsable:<\/b> Dr. William Alves de Oliveira<\/span>\n\t\t\t\t\t\t\t\t\t<\/li>\n\t\t\t\t\t\t\t\t<li class=\"elementor-icon-list-item\">\n\t\t\t\t\t\t\t\t\t\t\t<span class=\"elementor-icon-list-icon\">\n\t\t\t\t\t\t\t<svg aria-hidden=\"true\" class=\"e-font-icon-svg e-fas-chevron-right\" viewBox=\"0 0 320 512\" xmlns=\"http:\/\/www.w3.org\/2000\/svg\"><path d=\"M285.476 272.971L91.132 467.314c-9.373 9.373-24.569 9.373-33.941 0l-22.667-22.667c-9.357-9.357-9.375-24.522-.04-33.901L188.505 256 34.484 101.255c-9.335-9.379-9.317-24.544.04-33.901l22.667-22.667c9.373-9.373 24.569-9.373 33.941 0L285.475 239.03c9.373 9.372 9.373 24.568.001 33.941z\"><\/path><\/svg>\t\t\t\t\t\t<\/span>\n\t\t\t\t\t\t\t\t\t\t<span class=\"elementor-icon-list-text\"><b>DS: 3.<\/b> Salud y bienestar, <B>10.<\/b> Reducci\u00f3n de las desigualdades.<\/span>\n\t\t\t\t\t\t\t\t\t<\/li>\n\t\t\t\t\t\t<\/ul>\n\t\t\t\t\t\t<\/div>\n\t\t\t\t<\/div>\n\t\t\t\t<div class=\"elementor-element elementor-element-8cbb4a8 elementor-widget-divider--view-line elementor-widget elementor-widget-divider\" data-id=\"8cbb4a8\" data-element_type=\"widget\" data-e-type=\"widget\" data-widget_type=\"divider.default\">\n\t\t\t\t<div class=\"elementor-widget-container\">\n\t\t\t\t\t\t\t<div class=\"elementor-divider\">\n\t\t\t<span class=\"elementor-divider-separator\">\n\t\t\t\t\t\t<\/span>\n\t\t<\/div>\n\t\t\t\t\t\t<\/div>\n\t\t\t\t<\/div>\n\t\t\t\t\t<\/div>\n\t\t\t\t<\/div>\n\t\t\t\t\t<\/div>\n\t\t\t\t<\/div>\n\t\t\t\t<\/div>\n\t\t\t\t<\/div>\n\t\t","protected":false},"excerpt":{"rendered":"<p>C\u00e1tedra de Salud JUSTIFICACI\u00d3N: La salud es un derecho primordial, y procurarla es una condici\u00f3n\u00a0sine qua non\u00a0de la dignidad humana. Asegurar vidas saludables y garantizar el acceso a los servicios de salud con miras al bienestar y la dignificaci\u00f3n del ser humano es tarea que no solamente concierne a los titulares de obligaciones, sino que [&hellip;]<\/p>\n","protected":false},"author":1,"featured_media":0,"parent":0,"menu_order":0,"comment_status":"closed","ping_status":"closed","template":"","meta":{"footnotes":""},"class_list":["post-364","page","type-page","status-publish","hentry"],"yoast_head":"<!-- This site is optimized with the Yoast SEO plugin v27.2 - https:\/\/yoast.com\/product\/yoast-seo-wordpress\/ -->\n<title>C\u00e1tedra de Salud - Investigaci\u00f3n<\/title>\n<meta name=\"robots\" content=\"index, follow, max-snippet:-1, max-image-preview:large, max-video-preview:-1\" \/>\n<link rel=\"canonical\" href=\"https:\/\/www.uic.mx\/investigacion\/catedra-de-salud\/\" \/>\n<meta property=\"og:locale\" content=\"es_ES\" \/>\n<meta property=\"og:type\" content=\"article\" \/>\n<meta property=\"og:title\" content=\"C\u00e1tedra de Salud - Investigaci\u00f3n\" \/>\n<meta property=\"og:description\" content=\"C\u00e1tedra de Salud JUSTIFICACI\u00d3N: La salud es un derecho primordial, y procurarla es una condici\u00f3n\u00a0sine qua non\u00a0de la dignidad humana. Asegurar vidas saludables y garantizar el acceso a los servicios de salud con miras al bienestar y la dignificaci\u00f3n del ser humano es tarea que no solamente concierne a los titulares de obligaciones, sino que [&hellip;]\" \/>\n<meta property=\"og:url\" content=\"https:\/\/www.uic.mx\/investigacion\/catedra-de-salud\/\" \/>\n<meta property=\"og:site_name\" content=\"Investigaci\u00f3n\" \/>\n<meta property=\"article:modified_time\" content=\"2025-04-01T22:56:11+00:00\" \/>\n<meta name=\"twitter:card\" content=\"summary_large_image\" \/>\n<meta name=\"twitter:label1\" content=\"Tiempo de lectura\" \/>\n\t<meta name=\"twitter:data1\" content=\"2 minutos\" \/>\n<script type=\"application\/ld+json\" class=\"yoast-schema-graph\">{\"@context\":\"https:\/\/schema.org\",\"@graph\":[{\"@type\":\"WebPage\",\"@id\":\"https:\/\/www.uic.mx\/investigacion\/catedra-de-salud\/\",\"url\":\"https:\/\/www.uic.mx\/investigacion\/catedra-de-salud\/\",\"name\":\"C\u00e1tedra de Salud - Investigaci\u00f3n\",\"isPartOf\":{\"@id\":\"https:\/\/www.uic.mx\/investigacion\/#website\"},\"datePublished\":\"2025-04-01T18:04:21+00:00\",\"dateModified\":\"2025-04-01T22:56:11+00:00\",\"breadcrumb\":{\"@id\":\"https:\/\/www.uic.mx\/investigacion\/catedra-de-salud\/#breadcrumb\"},\"inLanguage\":\"es\",\"potentialAction\":[{\"@type\":\"ReadAction\",\"target\":[\"https:\/\/www.uic.mx\/investigacion\/catedra-de-salud\/\"]}]},{\"@type\":\"BreadcrumbList\",\"@id\":\"https:\/\/www.uic.mx\/investigacion\/catedra-de-salud\/#breadcrumb\",\"itemListElement\":[{\"@type\":\"ListItem\",\"position\":1,\"name\":\"Portada\",\"item\":\"https:\/\/www.uic.mx\/investigacion\/\"},{\"@type\":\"ListItem\",\"position\":2,\"name\":\"C\u00e1tedra de Salud\"}]},{\"@type\":\"WebSite\",\"@id\":\"https:\/\/www.uic.mx\/investigacion\/#website\",\"url\":\"https:\/\/www.uic.mx\/investigacion\/\",\"name\":\"Investigaci\u00f3n\",\"description\":\"\",\"publisher\":{\"@id\":\"https:\/\/www.uic.mx\/investigacion\/#organization\"},\"potentialAction\":[{\"@type\":\"SearchAction\",\"target\":{\"@type\":\"EntryPoint\",\"urlTemplate\":\"https:\/\/www.uic.mx\/investigacion\/?s={search_term_string}\"},\"query-input\":{\"@type\":\"PropertyValueSpecification\",\"valueRequired\":true,\"valueName\":\"search_term_string\"}}],\"inLanguage\":\"es\"},{\"@type\":\"Organization\",\"@id\":\"https:\/\/www.uic.mx\/investigacion\/#organization\",\"name\":\"Investigaci\u00f3n\",\"url\":\"https:\/\/www.uic.mx\/investigacion\/\",\"logo\":{\"@type\":\"ImageObject\",\"inLanguage\":\"es\",\"@id\":\"https:\/\/www.uic.mx\/investigacion\/#\/schema\/logo\/image\/\",\"url\":\"https:\/\/www.uic.mx\/investigacion\/wp-content\/uploads\/2025\/03\/Logo-50-Universidad-Intercontinental-horizontal-blanco-scaled.png\",\"contentUrl\":\"https:\/\/www.uic.mx\/investigacion\/wp-content\/uploads\/2025\/03\/Logo-50-Universidad-Intercontinental-horizontal-blanco-scaled.png\",\"width\":2560,\"height\":643,\"caption\":\"Investigaci\u00f3n\"},\"image\":{\"@id\":\"https:\/\/www.uic.mx\/investigacion\/#\/schema\/logo\/image\/\"}}]}<\/script>\n<!-- \/ Yoast SEO plugin. -->","yoast_head_json":{"title":"C\u00e1tedra de Salud - Investigaci\u00f3n","robots":{"index":"index","follow":"follow","max-snippet":"max-snippet:-1","max-image-preview":"max-image-preview:large","max-video-preview":"max-video-preview:-1"},"canonical":"https:\/\/www.uic.mx\/investigacion\/catedra-de-salud\/","og_locale":"es_ES","og_type":"article","og_title":"C\u00e1tedra de Salud - Investigaci\u00f3n","og_description":"C\u00e1tedra de Salud JUSTIFICACI\u00d3N: La salud es un derecho primordial, y procurarla es una condici\u00f3n\u00a0sine qua non\u00a0de la dignidad humana. Asegurar vidas saludables y garantizar el acceso a los servicios de salud con miras al bienestar y la dignificaci\u00f3n del ser humano es tarea que no solamente concierne a los titulares de obligaciones, sino que [&hellip;]","og_url":"https:\/\/www.uic.mx\/investigacion\/catedra-de-salud\/","og_site_name":"Investigaci\u00f3n","article_modified_time":"2025-04-01T22:56:11+00:00","twitter_card":"summary_large_image","twitter_misc":{"Tiempo de lectura":"2 minutos"},"schema":{"@context":"https:\/\/schema.org","@graph":[{"@type":"WebPage","@id":"https:\/\/www.uic.mx\/investigacion\/catedra-de-salud\/","url":"https:\/\/www.uic.mx\/investigacion\/catedra-de-salud\/","name":"C\u00e1tedra de Salud - Investigaci\u00f3n","isPartOf":{"@id":"https:\/\/www.uic.mx\/investigacion\/#website"},"datePublished":"2025-04-01T18:04:21+00:00","dateModified":"2025-04-01T22:56:11+00:00","breadcrumb":{"@id":"https:\/\/www.uic.mx\/investigacion\/catedra-de-salud\/#breadcrumb"},"inLanguage":"es","potentialAction":[{"@type":"ReadAction","target":["https:\/\/www.uic.mx\/investigacion\/catedra-de-salud\/"]}]},{"@type":"BreadcrumbList","@id":"https:\/\/www.uic.mx\/investigacion\/catedra-de-salud\/#breadcrumb","itemListElement":[{"@type":"ListItem","position":1,"name":"Portada","item":"https:\/\/www.uic.mx\/investigacion\/"},{"@type":"ListItem","position":2,"name":"C\u00e1tedra de Salud"}]},{"@type":"WebSite","@id":"https:\/\/www.uic.mx\/investigacion\/#website","url":"https:\/\/www.uic.mx\/investigacion\/","name":"Investigaci\u00f3n","description":"","publisher":{"@id":"https:\/\/www.uic.mx\/investigacion\/#organization"},"potentialAction":[{"@type":"SearchAction","target":{"@type":"EntryPoint","urlTemplate":"https:\/\/www.uic.mx\/investigacion\/?s={search_term_string}"},"query-input":{"@type":"PropertyValueSpecification","valueRequired":true,"valueName":"search_term_string"}}],"inLanguage":"es"},{"@type":"Organization","@id":"https:\/\/www.uic.mx\/investigacion\/#organization","name":"Investigaci\u00f3n","url":"https:\/\/www.uic.mx\/investigacion\/","logo":{"@type":"ImageObject","inLanguage":"es","@id":"https:\/\/www.uic.mx\/investigacion\/#\/schema\/logo\/image\/","url":"https:\/\/www.uic.mx\/investigacion\/wp-content\/uploads\/2025\/03\/Logo-50-Universidad-Intercontinental-horizontal-blanco-scaled.png","contentUrl":"https:\/\/www.uic.mx\/investigacion\/wp-content\/uploads\/2025\/03\/Logo-50-Universidad-Intercontinental-horizontal-blanco-scaled.png","width":2560,"height":643,"caption":"Investigaci\u00f3n"},"image":{"@id":"https:\/\/www.uic.mx\/investigacion\/#\/schema\/logo\/image\/"}}]}},"_links":{"self":[{"href":"https:\/\/www.uic.mx\/investigacion\/wp-json\/wp\/v2\/pages\/364","targetHints":{"allow":["GET"]}}],"collection":[{"href":"https:\/\/www.uic.mx\/investigacion\/wp-json\/wp\/v2\/pages"}],"about":[{"href":"https:\/\/www.uic.mx\/investigacion\/wp-json\/wp\/v2\/types\/page"}],"author":[{"embeddable":true,"href":"https:\/\/www.uic.mx\/investigacion\/wp-json\/wp\/v2\/users\/1"}],"replies":[{"embeddable":true,"href":"https:\/\/www.uic.mx\/investigacion\/wp-json\/wp\/v2\/comments?post=364"}],"version-history":[{"count":23,"href":"https:\/\/www.uic.mx\/investigacion\/wp-json\/wp\/v2\/pages\/364\/revisions"}],"predecessor-version":[{"id":1846,"href":"https:\/\/www.uic.mx\/investigacion\/wp-json\/wp\/v2\/pages\/364\/revisions\/1846"}],"wp:attachment":[{"href":"https:\/\/www.uic.mx\/investigacion\/wp-json\/wp\/v2\/media?parent=364"}],"curies":[{"name":"wp","href":"https:\/\/api.w.org\/{rel}","templated":true}]}}