{"id":379,"date":"2025-04-01T12:12:04","date_gmt":"2025-04-01T18:12:04","guid":{"rendered":"https:\/\/www.uic.mx\/investigacion\/?page_id=379"},"modified":"2025-04-01T16:57:47","modified_gmt":"2025-04-01T22:57:47","slug":"catedra-de-educacion","status":"publish","type":"page","link":"https:\/\/www.uic.mx\/investigacion\/catedra-de-educacion\/","title":{"rendered":"C\u00e1tedra de Educaci\u00f3n"},"content":{"rendered":"\t\t<div data-elementor-type=\"wp-page\" data-elementor-id=\"379\" class=\"elementor elementor-379\" data-elementor-post-type=\"page\">\n\t\t\t\t<div class=\"elementor-element elementor-element-aa35d66 e-con-full e-flex e-con e-parent\" data-id=\"aa35d66\" data-element_type=\"container\" data-e-type=\"container\">\n\t\t<div class=\"elementor-element elementor-element-0fedb61 e-con-full e-flex e-con e-child\" data-id=\"0fedb61\" data-element_type=\"container\" data-e-type=\"container\" data-settings=\"{&quot;background_background&quot;:&quot;classic&quot;}\">\n\t\t\t\t<\/div>\n\t\t\t\t<\/div>\n\t\t<div class=\"elementor-element elementor-element-be66d1a e-con-full e-flex e-con e-parent\" data-id=\"be66d1a\" data-element_type=\"container\" data-e-type=\"container\">\n\t\t<div class=\"elementor-element elementor-element-70d7e7a e-con-full e-flex e-con e-child\" data-id=\"70d7e7a\" data-element_type=\"container\" data-e-type=\"container\" data-settings=\"{&quot;background_background&quot;:&quot;classic&quot;}\">\n\t\t<div class=\"elementor-element elementor-element-31f34fa e-con-full e-flex e-con e-child\" data-id=\"31f34fa\" data-element_type=\"container\" data-e-type=\"container\" data-settings=\"{&quot;background_background&quot;:&quot;classic&quot;}\">\n\t\t\t\t<div class=\"elementor-element elementor-element-0440d00 elementor-widget elementor-widget-heading\" data-id=\"0440d00\" data-element_type=\"widget\" data-e-type=\"widget\" data-widget_type=\"heading.default\">\n\t\t\t\t<div class=\"elementor-widget-container\">\n\t\t\t\t\t<h1 class=\"elementor-heading-title elementor-size-default\">C\u00e1tedra de Educaci\u00f3n<\/h1>\t\t\t\t<\/div>\n\t\t\t\t<\/div>\n\t\t\t\t<\/div>\n\t\t<div class=\"elementor-element elementor-element-acdaa28 e-flex e-con-boxed e-con e-child\" data-id=\"acdaa28\" data-element_type=\"container\" data-e-type=\"container\">\n\t\t\t\t\t<div class=\"e-con-inner\">\n\t\t\t\t<div class=\"elementor-element elementor-element-b295b0c elementor-widget elementor-widget-text-editor\" data-id=\"b295b0c\" data-element_type=\"widget\" data-e-type=\"widget\" data-widget_type=\"text-editor.default\">\n\t\t\t\t<div class=\"elementor-widget-container\">\n\t\t\t\t\t\t\t\t\t<h3><b>JUSTIFICACI\u00d3N:<\/b><\/h3><p>La educaci\u00f3n permite el desarrollo integral de la sociedad, da cabida a maximizar el potencial de los seres humanos, y es fundamental para el ejercicio pleno de los derechos y la formaci\u00f3n en los valores. A trav\u00e9s de la educaci\u00f3n podemos reparar las fallas de mercado y las injusticias sociales, romper patrones destructivos y ciclos viciosos.<\/p><p>\u00a0<\/p><p>En d\u00e9cadas anteriores, el acceso a la educaci\u00f3n hab\u00eda mejorado tanto en calidad como en cantidad. Sin embargo, el aumento en las desigualdades, as\u00ed como los retos presentados por la pandemia causaron no solo una desaceleraci\u00f3n sino incluso un decrecimiento en estos logros, al grado de tener que replantear las metas de la educaci\u00f3n a nivel global.<\/p><p>\u00a0<\/p><p>Por un lado, en niveles educativos b\u00e1sicos nunca hab\u00edan reportado tantos ni\u00f1os fuera de la escuela al mismo tiempo (en los periodos que se ha tenido registro). Y por el otro lado, a nivel global la matriculaci\u00f3n en educaci\u00f3n superior ha ca\u00eddo significativamente por diversos factores que van de consideraciones econ\u00f3micas \u2013posibilidad de cubrir costos, retorno de inversi\u00f3n, prioridades del mercado laboral\u2013, hasta un cambio de valores y prioridades a nivel social.<\/p><p>\u00a0<\/p><p>La c\u00e1tedra de educaci\u00f3n busca, a trav\u00e9s de sus l\u00edneas de investigaci\u00f3n, proponer metodolog\u00edas con enfoques te\u00f3rico-epistemol\u00f3gicos que den respuesta a las perturbaciones y transformaciones emergentes en temas de educaci\u00f3n \u2013especialmente en la sociedad mexicana, aunque no descartando fen\u00f3menos globales. Replantear desde la investigaci\u00f3n y la experiencia docente los conceptos educativos para mejorar su calidad, tales como pedagog\u00edas innovadoras y solidarias, conocimientos, espacios educativos, desarrollo de instructores; y hacer de la labor educativa un ejercicio en salida que procure el acceso a la formaci\u00f3n, que deje atr\u00e1s esquemas limitativos de encierro y elitismo, y de paso a esquemas de inclusi\u00f3n y diversidad.<\/p>\t\t\t\t\t\t\t\t<\/div>\n\t\t\t\t<\/div>\n\t\t\t\t\t<\/div>\n\t\t\t\t<\/div>\n\t\t\t\t<\/div>\n\t\t\t\t<\/div>\n\t\t<div class=\"elementor-element elementor-element-331ffa8 e-con-full e-flex e-con e-parent\" data-id=\"331ffa8\" data-element_type=\"container\" data-e-type=\"container\" data-settings=\"{&quot;background_background&quot;:&quot;gradient&quot;}\">\n\t\t<div class=\"elementor-element elementor-element-04407cf e-flex e-con-boxed e-con e-child\" data-id=\"04407cf\" data-element_type=\"container\" data-e-type=\"container\">\n\t\t\t\t\t<div class=\"e-con-inner\">\n\t\t<div class=\"elementor-element elementor-element-deb9d99 e-flex e-con-boxed e-con e-child\" data-id=\"deb9d99\" data-element_type=\"container\" data-e-type=\"container\">\n\t\t\t\t\t<div class=\"e-con-inner\">\n\t\t\t\t<div class=\"elementor-element elementor-element-85c5b72 elementor-widget-divider--view-line elementor-widget elementor-widget-divider\" data-id=\"85c5b72\" data-element_type=\"widget\" data-e-type=\"widget\" data-widget_type=\"divider.default\">\n\t\t\t\t<div class=\"elementor-widget-container\">\n\t\t\t\t\t\t\t<div class=\"elementor-divider\">\n\t\t\t<span class=\"elementor-divider-separator\">\n\t\t\t\t\t\t<\/span>\n\t\t<\/div>\n\t\t\t\t\t\t<\/div>\n\t\t\t\t<\/div>\n\t\t\t\t<div class=\"elementor-element elementor-element-417cecf elementor-widget elementor-widget-heading\" data-id=\"417cecf\" data-element_type=\"widget\" data-e-type=\"widget\" data-widget_type=\"heading.default\">\n\t\t\t\t<div class=\"elementor-widget-container\">\n\t\t\t\t\t<h1 class=\"elementor-heading-title elementor-size-default\">Proyectos de Investigaci\u00f3n 2023 - 2024<\/h1>\t\t\t\t<\/div>\n\t\t\t\t<\/div>\n\t\t\t\t<div class=\"elementor-element elementor-element-6368c7e elementor-icon-list--layout-traditional elementor-list-item-link-full_width elementor-widget elementor-widget-icon-list\" data-id=\"6368c7e\" data-element_type=\"widget\" data-e-type=\"widget\" data-widget_type=\"icon-list.default\">\n\t\t\t\t<div class=\"elementor-widget-container\">\n\t\t\t\t\t\t\t<ul class=\"elementor-icon-list-items\">\n\t\t\t\t\t\t\t<li class=\"elementor-icon-list-item\">\n\t\t\t\t\t\t\t\t\t\t\t<span class=\"elementor-icon-list-icon\">\n\t\t\t\t\t\t\t<svg aria-hidden=\"true\" class=\"e-font-icon-svg e-fas-chevron-right\" viewBox=\"0 0 320 512\" xmlns=\"http:\/\/www.w3.org\/2000\/svg\"><path d=\"M285.476 272.971L91.132 467.314c-9.373 9.373-24.569 9.373-33.941 0l-22.667-22.667c-9.357-9.357-9.375-24.522-.04-33.901L188.505 256 34.484 101.255c-9.335-9.379-9.317-24.544.04-33.901l22.667-22.667c9.373-9.373 24.569-9.373 33.941 0L285.475 239.03c9.373 9.372 9.373 24.568.001 33.941z\"><\/path><\/svg>\t\t\t\t\t\t<\/span>\n\t\t\t\t\t\t\t\t\t\t<span class=\"elementor-icon-list-text\"><b>Responsable:<\/b>\u00a0Dra. Leticia Ruiz, Dr. Jorge Luis Paz<\/span>\n\t\t\t\t\t\t\t\t\t<\/li>\n\t\t\t\t\t\t\t\t<li class=\"elementor-icon-list-item\">\n\t\t\t\t\t\t\t\t\t\t\t<span class=\"elementor-icon-list-icon\">\n\t\t\t\t\t\t\t<svg aria-hidden=\"true\" class=\"e-font-icon-svg e-fas-chevron-right\" viewBox=\"0 0 320 512\" xmlns=\"http:\/\/www.w3.org\/2000\/svg\"><path d=\"M285.476 272.971L91.132 467.314c-9.373 9.373-24.569 9.373-33.941 0l-22.667-22.667c-9.357-9.357-9.375-24.522-.04-33.901L188.505 256 34.484 101.255c-9.335-9.379-9.317-24.544.04-33.901l22.667-22.667c9.373-9.373 24.569-9.373 33.941 0L285.475 239.03c9.373 9.372 9.373 24.568.001 33.941z\"><\/path><\/svg>\t\t\t\t\t\t<\/span>\n\t\t\t\t\t\t\t\t\t\t<span class=\"elementor-icon-list-text\"><b>ODS: 4.<\/b> Educaci\u00f3n de calidad, <b>10.<\/b> Reducci\u00f3n de desigualdades y el <b>16.<\/b> Paz, justicia e instituciones s\u00f3lidas.<\/span>\n\t\t\t\t\t\t\t\t\t<\/li>\n\t\t\t\t\t\t<\/ul>\n\t\t\t\t\t\t<\/div>\n\t\t\t\t<\/div>\n\t\t\t\t<div class=\"elementor-element elementor-element-fe8bc15 elementor-widget-divider--view-line elementor-widget elementor-widget-divider\" data-id=\"fe8bc15\" data-element_type=\"widget\" data-e-type=\"widget\" data-widget_type=\"divider.default\">\n\t\t\t\t<div class=\"elementor-widget-container\">\n\t\t\t\t\t\t\t<div class=\"elementor-divider\">\n\t\t\t<span class=\"elementor-divider-separator\">\n\t\t\t\t\t\t<\/span>\n\t\t<\/div>\n\t\t\t\t\t\t<\/div>\n\t\t\t\t<\/div>\n\t\t\t\t\t<\/div>\n\t\t\t\t<\/div>\n\t\t\t\t\t<\/div>\n\t\t\t\t<\/div>\n\t\t\t\t<\/div>\n\t\t\t\t<\/div>\n\t\t","protected":false},"excerpt":{"rendered":"<p>C\u00e1tedra de Educaci\u00f3n JUSTIFICACI\u00d3N: La educaci\u00f3n permite el desarrollo integral de la sociedad, da cabida a maximizar el potencial de los seres humanos, y es fundamental para el ejercicio pleno de los derechos y la formaci\u00f3n en los valores. A trav\u00e9s de la educaci\u00f3n podemos reparar las fallas de mercado y las injusticias sociales, romper [&hellip;]<\/p>\n","protected":false},"author":1,"featured_media":0,"parent":0,"menu_order":0,"comment_status":"closed","ping_status":"closed","template":"","meta":{"footnotes":""},"class_list":["post-379","page","type-page","status-publish","hentry"],"yoast_head":"<!-- This site is optimized with the Yoast SEO plugin v27.2 - https:\/\/yoast.com\/product\/yoast-seo-wordpress\/ -->\n<title>C\u00e1tedra de Educaci\u00f3n - Investigaci\u00f3n<\/title>\n<meta name=\"robots\" content=\"index, follow, max-snippet:-1, max-image-preview:large, max-video-preview:-1\" \/>\n<link rel=\"canonical\" href=\"https:\/\/www.uic.mx\/investigacion\/catedra-de-educacion\/\" \/>\n<meta property=\"og:locale\" content=\"es_ES\" \/>\n<meta property=\"og:type\" content=\"article\" \/>\n<meta property=\"og:title\" content=\"C\u00e1tedra de Educaci\u00f3n - Investigaci\u00f3n\" \/>\n<meta property=\"og:description\" content=\"C\u00e1tedra de Educaci\u00f3n JUSTIFICACI\u00d3N: La educaci\u00f3n permite el desarrollo integral de la sociedad, da cabida a maximizar el potencial de los seres humanos, y es fundamental para el ejercicio pleno de los derechos y la formaci\u00f3n en los valores. A trav\u00e9s de la educaci\u00f3n podemos reparar las fallas de mercado y las injusticias sociales, romper [&hellip;]\" \/>\n<meta property=\"og:url\" content=\"https:\/\/www.uic.mx\/investigacion\/catedra-de-educacion\/\" \/>\n<meta property=\"og:site_name\" content=\"Investigaci\u00f3n\" \/>\n<meta property=\"article:modified_time\" content=\"2025-04-01T22:57:47+00:00\" \/>\n<meta name=\"twitter:card\" content=\"summary_large_image\" \/>\n<meta name=\"twitter:label1\" content=\"Tiempo de lectura\" \/>\n\t<meta name=\"twitter:data1\" content=\"2 minutos\" \/>\n<script type=\"application\/ld+json\" class=\"yoast-schema-graph\">{\"@context\":\"https:\/\/schema.org\",\"@graph\":[{\"@type\":\"WebPage\",\"@id\":\"https:\/\/www.uic.mx\/investigacion\/catedra-de-educacion\/\",\"url\":\"https:\/\/www.uic.mx\/investigacion\/catedra-de-educacion\/\",\"name\":\"C\u00e1tedra de Educaci\u00f3n - Investigaci\u00f3n\",\"isPartOf\":{\"@id\":\"https:\/\/www.uic.mx\/investigacion\/#website\"},\"datePublished\":\"2025-04-01T18:12:04+00:00\",\"dateModified\":\"2025-04-01T22:57:47+00:00\",\"breadcrumb\":{\"@id\":\"https:\/\/www.uic.mx\/investigacion\/catedra-de-educacion\/#breadcrumb\"},\"inLanguage\":\"es\",\"potentialAction\":[{\"@type\":\"ReadAction\",\"target\":[\"https:\/\/www.uic.mx\/investigacion\/catedra-de-educacion\/\"]}]},{\"@type\":\"BreadcrumbList\",\"@id\":\"https:\/\/www.uic.mx\/investigacion\/catedra-de-educacion\/#breadcrumb\",\"itemListElement\":[{\"@type\":\"ListItem\",\"position\":1,\"name\":\"Portada\",\"item\":\"https:\/\/www.uic.mx\/investigacion\/\"},{\"@type\":\"ListItem\",\"position\":2,\"name\":\"C\u00e1tedra de Educaci\u00f3n\"}]},{\"@type\":\"WebSite\",\"@id\":\"https:\/\/www.uic.mx\/investigacion\/#website\",\"url\":\"https:\/\/www.uic.mx\/investigacion\/\",\"name\":\"Investigaci\u00f3n\",\"description\":\"\",\"publisher\":{\"@id\":\"https:\/\/www.uic.mx\/investigacion\/#organization\"},\"potentialAction\":[{\"@type\":\"SearchAction\",\"target\":{\"@type\":\"EntryPoint\",\"urlTemplate\":\"https:\/\/www.uic.mx\/investigacion\/?s={search_term_string}\"},\"query-input\":{\"@type\":\"PropertyValueSpecification\",\"valueRequired\":true,\"valueName\":\"search_term_string\"}}],\"inLanguage\":\"es\"},{\"@type\":\"Organization\",\"@id\":\"https:\/\/www.uic.mx\/investigacion\/#organization\",\"name\":\"Investigaci\u00f3n\",\"url\":\"https:\/\/www.uic.mx\/investigacion\/\",\"logo\":{\"@type\":\"ImageObject\",\"inLanguage\":\"es\",\"@id\":\"https:\/\/www.uic.mx\/investigacion\/#\/schema\/logo\/image\/\",\"url\":\"https:\/\/www.uic.mx\/investigacion\/wp-content\/uploads\/2025\/03\/Logo-50-Universidad-Intercontinental-horizontal-blanco-scaled.png\",\"contentUrl\":\"https:\/\/www.uic.mx\/investigacion\/wp-content\/uploads\/2025\/03\/Logo-50-Universidad-Intercontinental-horizontal-blanco-scaled.png\",\"width\":2560,\"height\":643,\"caption\":\"Investigaci\u00f3n\"},\"image\":{\"@id\":\"https:\/\/www.uic.mx\/investigacion\/#\/schema\/logo\/image\/\"}}]}<\/script>\n<!-- \/ Yoast SEO plugin. -->","yoast_head_json":{"title":"C\u00e1tedra de Educaci\u00f3n - Investigaci\u00f3n","robots":{"index":"index","follow":"follow","max-snippet":"max-snippet:-1","max-image-preview":"max-image-preview:large","max-video-preview":"max-video-preview:-1"},"canonical":"https:\/\/www.uic.mx\/investigacion\/catedra-de-educacion\/","og_locale":"es_ES","og_type":"article","og_title":"C\u00e1tedra de Educaci\u00f3n - Investigaci\u00f3n","og_description":"C\u00e1tedra de Educaci\u00f3n JUSTIFICACI\u00d3N: La educaci\u00f3n permite el desarrollo integral de la sociedad, da cabida a maximizar el potencial de los seres humanos, y es fundamental para el ejercicio pleno de los derechos y la formaci\u00f3n en los valores. A trav\u00e9s de la educaci\u00f3n podemos reparar las fallas de mercado y las injusticias sociales, romper [&hellip;]","og_url":"https:\/\/www.uic.mx\/investigacion\/catedra-de-educacion\/","og_site_name":"Investigaci\u00f3n","article_modified_time":"2025-04-01T22:57:47+00:00","twitter_card":"summary_large_image","twitter_misc":{"Tiempo de lectura":"2 minutos"},"schema":{"@context":"https:\/\/schema.org","@graph":[{"@type":"WebPage","@id":"https:\/\/www.uic.mx\/investigacion\/catedra-de-educacion\/","url":"https:\/\/www.uic.mx\/investigacion\/catedra-de-educacion\/","name":"C\u00e1tedra de Educaci\u00f3n - Investigaci\u00f3n","isPartOf":{"@id":"https:\/\/www.uic.mx\/investigacion\/#website"},"datePublished":"2025-04-01T18:12:04+00:00","dateModified":"2025-04-01T22:57:47+00:00","breadcrumb":{"@id":"https:\/\/www.uic.mx\/investigacion\/catedra-de-educacion\/#breadcrumb"},"inLanguage":"es","potentialAction":[{"@type":"ReadAction","target":["https:\/\/www.uic.mx\/investigacion\/catedra-de-educacion\/"]}]},{"@type":"BreadcrumbList","@id":"https:\/\/www.uic.mx\/investigacion\/catedra-de-educacion\/#breadcrumb","itemListElement":[{"@type":"ListItem","position":1,"name":"Portada","item":"https:\/\/www.uic.mx\/investigacion\/"},{"@type":"ListItem","position":2,"name":"C\u00e1tedra de Educaci\u00f3n"}]},{"@type":"WebSite","@id":"https:\/\/www.uic.mx\/investigacion\/#website","url":"https:\/\/www.uic.mx\/investigacion\/","name":"Investigaci\u00f3n","description":"","publisher":{"@id":"https:\/\/www.uic.mx\/investigacion\/#organization"},"potentialAction":[{"@type":"SearchAction","target":{"@type":"EntryPoint","urlTemplate":"https:\/\/www.uic.mx\/investigacion\/?s={search_term_string}"},"query-input":{"@type":"PropertyValueSpecification","valueRequired":true,"valueName":"search_term_string"}}],"inLanguage":"es"},{"@type":"Organization","@id":"https:\/\/www.uic.mx\/investigacion\/#organization","name":"Investigaci\u00f3n","url":"https:\/\/www.uic.mx\/investigacion\/","logo":{"@type":"ImageObject","inLanguage":"es","@id":"https:\/\/www.uic.mx\/investigacion\/#\/schema\/logo\/image\/","url":"https:\/\/www.uic.mx\/investigacion\/wp-content\/uploads\/2025\/03\/Logo-50-Universidad-Intercontinental-horizontal-blanco-scaled.png","contentUrl":"https:\/\/www.uic.mx\/investigacion\/wp-content\/uploads\/2025\/03\/Logo-50-Universidad-Intercontinental-horizontal-blanco-scaled.png","width":2560,"height":643,"caption":"Investigaci\u00f3n"},"image":{"@id":"https:\/\/www.uic.mx\/investigacion\/#\/schema\/logo\/image\/"}}]}},"_links":{"self":[{"href":"https:\/\/www.uic.mx\/investigacion\/wp-json\/wp\/v2\/pages\/379","targetHints":{"allow":["GET"]}}],"collection":[{"href":"https:\/\/www.uic.mx\/investigacion\/wp-json\/wp\/v2\/pages"}],"about":[{"href":"https:\/\/www.uic.mx\/investigacion\/wp-json\/wp\/v2\/types\/page"}],"author":[{"embeddable":true,"href":"https:\/\/www.uic.mx\/investigacion\/wp-json\/wp\/v2\/users\/1"}],"replies":[{"embeddable":true,"href":"https:\/\/www.uic.mx\/investigacion\/wp-json\/wp\/v2\/comments?post=379"}],"version-history":[{"count":28,"href":"https:\/\/www.uic.mx\/investigacion\/wp-json\/wp\/v2\/pages\/379\/revisions"}],"predecessor-version":[{"id":487,"href":"https:\/\/www.uic.mx\/investigacion\/wp-json\/wp\/v2\/pages\/379\/revisions\/487"}],"wp:attachment":[{"href":"https:\/\/www.uic.mx\/investigacion\/wp-json\/wp\/v2\/media?parent=379"}],"curies":[{"name":"wp","href":"https:\/\/api.w.org\/{rel}","templated":true}]}}