{"id":543,"date":"2025-04-02T10:11:57","date_gmt":"2025-04-02T16:11:57","guid":{"rendered":"https:\/\/www.uic.mx\/investigacion\/?page_id=543"},"modified":"2025-04-02T11:35:06","modified_gmt":"2025-04-02T17:35:06","slug":"aviso-de-privacidad","status":"publish","type":"page","link":"https:\/\/www.uic.mx\/investigacion\/aviso-de-privacidad\/","title":{"rendered":"Aviso de Privacidad"},"content":{"rendered":"\t\t<div data-elementor-type=\"wp-page\" data-elementor-id=\"543\" class=\"elementor elementor-543\" data-elementor-post-type=\"page\">\n\t\t\t\t<div class=\"elementor-element elementor-element-c97a8cf e-flex e-con-boxed e-con e-parent\" data-id=\"c97a8cf\" data-element_type=\"container\" data-e-type=\"container\" data-settings=\"{&quot;background_background&quot;:&quot;classic&quot;}\">\n\t\t\t\t\t<div class=\"e-con-inner\">\n\t\t<div class=\"elementor-element elementor-element-6f713a6 e-con-full e-flex e-con e-child\" data-id=\"6f713a6\" data-element_type=\"container\" data-e-type=\"container\" data-settings=\"{&quot;background_background&quot;:&quot;classic&quot;}\">\n\t\t<div class=\"elementor-element elementor-element-8da954e e-flex e-con-boxed e-con e-child\" data-id=\"8da954e\" data-element_type=\"container\" data-e-type=\"container\" data-settings=\"{&quot;background_background&quot;:&quot;classic&quot;}\">\n\t\t\t\t\t<div class=\"e-con-inner\">\n\t\t<div class=\"elementor-element elementor-element-05d04fc e-con-full e-flex e-con e-child\" data-id=\"05d04fc\" data-element_type=\"container\" data-e-type=\"container\">\n\t\t\t\t<div class=\"elementor-element elementor-element-4d6ba58 elementor-widget elementor-widget-heading\" data-id=\"4d6ba58\" data-element_type=\"widget\" data-e-type=\"widget\" data-widget_type=\"heading.default\">\n\t\t\t\t<div class=\"elementor-widget-container\">\n\t\t\t\t\t<h1 class=\"elementor-heading-title elementor-size-default\">Aviso de Privacidad\n<\/h1>\t\t\t\t<\/div>\n\t\t\t\t<\/div>\n\t\t\t\t<\/div>\n\t\t<div class=\"elementor-element elementor-element-0f03928 e-con-full e-flex e-con e-child\" data-id=\"0f03928\" data-element_type=\"container\" data-e-type=\"container\">\n\t\t<div class=\"elementor-element elementor-element-c4cd989 e-con-full e-flex e-con e-child\" data-id=\"c4cd989\" data-element_type=\"container\" data-e-type=\"container\">\n\t\t\t\t<\/div>\n\t\t<div class=\"elementor-element elementor-element-2dda0ed e-con-full e-flex e-con e-child\" data-id=\"2dda0ed\" data-element_type=\"container\" data-e-type=\"container\">\n\t\t\t\t<div class=\"elementor-element elementor-element-946ec56 elementor-widget-divider--view-line elementor-widget elementor-widget-divider\" data-id=\"946ec56\" data-element_type=\"widget\" data-e-type=\"widget\" data-widget_type=\"divider.default\">\n\t\t\t\t<div class=\"elementor-widget-container\">\n\t\t\t\t\t\t\t<div class=\"elementor-divider\">\n\t\t\t<span class=\"elementor-divider-separator\">\n\t\t\t\t\t\t<\/span>\n\t\t<\/div>\n\t\t\t\t\t\t<\/div>\n\t\t\t\t<\/div>\n\t\t\t\t<div class=\"elementor-element elementor-element-b9018c0 elementor-widget elementor-widget-text-editor\" data-id=\"b9018c0\" data-element_type=\"widget\" data-e-type=\"widget\" data-widget_type=\"text-editor.default\">\n\t\t\t\t<div class=\"elementor-widget-container\">\n\t\t\t\t\t\t\t\t\t<section id=\"porqueestudiar\" class=\"content centrado\"><p>UIC Universidad Intercontinental, A.C. (en lo sucesivo \u201cla UIC\u201d) con domicilio en Avenida Insurgentes Sur 4303 y 4135, Colonia Santa Ursula Xitla, Delegaci\u00f3n Tlalpan, C\u00f3digo Postal 14420, M\u00e9xico, Distrito Federal, con los n\u00fameros de tel\u00e9fono siguientes: 5487-1300 y 5487-1400, es responsable de recabar sus datos personales, del uso que se le d\u00e9 a los mismos y de su protecci\u00f3n.<\/p><\/section>\t\t\t\t\t\t\t\t<\/div>\n\t\t\t\t<\/div>\n\t\t\t\t<div class=\"elementor-element elementor-element-2196c01 elementor-widget-divider--view-line elementor-widget elementor-widget-divider\" data-id=\"2196c01\" data-element_type=\"widget\" data-e-type=\"widget\" data-widget_type=\"divider.default\">\n\t\t\t\t<div class=\"elementor-widget-container\">\n\t\t\t\t\t\t\t<div class=\"elementor-divider\">\n\t\t\t<span class=\"elementor-divider-separator\">\n\t\t\t\t\t\t<\/span>\n\t\t<\/div>\n\t\t\t\t\t\t<\/div>\n\t\t\t\t<\/div>\n\t\t\t\t<\/div>\n\t\t<div class=\"elementor-element elementor-element-8b308a2 e-con-full e-flex e-con e-child\" data-id=\"8b308a2\" data-element_type=\"container\" data-e-type=\"container\">\n\t\t\t\t<\/div>\n\t\t\t\t<\/div>\n\t\t\t\t\t<\/div>\n\t\t\t\t<\/div>\n\t\t\t\t<\/div>\n\t\t\t\t\t<\/div>\n\t\t\t\t<\/div>\n\t\t<div class=\"elementor-element elementor-element-b2e107c e-con-full e-flex e-con e-parent\" data-id=\"b2e107c\" data-element_type=\"container\" data-e-type=\"container\" data-settings=\"{&quot;background_background&quot;:&quot;gradient&quot;}\">\n\t\t<div class=\"elementor-element elementor-element-83d397d e-flex e-con-boxed e-con e-child\" data-id=\"83d397d\" data-element_type=\"container\" data-e-type=\"container\" data-settings=\"{&quot;background_background&quot;:&quot;classic&quot;}\">\n\t\t\t\t\t<div class=\"e-con-inner\">\n\t\t\t\t<div class=\"elementor-element elementor-element-3dfd58c elementor-widget-divider--view-line elementor-widget elementor-widget-divider\" data-id=\"3dfd58c\" data-element_type=\"widget\" data-e-type=\"widget\" data-widget_type=\"divider.default\">\n\t\t\t\t<div class=\"elementor-widget-container\">\n\t\t\t\t\t\t\t<div class=\"elementor-divider\">\n\t\t\t<span class=\"elementor-divider-separator\">\n\t\t\t\t\t\t<\/span>\n\t\t<\/div>\n\t\t\t\t\t\t<\/div>\n\t\t\t\t<\/div>\n\t\t\t\t<div class=\"elementor-element elementor-element-35bbfd1 elementor-widget elementor-widget-heading\" data-id=\"35bbfd1\" data-element_type=\"widget\" data-e-type=\"widget\" data-widget_type=\"heading.default\">\n\t\t\t\t<div class=\"elementor-widget-container\">\n\t\t\t\t\t<h2 class=\"elementor-heading-title elementor-size-default\">FINALIDADES PARA EL\nTRATAMIENTO DE DATOS PERSONALES. <\/h2>\t\t\t\t<\/div>\n\t\t\t\t<\/div>\n\t\t\t\t<div class=\"elementor-element elementor-element-1440803 elementor-widget elementor-widget-text-editor\" data-id=\"1440803\" data-element_type=\"widget\" data-e-type=\"widget\" data-widget_type=\"text-editor.default\">\n\t\t\t\t<div class=\"elementor-widget-container\">\n\t\t\t\t\t\t\t\t\t<p>Su informaci\u00f3n personal ser\u00e1 utilizada para proveer o contratar los servicios y productos que ha solicitado, informarle sobre los cambios en los mismos y evaluar la calidad del servicio que le brindamos as\u00ed como para incorporarla en su expediente acad\u00e9mico y utilizarla en tr\u00e1mites que deban ser realizados ante autoridades administrativas para obtener el grado acad\u00e9mico correspondiente al programa en el que est\u00e1 inscrito. Asimismo, al proporcionar sus datos, Usted autoriza a la UIC., su utilizaci\u00f3n con fines estad\u00edsticos, publicitarios, mercadot\u00e9cnicos e informativos respecto a las actividades de la UIC y otras actividades culturales y educativas, para prospectos de alumnos, alumnos, personal administrativo y exalumnos. Para las finalidades antes mencionadas, requerimos obtener datos personales tales como nombre, domicilio y grado\/tipo de estudios y, en algunos casos datos y antecedentes relativos al estado de salud del titular, considerados como sensibles bajo la Ley Federal de Protecci\u00f3n de Datos Personales en Posesi\u00f3n de los Particulares, en el entendido de que, estos \u00faltimos recibir\u00e1n el tratamiento que les corresponda bajo dicha Ley.<\/p><p>\u00a0<\/p><p>Por este medio Usted autoriza que sus datos personales, incluyendo los sensibles, sean tratados conforme a los t\u00e9rminos y condiciones del presente aviso de privacidad.<\/p><p>\u00a0<\/p><p>Usted tiene derecho de acceder, rectificar y cancelar sus datos personales, as\u00ed como de oponerse al tratamiento de los mismos o revocar el consentimiento que para tal fin nos haya otorgado, mediante comunicaci\u00f3n escrita, se\u00f1alando el nombre del titular y domicilio u otro medio para comunicarle la respuesta a su solicitud, documentaci\u00f3n que acredite su identidad o en su caso la representaci\u00f3n legal del titular de los datos, la descripci\u00f3n clara y precisa de los datos personales respecto de los que se busca ejercer alguno de los derechos antes mencionados, los elementos y\/o documentos que faciliten la localizaci\u00f3n de los datos personales, y los requisitos previstos para el ejercicio de los derechos ARCO en la Ley Federal de Protecci\u00f3n de Datos Personales en Posesi\u00f3n de los Particulares y su Reglamento. La comunicaci\u00f3n deber\u00e1 ser enviada al correo electr\u00f3nico contacto@uic.edu.mx, dirigida al departamento de datos personales de la UIC, o si lo prefiere podr\u00e1 entregarse en el domicilio de la UIC ubicado en Avenida Insurgentes Sur 4303 y 4135, Colonia Santa Ursula Xitla, Delegaci\u00f3n Tlalpan, C\u00f3digo Postal 14420, M\u00e9xico, Distrito Federal.<\/p><p style=\"text-align: justify;\"><!-- \/wp:paragraph --><!-- wp:separator --><\/p>\t\t\t\t\t\t\t\t<\/div>\n\t\t\t\t<\/div>\n\t\t\t\t<div class=\"elementor-element elementor-element-e4147b4 elementor-widget elementor-widget-heading\" data-id=\"e4147b4\" data-element_type=\"widget\" data-e-type=\"widget\" data-widget_type=\"heading.default\">\n\t\t\t\t<div class=\"elementor-widget-container\">\n\t\t\t\t\t<h2 class=\"elementor-heading-title elementor-size-default\">OPCIONES Y MEDIOS QUE EL RESPONSABLE\nOFREZCA A LOS TITULARES PARA LIMITAR EL \nUSO O DIVULGACI\u00d3N DE LOS DATOS PERSONALES.<\/h2>\t\t\t\t<\/div>\n\t\t\t\t<\/div>\n\t\t\t\t<div class=\"elementor-element elementor-element-8489846 elementor-widget elementor-widget-text-editor\" data-id=\"8489846\" data-element_type=\"widget\" data-e-type=\"widget\" data-widget_type=\"text-editor.default\">\n\t\t\t\t<div class=\"elementor-widget-container\">\n\t\t\t\t\t\t\t\t\t<p>Las opciones y medios que el responsable ofrezca a los titulares para limitar el uso o divulgaci\u00f3n de los datos personales son las siguientes:<\/p><p>Usted puede dejar de recibir mensajes promocionales por correo, tel\u00e9fono fijo o celular siguiendo los siguientes pasos:<\/p><ul><li>Mediante correo electr\u00f3nico a\u00a0<a href=\"mailto:contacto@uic.edu.mx\">contacto@uic.edu.mx<\/a><\/li><li>Mediante los siguientes tel\u00e9fonos: 5487-1300 y 5487-1400<\/li><li>Contactando a su promotor, docente, alumno y\/o m\u00e9dico tratante.<\/li><li>Solicit\u00e1ndolo por escrito al departamento de datos personales de la UIC, el cual es atendido por Gabriela M\u00e1rquez V\u00e1squez v\u00eda correo postal.<\/li><\/ul><p>\u00a0<\/p><p>Asimismo, puede dejar de recibir correo postal publicitario. El correo postal publicitario puede llegar a contener instrucciones para optar por no participar en las promociones o puede dejar de recibir correo postal y\/o puede dejar de recibir correos electr\u00f3nicos con promocionales solicit\u00e1ndolo directamente por cualquiera de los medios antes mencionados.<\/p><p>\u00a0<\/p><p>Le informamos que no utilizamos cookies, web beacons o alg\u00fan otro medio para obtener su informaci\u00f3n personal.<\/p><p>\u00a0<\/p><p>Asimismo, se le informa que en adici\u00f3n a las remisiones de datos que la UIC, hace de sus encargados que le apoyan en cuestiones de gesti\u00f3n escolar, administrativa y de recursos humanos, sus datos personales pueden ser transferidos y tratados dentro y fuera del pa\u00eds, por personas distintas a esta instituci\u00f3n. En ese sentido, su informaci\u00f3n puede ser compartida con otras instituciones educativas, nacionales o extranjeras, con el fin de apoyar a los alumnos en la realizaci\u00f3n de estudios adicionales, pr\u00e1cticas profesionales, o en los casos que sean requeridos por alguna autoridad competente, mediante oficio que funde y motive la causa legal de dicha transferencia.<\/p><p>\u00a0<\/p><p>Si usted no manifiesta su oposici\u00f3n para que sus datos personales sean transferidos, se entender\u00e1 que ha otorgado su consentimiento para ello.<\/p><p>\u00a0<\/p><p>Cualquier modificaci\u00f3n a este aviso de privacidad podr\u00e1 consultarla en el sitio web:<a href=\"http:\/\/servicios.uic.edu.mx\/privacidad.pdf\" target=\"_blank\" rel=\"noopener\">http:\/\/servicios.uic.edu.mx\/privacidad.pdf<\/a>.<\/p><p>Fecha de actualizaci\u00f3n 29 de Abril 2014.<\/p>\t\t\t\t\t\t\t\t<\/div>\n\t\t\t\t<\/div>\n\t\t\t\t<div class=\"elementor-element elementor-element-7fe52f5 elementor-widget-divider--view-line elementor-widget elementor-widget-divider\" data-id=\"7fe52f5\" data-element_type=\"widget\" data-e-type=\"widget\" data-widget_type=\"divider.default\">\n\t\t\t\t<div class=\"elementor-widget-container\">\n\t\t\t\t\t\t\t<div class=\"elementor-divider\">\n\t\t\t<span class=\"elementor-divider-separator\">\n\t\t\t\t\t\t<\/span>\n\t\t<\/div>\n\t\t\t\t\t\t<\/div>\n\t\t\t\t<\/div>\n\t\t\t\t\t<\/div>\n\t\t\t\t<\/div>\n\t\t\t\t<\/div>\n\t\t\t\t<\/div>\n\t\t","protected":false},"excerpt":{"rendered":"<p>Aviso de Privacidad UIC Universidad Intercontinental, A.C. (en lo sucesivo \u201cla UIC\u201d) con domicilio en Avenida Insurgentes Sur 4303 y 4135, Colonia Santa Ursula Xitla, Delegaci\u00f3n Tlalpan, C\u00f3digo Postal 14420, M\u00e9xico, Distrito Federal, con los n\u00fameros de tel\u00e9fono siguientes: 5487-1300 y 5487-1400, es responsable de recabar sus datos personales, del uso que se le d\u00e9 [&hellip;]<\/p>\n","protected":false},"author":1,"featured_media":0,"parent":0,"menu_order":0,"comment_status":"closed","ping_status":"closed","template":"","meta":{"footnotes":""},"class_list":["post-543","page","type-page","status-publish","hentry"],"yoast_head":"<!-- This site is optimized with the Yoast SEO plugin v27.2 - https:\/\/yoast.com\/product\/yoast-seo-wordpress\/ -->\n<title>Aviso de Privacidad - Investigaci\u00f3n<\/title>\n<meta name=\"robots\" content=\"index, follow, max-snippet:-1, max-image-preview:large, max-video-preview:-1\" \/>\n<link rel=\"canonical\" href=\"https:\/\/www.uic.mx\/investigacion\/aviso-de-privacidad\/\" \/>\n<meta property=\"og:locale\" content=\"es_ES\" \/>\n<meta property=\"og:type\" content=\"article\" \/>\n<meta property=\"og:title\" content=\"Aviso de Privacidad - Investigaci\u00f3n\" \/>\n<meta property=\"og:description\" content=\"Aviso de Privacidad UIC Universidad Intercontinental, A.C. (en lo sucesivo \u201cla UIC\u201d) con domicilio en Avenida Insurgentes Sur 4303 y 4135, Colonia Santa Ursula Xitla, Delegaci\u00f3n Tlalpan, C\u00f3digo Postal 14420, M\u00e9xico, Distrito Federal, con los n\u00fameros de tel\u00e9fono siguientes: 5487-1300 y 5487-1400, es responsable de recabar sus datos personales, del uso que se le d\u00e9 [&hellip;]\" \/>\n<meta property=\"og:url\" content=\"https:\/\/www.uic.mx\/investigacion\/aviso-de-privacidad\/\" \/>\n<meta property=\"og:site_name\" content=\"Investigaci\u00f3n\" \/>\n<meta property=\"article:modified_time\" content=\"2025-04-02T17:35:06+00:00\" \/>\n<meta name=\"twitter:card\" content=\"summary_large_image\" \/>\n<meta name=\"twitter:label1\" content=\"Tiempo de lectura\" \/>\n\t<meta name=\"twitter:data1\" content=\"4 minutos\" \/>\n<script type=\"application\/ld+json\" class=\"yoast-schema-graph\">{\"@context\":\"https:\/\/schema.org\",\"@graph\":[{\"@type\":\"WebPage\",\"@id\":\"https:\/\/www.uic.mx\/investigacion\/aviso-de-privacidad\/\",\"url\":\"https:\/\/www.uic.mx\/investigacion\/aviso-de-privacidad\/\",\"name\":\"Aviso de Privacidad - Investigaci\u00f3n\",\"isPartOf\":{\"@id\":\"https:\/\/www.uic.mx\/investigacion\/#website\"},\"datePublished\":\"2025-04-02T16:11:57+00:00\",\"dateModified\":\"2025-04-02T17:35:06+00:00\",\"breadcrumb\":{\"@id\":\"https:\/\/www.uic.mx\/investigacion\/aviso-de-privacidad\/#breadcrumb\"},\"inLanguage\":\"es\",\"potentialAction\":[{\"@type\":\"ReadAction\",\"target\":[\"https:\/\/www.uic.mx\/investigacion\/aviso-de-privacidad\/\"]}]},{\"@type\":\"BreadcrumbList\",\"@id\":\"https:\/\/www.uic.mx\/investigacion\/aviso-de-privacidad\/#breadcrumb\",\"itemListElement\":[{\"@type\":\"ListItem\",\"position\":1,\"name\":\"Portada\",\"item\":\"https:\/\/www.uic.mx\/investigacion\/\"},{\"@type\":\"ListItem\",\"position\":2,\"name\":\"Aviso de Privacidad\"}]},{\"@type\":\"WebSite\",\"@id\":\"https:\/\/www.uic.mx\/investigacion\/#website\",\"url\":\"https:\/\/www.uic.mx\/investigacion\/\",\"name\":\"Investigaci\u00f3n\",\"description\":\"\",\"publisher\":{\"@id\":\"https:\/\/www.uic.mx\/investigacion\/#organization\"},\"potentialAction\":[{\"@type\":\"SearchAction\",\"target\":{\"@type\":\"EntryPoint\",\"urlTemplate\":\"https:\/\/www.uic.mx\/investigacion\/?s={search_term_string}\"},\"query-input\":{\"@type\":\"PropertyValueSpecification\",\"valueRequired\":true,\"valueName\":\"search_term_string\"}}],\"inLanguage\":\"es\"},{\"@type\":\"Organization\",\"@id\":\"https:\/\/www.uic.mx\/investigacion\/#organization\",\"name\":\"Investigaci\u00f3n\",\"url\":\"https:\/\/www.uic.mx\/investigacion\/\",\"logo\":{\"@type\":\"ImageObject\",\"inLanguage\":\"es\",\"@id\":\"https:\/\/www.uic.mx\/investigacion\/#\/schema\/logo\/image\/\",\"url\":\"https:\/\/www.uic.mx\/investigacion\/wp-content\/uploads\/2025\/03\/Logo-50-Universidad-Intercontinental-horizontal-blanco-scaled.png\",\"contentUrl\":\"https:\/\/www.uic.mx\/investigacion\/wp-content\/uploads\/2025\/03\/Logo-50-Universidad-Intercontinental-horizontal-blanco-scaled.png\",\"width\":2560,\"height\":643,\"caption\":\"Investigaci\u00f3n\"},\"image\":{\"@id\":\"https:\/\/www.uic.mx\/investigacion\/#\/schema\/logo\/image\/\"}}]}<\/script>\n<!-- \/ Yoast SEO plugin. -->","yoast_head_json":{"title":"Aviso de Privacidad - Investigaci\u00f3n","robots":{"index":"index","follow":"follow","max-snippet":"max-snippet:-1","max-image-preview":"max-image-preview:large","max-video-preview":"max-video-preview:-1"},"canonical":"https:\/\/www.uic.mx\/investigacion\/aviso-de-privacidad\/","og_locale":"es_ES","og_type":"article","og_title":"Aviso de Privacidad - Investigaci\u00f3n","og_description":"Aviso de Privacidad UIC Universidad Intercontinental, A.C. (en lo sucesivo \u201cla UIC\u201d) con domicilio en Avenida Insurgentes Sur 4303 y 4135, Colonia Santa Ursula Xitla, Delegaci\u00f3n Tlalpan, C\u00f3digo Postal 14420, M\u00e9xico, Distrito Federal, con los n\u00fameros de tel\u00e9fono siguientes: 5487-1300 y 5487-1400, es responsable de recabar sus datos personales, del uso que se le d\u00e9 [&hellip;]","og_url":"https:\/\/www.uic.mx\/investigacion\/aviso-de-privacidad\/","og_site_name":"Investigaci\u00f3n","article_modified_time":"2025-04-02T17:35:06+00:00","twitter_card":"summary_large_image","twitter_misc":{"Tiempo de lectura":"4 minutos"},"schema":{"@context":"https:\/\/schema.org","@graph":[{"@type":"WebPage","@id":"https:\/\/www.uic.mx\/investigacion\/aviso-de-privacidad\/","url":"https:\/\/www.uic.mx\/investigacion\/aviso-de-privacidad\/","name":"Aviso de Privacidad - Investigaci\u00f3n","isPartOf":{"@id":"https:\/\/www.uic.mx\/investigacion\/#website"},"datePublished":"2025-04-02T16:11:57+00:00","dateModified":"2025-04-02T17:35:06+00:00","breadcrumb":{"@id":"https:\/\/www.uic.mx\/investigacion\/aviso-de-privacidad\/#breadcrumb"},"inLanguage":"es","potentialAction":[{"@type":"ReadAction","target":["https:\/\/www.uic.mx\/investigacion\/aviso-de-privacidad\/"]}]},{"@type":"BreadcrumbList","@id":"https:\/\/www.uic.mx\/investigacion\/aviso-de-privacidad\/#breadcrumb","itemListElement":[{"@type":"ListItem","position":1,"name":"Portada","item":"https:\/\/www.uic.mx\/investigacion\/"},{"@type":"ListItem","position":2,"name":"Aviso de Privacidad"}]},{"@type":"WebSite","@id":"https:\/\/www.uic.mx\/investigacion\/#website","url":"https:\/\/www.uic.mx\/investigacion\/","name":"Investigaci\u00f3n","description":"","publisher":{"@id":"https:\/\/www.uic.mx\/investigacion\/#organization"},"potentialAction":[{"@type":"SearchAction","target":{"@type":"EntryPoint","urlTemplate":"https:\/\/www.uic.mx\/investigacion\/?s={search_term_string}"},"query-input":{"@type":"PropertyValueSpecification","valueRequired":true,"valueName":"search_term_string"}}],"inLanguage":"es"},{"@type":"Organization","@id":"https:\/\/www.uic.mx\/investigacion\/#organization","name":"Investigaci\u00f3n","url":"https:\/\/www.uic.mx\/investigacion\/","logo":{"@type":"ImageObject","inLanguage":"es","@id":"https:\/\/www.uic.mx\/investigacion\/#\/schema\/logo\/image\/","url":"https:\/\/www.uic.mx\/investigacion\/wp-content\/uploads\/2025\/03\/Logo-50-Universidad-Intercontinental-horizontal-blanco-scaled.png","contentUrl":"https:\/\/www.uic.mx\/investigacion\/wp-content\/uploads\/2025\/03\/Logo-50-Universidad-Intercontinental-horizontal-blanco-scaled.png","width":2560,"height":643,"caption":"Investigaci\u00f3n"},"image":{"@id":"https:\/\/www.uic.mx\/investigacion\/#\/schema\/logo\/image\/"}}]}},"_links":{"self":[{"href":"https:\/\/www.uic.mx\/investigacion\/wp-json\/wp\/v2\/pages\/543","targetHints":{"allow":["GET"]}}],"collection":[{"href":"https:\/\/www.uic.mx\/investigacion\/wp-json\/wp\/v2\/pages"}],"about":[{"href":"https:\/\/www.uic.mx\/investigacion\/wp-json\/wp\/v2\/types\/page"}],"author":[{"embeddable":true,"href":"https:\/\/www.uic.mx\/investigacion\/wp-json\/wp\/v2\/users\/1"}],"replies":[{"embeddable":true,"href":"https:\/\/www.uic.mx\/investigacion\/wp-json\/wp\/v2\/comments?post=543"}],"version-history":[{"count":53,"href":"https:\/\/www.uic.mx\/investigacion\/wp-json\/wp\/v2\/pages\/543\/revisions"}],"predecessor-version":[{"id":603,"href":"https:\/\/www.uic.mx\/investigacion\/wp-json\/wp\/v2\/pages\/543\/revisions\/603"}],"wp:attachment":[{"href":"https:\/\/www.uic.mx\/investigacion\/wp-json\/wp\/v2\/media?parent=543"}],"curies":[{"name":"wp","href":"https:\/\/api.w.org\/{rel}","templated":true}]}}