{"id":5635,"date":"2026-01-12T10:15:23","date_gmt":"2026-01-12T16:15:23","guid":{"rendered":"https:\/\/www.uic.mx\/investigacion\/?page_id=5635"},"modified":"2026-01-12T11:59:36","modified_gmt":"2026-01-12T17:59:36","slug":"misiones","status":"publish","type":"page","link":"https:\/\/www.uic.mx\/investigacion\/iim\/misiones\/","title":{"rendered":"Misiones"},"content":{"rendered":"\t\t<div data-elementor-type=\"wp-page\" data-elementor-id=\"5635\" class=\"elementor elementor-5635\" data-elementor-post-type=\"page\">\n\t\t\t\t<div class=\"elementor-element elementor-element-3fc03761 e-con-full e-flex e-con e-parent\" data-id=\"3fc03761\" data-element_type=\"container\" data-e-type=\"container\">\n\t\t<div class=\"elementor-element elementor-element-543e49aa e-con-full e-flex e-con e-child\" data-id=\"543e49aa\" data-element_type=\"container\" data-e-type=\"container\" data-settings=\"{&quot;background_background&quot;:&quot;classic&quot;}\">\n\t\t\t\t<div class=\"elementor-element elementor-element-2a08322c elementor-widget elementor-widget-ucaddon_ue_accordion_menu\" data-id=\"2a08322c\" data-element_type=\"widget\" data-e-type=\"widget\" data-widget_type=\"ucaddon_ue_accordion_menu.default\">\n\t\t\t\t<div class=\"elementor-widget-container\">\n\t\t\t\t\t\n<!-- start Accordion Menu -->\n\t\t<link id='font-awesome-css' href='https:\/\/www.uic.mx\/investigacion\/wp-content\/plugins\/unlimited-elements-for-elementor-premium\/assets_libraries\/font-awesome6\/fontawesome-all.min.css' type='text\/css' rel='stylesheet' >\n\t\t<link id='font-awesome-4-shim-css' href='https:\/\/www.uic.mx\/investigacion\/wp-content\/plugins\/unlimited-elements-for-elementor-premium\/assets_libraries\/font-awesome6\/fontawesome-v4-shims.min.css' type='text\/css' rel='stylesheet' >\n\n<style>\/* widget: Accordion Menu *\/\n\n#uc_ue_accordion_menu_elementor_2a08322c *\n{\n  box-sizing:border-box;\n}\n\n#uc_ue_accordion_menu_elementor_2a08322c .uc-side-menu-wrapper\n{\n  position:relative;\n}\n\n\t\n\t\n\n\n#uc_ue_accordion_menu_elementor_2a08322c .uc-side-menu-items\n{\n  position:relative;\n  overflow-x: hidden;\n  transition:1s;\n}\n\n#uc_ue_accordion_menu_elementor_2a08322c .open_side_menu\n{\n  cursor:pointer;\n  display:flex;\n  align-items:center;\n  justify-content:center;\n  transition:1s;\n}\n\n#uc_ue_accordion_menu_elementor_2a08322c .uc-side-menu-title\n{\n  text-align:left;\n}\n\n\n#uc_ue_accordion_menu_elementor_2a08322c .uc-side-menu-items ul\n{\n  padding:0px;\n  margin:0px;\n  list-style:none;\n}\n\n#uc_ue_accordion_menu_elementor_2a08322c .uc-side-menu-items ul a\n{\n  display:block;\n  text-decoration:none;\n}\n\n\n#uc_ue_accordion_menu_elementor_2a08322c .sub-menu {\n    overflow: hidden;\n    list-style: none;\n    height: auto;\n    transition: 0.5s;\n    display:none;\n}\n\n.uc-no-transition .sub-menu {\n    transition: none;  \n}\n\n<\/style>\n\n<div id=\"uc_ue_accordion_menu_elementor_2a08322c\" class=\"side-menu-holder\" data-closeothers=\"no\" data-clickable=\"false\" data-start-closed-always=\"false\">\n\n  <div class=\"uc-side-menu-items\">\n    <div class=\"uc-header\">\n\n      \n    <\/div>\n\n    <ul id=\"menu-menu-iim\" class=\"uc-list-menu\"><li id=\"menu-item-1890\" class=\"menu-item menu-item-type-custom menu-item-object-custom menu-item-1890\"><a href=\"https:\/\/www.uic.mx\/investigacion\/iim\">Inicio<\/a><\/li>\n<li id=\"menu-item-1891\" class=\"menu-item menu-item-type-custom menu-item-object-custom menu-item-1891\"><a href=\"https:\/\/www.uic.mx\/investigacion\/iim\/quienes-somos\">\u00bfQui\u00e9nes Somos?<\/a><\/li>\n<li id=\"menu-item-1892\" class=\"menu-item menu-item-type-custom menu-item-object-custom menu-item-1892\"><a href=\"https:\/\/www.uic.mx\/investigacion\/iim\/comunidad-uic\">Comunidad UIC<\/a><\/li>\n<li id=\"menu-item-1893\" class=\"menu-item menu-item-type-custom menu-item-object-custom menu-item-1893\"><a href=\"https:\/\/www.uic.mx\/investigacion\/iim\/observatorio-intercontinental-de-la-religiosidad-popular\">ORP<\/a><\/li>\n<li id=\"menu-item-1894\" class=\"menu-item menu-item-type-custom menu-item-object-custom menu-item-1894\"><a href=\"https:\/\/www.uic.mx\/nosotros\/colegio-estudios-guadalupanos\/\">COLEG<\/a><\/li>\n<li id=\"menu-item-1895\" class=\"menu-item menu-item-type-custom menu-item-object-custom menu-item-1895\"><a href=\"https:\/\/www.uic.mx\/investigacion\/iim\/misiones\">Misiones<\/a><\/li>\n<li id=\"menu-item-1896\" class=\"menu-item menu-item-type-custom menu-item-object-custom menu-item-1896\"><a href=\"https:\/\/www.uic.mx\/investigacion\/iim\/revistas\">Revistas<\/a><\/li>\n<li id=\"menu-item-1897\" class=\"menu-item menu-item-type-custom menu-item-object-custom menu-item-1897\"><a href=\"https:\/\/www.uic.mx\/investigacion\/iim\/eventos\">Eventos<\/a><\/li>\n<li id=\"menu-item-1898\" class=\"menu-item menu-item-type-custom menu-item-object-custom menu-item-1898\"><a href=\"https:\/\/www.uic.mx\/investigacion\/iim\/blog\">Blog<\/a><\/li>\n<li id=\"menu-item-1899\" class=\"menu-item menu-item-type-custom menu-item-object-custom menu-item-1899\"><a href=\"https:\/\/www.uic.mx\/investigacion\/iim\/directorio\/\">Directorio<\/a><\/li>\n<\/ul>\n    \n  <\/div>\n\n<\/div>\n<!-- end Accordion Menu -->\t\t\t\t<\/div>\n\t\t\t\t<\/div>\n\t\t\t\t<\/div>\n\t\t<div class=\"elementor-element elementor-element-389b548c e-con-full e-flex e-con e-child\" data-id=\"389b548c\" data-element_type=\"container\" data-e-type=\"container\">\n\t\t<div class=\"elementor-element elementor-element-34405f33 e-con-full e-flex e-con e-child\" data-id=\"34405f33\" data-element_type=\"container\" data-e-type=\"container\" data-settings=\"{&quot;background_background&quot;:&quot;classic&quot;}\">\n\t\t\t\t<div class=\"elementor-element elementor-element-1c0184cb elementor-widget elementor-widget-text-editor\" data-id=\"1c0184cb\" data-element_type=\"widget\" data-e-type=\"widget\" data-widget_type=\"text-editor.default\">\n\t\t\t\t<div class=\"elementor-widget-container\">\n\t\t\t\t\t\t\t\t\t<h1>Misiones<\/h1><p>Misioneros de Guadalupe UIC: Universidad Misionera \u00bfPor qu\u00e9 empez\u00f3 este proyecto? Cuenta a los lectores m\u00e1s detalles sobre la historia del proyecto, las personas que estaban involucradas y el objetivo que tu equipo pretende conseguir. COREMAG \u00bfQu\u00e9 impacto est\u00e1 teniendo tu proyecto? Explica c\u00f3mo est\u00e1 influyendo tu producto, servicio o iniciativa en la vida de [\u2026]<\/p>\t\t\t\t\t\t\t\t<\/div>\n\t\t\t\t<\/div>\n\t\t\t\t<\/div>\n\t\t<div class=\"elementor-element elementor-element-cad0620 e-con-full e-flex e-con e-child\" data-id=\"cad0620\" data-element_type=\"container\" data-e-type=\"container\">\n\t\t<div class=\"elementor-element elementor-element-321493a e-con-full e-flex e-con e-child\" data-id=\"321493a\" data-element_type=\"container\" data-e-type=\"container\">\n\t\t\t\t<div class=\"elementor-element elementor-element-81c0534 elementor-widget elementor-widget-heading\" data-id=\"81c0534\" data-element_type=\"widget\" data-e-type=\"widget\" data-widget_type=\"heading.default\">\n\t\t\t\t<div class=\"elementor-widget-container\">\n\t\t\t\t\t<h2 class=\"elementor-heading-title elementor-size-default\">Misioneros de Guadalupe<\/h2>\t\t\t\t<\/div>\n\t\t\t\t<\/div>\n\t\t\t\t<div class=\"elementor-element elementor-element-23dd7e9 elementor-widget elementor-widget-image\" data-id=\"23dd7e9\" data-element_type=\"widget\" data-e-type=\"widget\" data-widget_type=\"image.default\">\n\t\t\t\t<div class=\"elementor-widget-container\">\n\t\t\t\t\t\t\t\t\t\t\t\t\t\t\t<img fetchpriority=\"high\" decoding=\"async\" width=\"404\" height=\"193\" src=\"https:\/\/www.uic.mx\/investigacion\/wp-content\/uploads\/2026\/01\/misioneros-de-guadalupe.png\" class=\"attachment-large size-large wp-image-5643\" alt=\"\" srcset=\"https:\/\/www.uic.mx\/investigacion\/wp-content\/uploads\/2026\/01\/misioneros-de-guadalupe.png 404w, https:\/\/www.uic.mx\/investigacion\/wp-content\/uploads\/2026\/01\/misioneros-de-guadalupe-300x143.png 300w\" sizes=\"(max-width: 404px) 100vw, 404px\" \/>\t\t\t\t\t\t\t\t\t\t\t\t\t\t\t<\/div>\n\t\t\t\t<\/div>\n\t\t\t\t<div class=\"elementor-element elementor-element-77eab43 elementor-widget elementor-widget-text-editor\" data-id=\"77eab43\" data-element_type=\"widget\" data-e-type=\"widget\" data-widget_type=\"text-editor.default\">\n\t\t\t\t<div class=\"elementor-widget-container\">\n\t\t\t\t\t\t\t\t\t<h3><strong>UIC: Universidad Misionera<\/strong><\/h3><p>\u00bfPor qu\u00e9 empez\u00f3 este proyecto? Cuenta a los lectores m\u00e1s detalles sobre la historia del proyecto, las personas que estaban involucradas y el objetivo que tu equipo pretende conseguir.<\/p>\t\t\t\t\t\t\t\t<\/div>\n\t\t\t\t<\/div>\n\t\t\t\t<div class=\"elementor-element elementor-element-ea039e9 elementor-widget elementor-widget-image\" data-id=\"ea039e9\" data-element_type=\"widget\" data-e-type=\"widget\" data-widget_type=\"image.default\">\n\t\t\t\t<div class=\"elementor-widget-container\">\n\t\t\t\t\t\t\t\t\t\t\t\t\t\t\t<img decoding=\"async\" width=\"800\" height=\"424\" src=\"https:\/\/www.uic.mx\/investigacion\/wp-content\/uploads\/2026\/01\/COREMAG-Misionera.jpg\" class=\"attachment-large size-large wp-image-5647\" alt=\"\" srcset=\"https:\/\/www.uic.mx\/investigacion\/wp-content\/uploads\/2026\/01\/COREMAG-Misionera.jpg 949w, https:\/\/www.uic.mx\/investigacion\/wp-content\/uploads\/2026\/01\/COREMAG-Misionera-300x159.jpg 300w, https:\/\/www.uic.mx\/investigacion\/wp-content\/uploads\/2026\/01\/COREMAG-Misionera-768x407.jpg 768w\" sizes=\"(max-width: 800px) 100vw, 800px\" \/>\t\t\t\t\t\t\t\t\t\t\t\t\t\t\t<\/div>\n\t\t\t\t<\/div>\n\t\t\t\t<div class=\"elementor-element elementor-element-705f642 elementor-widget elementor-widget-text-editor\" data-id=\"705f642\" data-element_type=\"widget\" data-e-type=\"widget\" data-widget_type=\"text-editor.default\">\n\t\t\t\t<div class=\"elementor-widget-container\">\n\t\t\t\t\t\t\t\t\t<h3><strong>COREMAG<\/strong><\/h3><p>\u00bfQu\u00e9 impacto est\u00e1 teniendo tu proyecto? Explica c\u00f3mo est\u00e1 influyendo tu producto, servicio o iniciativa en la vida de las personas.<\/p>\t\t\t\t\t\t\t\t<\/div>\n\t\t\t\t<\/div>\n\t\t\t\t<\/div>\n\t\t<div class=\"elementor-element elementor-element-786e6e7 e-con-full e-flex e-con e-child\" data-id=\"786e6e7\" data-element_type=\"container\" data-e-type=\"container\">\n\t\t\t\t<\/div>\n\t\t\t\t<\/div>\n\t\t\t\t<\/div>\n\t\t\t\t<\/div>\n\t\t\t\t<\/div>\n\t\t","protected":false},"excerpt":{"rendered":"<p>Inicio \u00bfQui\u00e9nes Somos? Comunidad UIC ORP COLEG Misiones Revistas Eventos Blog Directorio Misiones Misioneros de Guadalupe UIC: Universidad Misionera \u00bfPor qu\u00e9 empez\u00f3 este proyecto? Cuenta a los lectores m\u00e1s detalles sobre la historia del proyecto, las personas que estaban involucradas y el objetivo que tu equipo pretende conseguir. COREMAG \u00bfQu\u00e9 impacto est\u00e1 teniendo tu proyecto? [&hellip;]<\/p>\n","protected":false},"author":1,"featured_media":0,"parent":1784,"menu_order":0,"comment_status":"closed","ping_status":"closed","template":"","meta":{"footnotes":""},"class_list":["post-5635","page","type-page","status-publish","hentry"],"yoast_head":"<!-- This site is optimized with the Yoast SEO plugin v27.2 - https:\/\/yoast.com\/product\/yoast-seo-wordpress\/ -->\n<title>Misiones - Investigaci\u00f3n<\/title>\n<meta name=\"robots\" content=\"index, follow, max-snippet:-1, max-image-preview:large, max-video-preview:-1\" \/>\n<link rel=\"canonical\" href=\"https:\/\/www.uic.mx\/investigacion\/iim\/misiones\/\" \/>\n<meta property=\"og:locale\" content=\"es_ES\" \/>\n<meta property=\"og:type\" content=\"article\" \/>\n<meta property=\"og:title\" content=\"Misiones - Investigaci\u00f3n\" \/>\n<meta property=\"og:description\" content=\"Inicio \u00bfQui\u00e9nes Somos? Comunidad UIC ORP COLEG Misiones Revistas Eventos Blog Directorio Misiones Misioneros de Guadalupe UIC: Universidad Misionera \u00bfPor qu\u00e9 empez\u00f3 este proyecto? Cuenta a los lectores m\u00e1s detalles sobre la historia del proyecto, las personas que estaban involucradas y el objetivo que tu equipo pretende conseguir. COREMAG \u00bfQu\u00e9 impacto est\u00e1 teniendo tu proyecto? [&hellip;]\" \/>\n<meta property=\"og:url\" content=\"https:\/\/www.uic.mx\/investigacion\/iim\/misiones\/\" \/>\n<meta property=\"og:site_name\" content=\"Investigaci\u00f3n\" \/>\n<meta property=\"article:modified_time\" content=\"2026-01-12T17:59:36+00:00\" \/>\n<meta property=\"og:image\" content=\"https:\/\/www.uic.mx\/investigacion\/wp-content\/uploads\/2026\/01\/misioneros-de-guadalupe.png\" \/>\n\t<meta property=\"og:image:width\" content=\"404\" \/>\n\t<meta property=\"og:image:height\" content=\"193\" \/>\n\t<meta property=\"og:image:type\" content=\"image\/png\" \/>\n<meta name=\"twitter:card\" content=\"summary_large_image\" \/>\n<meta name=\"twitter:label1\" content=\"Tiempo de lectura\" \/>\n\t<meta name=\"twitter:data1\" content=\"1 minuto\" \/>\n<script type=\"application\/ld+json\" class=\"yoast-schema-graph\">{\"@context\":\"https:\/\/schema.org\",\"@graph\":[{\"@type\":\"WebPage\",\"@id\":\"https:\/\/www.uic.mx\/investigacion\/iim\/misiones\/\",\"url\":\"https:\/\/www.uic.mx\/investigacion\/iim\/misiones\/\",\"name\":\"Misiones - Investigaci\u00f3n\",\"isPartOf\":{\"@id\":\"https:\/\/www.uic.mx\/investigacion\/#website\"},\"primaryImageOfPage\":{\"@id\":\"https:\/\/www.uic.mx\/investigacion\/iim\/misiones\/#primaryimage\"},\"image\":{\"@id\":\"https:\/\/www.uic.mx\/investigacion\/iim\/misiones\/#primaryimage\"},\"thumbnailUrl\":\"https:\/\/www.uic.mx\/investigacion\/wp-content\/uploads\/2026\/01\/misioneros-de-guadalupe.png\",\"datePublished\":\"2026-01-12T16:15:23+00:00\",\"dateModified\":\"2026-01-12T17:59:36+00:00\",\"breadcrumb\":{\"@id\":\"https:\/\/www.uic.mx\/investigacion\/iim\/misiones\/#breadcrumb\"},\"inLanguage\":\"es\",\"potentialAction\":[{\"@type\":\"ReadAction\",\"target\":[\"https:\/\/www.uic.mx\/investigacion\/iim\/misiones\/\"]}]},{\"@type\":\"ImageObject\",\"inLanguage\":\"es\",\"@id\":\"https:\/\/www.uic.mx\/investigacion\/iim\/misiones\/#primaryimage\",\"url\":\"https:\/\/www.uic.mx\/investigacion\/wp-content\/uploads\/2026\/01\/misioneros-de-guadalupe.png\",\"contentUrl\":\"https:\/\/www.uic.mx\/investigacion\/wp-content\/uploads\/2026\/01\/misioneros-de-guadalupe.png\",\"width\":404,\"height\":193},{\"@type\":\"BreadcrumbList\",\"@id\":\"https:\/\/www.uic.mx\/investigacion\/iim\/misiones\/#breadcrumb\",\"itemListElement\":[{\"@type\":\"ListItem\",\"position\":1,\"name\":\"Portada\",\"item\":\"https:\/\/www.uic.mx\/investigacion\/\"},{\"@type\":\"ListItem\",\"position\":2,\"name\":\"Iim\",\"item\":\"https:\/\/www.uic.mx\/investigacion\/iim\/\"},{\"@type\":\"ListItem\",\"position\":3,\"name\":\"Misiones\"}]},{\"@type\":\"WebSite\",\"@id\":\"https:\/\/www.uic.mx\/investigacion\/#website\",\"url\":\"https:\/\/www.uic.mx\/investigacion\/\",\"name\":\"Investigaci\u00f3n\",\"description\":\"\",\"publisher\":{\"@id\":\"https:\/\/www.uic.mx\/investigacion\/#organization\"},\"potentialAction\":[{\"@type\":\"SearchAction\",\"target\":{\"@type\":\"EntryPoint\",\"urlTemplate\":\"https:\/\/www.uic.mx\/investigacion\/?s={search_term_string}\"},\"query-input\":{\"@type\":\"PropertyValueSpecification\",\"valueRequired\":true,\"valueName\":\"search_term_string\"}}],\"inLanguage\":\"es\"},{\"@type\":\"Organization\",\"@id\":\"https:\/\/www.uic.mx\/investigacion\/#organization\",\"name\":\"Investigaci\u00f3n\",\"url\":\"https:\/\/www.uic.mx\/investigacion\/\",\"logo\":{\"@type\":\"ImageObject\",\"inLanguage\":\"es\",\"@id\":\"https:\/\/www.uic.mx\/investigacion\/#\/schema\/logo\/image\/\",\"url\":\"https:\/\/www.uic.mx\/investigacion\/wp-content\/uploads\/2025\/03\/Logo-50-Universidad-Intercontinental-horizontal-blanco-scaled.png\",\"contentUrl\":\"https:\/\/www.uic.mx\/investigacion\/wp-content\/uploads\/2025\/03\/Logo-50-Universidad-Intercontinental-horizontal-blanco-scaled.png\",\"width\":2560,\"height\":643,\"caption\":\"Investigaci\u00f3n\"},\"image\":{\"@id\":\"https:\/\/www.uic.mx\/investigacion\/#\/schema\/logo\/image\/\"}}]}<\/script>\n<!-- \/ Yoast SEO plugin. -->","yoast_head_json":{"title":"Misiones - Investigaci\u00f3n","robots":{"index":"index","follow":"follow","max-snippet":"max-snippet:-1","max-image-preview":"max-image-preview:large","max-video-preview":"max-video-preview:-1"},"canonical":"https:\/\/www.uic.mx\/investigacion\/iim\/misiones\/","og_locale":"es_ES","og_type":"article","og_title":"Misiones - Investigaci\u00f3n","og_description":"Inicio \u00bfQui\u00e9nes Somos? Comunidad UIC ORP COLEG Misiones Revistas Eventos Blog Directorio Misiones Misioneros de Guadalupe UIC: Universidad Misionera \u00bfPor qu\u00e9 empez\u00f3 este proyecto? Cuenta a los lectores m\u00e1s detalles sobre la historia del proyecto, las personas que estaban involucradas y el objetivo que tu equipo pretende conseguir. COREMAG \u00bfQu\u00e9 impacto est\u00e1 teniendo tu proyecto? [&hellip;]","og_url":"https:\/\/www.uic.mx\/investigacion\/iim\/misiones\/","og_site_name":"Investigaci\u00f3n","article_modified_time":"2026-01-12T17:59:36+00:00","og_image":[{"width":404,"height":193,"url":"https:\/\/www.uic.mx\/investigacion\/wp-content\/uploads\/2026\/01\/misioneros-de-guadalupe.png","type":"image\/png"}],"twitter_card":"summary_large_image","twitter_misc":{"Tiempo de lectura":"1 minuto"},"schema":{"@context":"https:\/\/schema.org","@graph":[{"@type":"WebPage","@id":"https:\/\/www.uic.mx\/investigacion\/iim\/misiones\/","url":"https:\/\/www.uic.mx\/investigacion\/iim\/misiones\/","name":"Misiones - Investigaci\u00f3n","isPartOf":{"@id":"https:\/\/www.uic.mx\/investigacion\/#website"},"primaryImageOfPage":{"@id":"https:\/\/www.uic.mx\/investigacion\/iim\/misiones\/#primaryimage"},"image":{"@id":"https:\/\/www.uic.mx\/investigacion\/iim\/misiones\/#primaryimage"},"thumbnailUrl":"https:\/\/www.uic.mx\/investigacion\/wp-content\/uploads\/2026\/01\/misioneros-de-guadalupe.png","datePublished":"2026-01-12T16:15:23+00:00","dateModified":"2026-01-12T17:59:36+00:00","breadcrumb":{"@id":"https:\/\/www.uic.mx\/investigacion\/iim\/misiones\/#breadcrumb"},"inLanguage":"es","potentialAction":[{"@type":"ReadAction","target":["https:\/\/www.uic.mx\/investigacion\/iim\/misiones\/"]}]},{"@type":"ImageObject","inLanguage":"es","@id":"https:\/\/www.uic.mx\/investigacion\/iim\/misiones\/#primaryimage","url":"https:\/\/www.uic.mx\/investigacion\/wp-content\/uploads\/2026\/01\/misioneros-de-guadalupe.png","contentUrl":"https:\/\/www.uic.mx\/investigacion\/wp-content\/uploads\/2026\/01\/misioneros-de-guadalupe.png","width":404,"height":193},{"@type":"BreadcrumbList","@id":"https:\/\/www.uic.mx\/investigacion\/iim\/misiones\/#breadcrumb","itemListElement":[{"@type":"ListItem","position":1,"name":"Portada","item":"https:\/\/www.uic.mx\/investigacion\/"},{"@type":"ListItem","position":2,"name":"Iim","item":"https:\/\/www.uic.mx\/investigacion\/iim\/"},{"@type":"ListItem","position":3,"name":"Misiones"}]},{"@type":"WebSite","@id":"https:\/\/www.uic.mx\/investigacion\/#website","url":"https:\/\/www.uic.mx\/investigacion\/","name":"Investigaci\u00f3n","description":"","publisher":{"@id":"https:\/\/www.uic.mx\/investigacion\/#organization"},"potentialAction":[{"@type":"SearchAction","target":{"@type":"EntryPoint","urlTemplate":"https:\/\/www.uic.mx\/investigacion\/?s={search_term_string}"},"query-input":{"@type":"PropertyValueSpecification","valueRequired":true,"valueName":"search_term_string"}}],"inLanguage":"es"},{"@type":"Organization","@id":"https:\/\/www.uic.mx\/investigacion\/#organization","name":"Investigaci\u00f3n","url":"https:\/\/www.uic.mx\/investigacion\/","logo":{"@type":"ImageObject","inLanguage":"es","@id":"https:\/\/www.uic.mx\/investigacion\/#\/schema\/logo\/image\/","url":"https:\/\/www.uic.mx\/investigacion\/wp-content\/uploads\/2025\/03\/Logo-50-Universidad-Intercontinental-horizontal-blanco-scaled.png","contentUrl":"https:\/\/www.uic.mx\/investigacion\/wp-content\/uploads\/2025\/03\/Logo-50-Universidad-Intercontinental-horizontal-blanco-scaled.png","width":2560,"height":643,"caption":"Investigaci\u00f3n"},"image":{"@id":"https:\/\/www.uic.mx\/investigacion\/#\/schema\/logo\/image\/"}}]}},"_links":{"self":[{"href":"https:\/\/www.uic.mx\/investigacion\/wp-json\/wp\/v2\/pages\/5635","targetHints":{"allow":["GET"]}}],"collection":[{"href":"https:\/\/www.uic.mx\/investigacion\/wp-json\/wp\/v2\/pages"}],"about":[{"href":"https:\/\/www.uic.mx\/investigacion\/wp-json\/wp\/v2\/types\/page"}],"author":[{"embeddable":true,"href":"https:\/\/www.uic.mx\/investigacion\/wp-json\/wp\/v2\/users\/1"}],"replies":[{"embeddable":true,"href":"https:\/\/www.uic.mx\/investigacion\/wp-json\/wp\/v2\/comments?post=5635"}],"version-history":[{"count":19,"href":"https:\/\/www.uic.mx\/investigacion\/wp-json\/wp\/v2\/pages\/5635\/revisions"}],"predecessor-version":[{"id":5759,"href":"https:\/\/www.uic.mx\/investigacion\/wp-json\/wp\/v2\/pages\/5635\/revisions\/5759"}],"up":[{"embeddable":true,"href":"https:\/\/www.uic.mx\/investigacion\/wp-json\/wp\/v2\/pages\/1784"}],"wp:attachment":[{"href":"https:\/\/www.uic.mx\/investigacion\/wp-json\/wp\/v2\/media?parent=5635"}],"curies":[{"name":"wp","href":"https:\/\/api.w.org\/{rel}","templated":true}]}}