{"id":4499,"date":"2024-10-07T16:08:36","date_gmt":"2024-10-07T22:08:36","guid":{"rendered":"https:\/\/uic.mx\/licenciaturas\/?page_id=4499"},"modified":"2024-11-13T13:10:42","modified_gmt":"2024-11-13T19:10:42","slug":"gracias-contaduria-y-finanzas","status":"publish","type":"page","link":"https:\/\/www.uic.mx\/licenciaturas\/gracias-contaduria-y-finanzas\/","title":{"rendered":"Gracias"},"content":{"rendered":"\t\t<div data-elementor-type=\"wp-page\" data-elementor-id=\"4499\" class=\"elementor elementor-4499\" data-elementor-post-type=\"page\">\n\t\t\t\t<div class=\"elementor-element elementor-element-cfc84a8 e-flex e-con-boxed e-con e-parent\" data-id=\"cfc84a8\" data-element_type=\"container\" data-e-type=\"container\" data-settings=\"{&quot;background_background&quot;:&quot;classic&quot;}\">\n\t\t\t\t\t<div class=\"e-con-inner\">\n\t\t<div class=\"elementor-element elementor-element-dd589ae e-flex e-con-boxed e-con e-child\" data-id=\"dd589ae\" data-element_type=\"container\" data-e-type=\"container\">\n\t\t\t\t\t<div class=\"e-con-inner\">\n\t\t<div class=\"elementor-element elementor-element-a614b53 e-con-full e-flex e-con e-child\" data-id=\"a614b53\" data-element_type=\"container\" data-e-type=\"container\">\n\t\t\t\t<div class=\"elementor-element elementor-element-633c5e0 elementor-widget elementor-widget-heading\" data-id=\"633c5e0\" data-element_type=\"widget\" data-e-type=\"widget\" data-widget_type=\"heading.default\">\n\t\t\t\t<div class=\"elementor-widget-container\">\n\t\t\t\t\t<h1 class=\"elementor-heading-title elementor-size-default\">\u00a1Gracias por tu registro!<\/h1>\t\t\t\t<\/div>\n\t\t\t\t<\/div>\n\t\t\t\t<div class=\"elementor-element elementor-element-55581ac elementor-widget elementor-widget-heading\" data-id=\"55581ac\" data-element_type=\"widget\" data-e-type=\"widget\" data-widget_type=\"heading.default\">\n\t\t\t\t<div class=\"elementor-widget-container\">\n\t\t\t\t\t<h4 class=\"elementor-heading-title elementor-size-default\">Ahora puedes descargar el plan de estudios completo:<\/h4>\t\t\t\t<\/div>\n\t\t\t\t<\/div>\n\t\t\t\t<div class=\"elementor-element elementor-element-f4b506e elementor-widget elementor-widget-heading\" data-id=\"f4b506e\" data-element_type=\"widget\" data-e-type=\"widget\" data-widget_type=\"heading.default\">\n\t\t\t\t<div class=\"elementor-widget-container\">\n\t\t\t\t\t<h4 class=\"elementor-heading-title elementor-size-default\">Licenciatura presencial<\/h4>\t\t\t\t<\/div>\n\t\t\t\t<\/div>\n\t\t\t\t<div class=\"elementor-element elementor-element-2cbb38e elementor-widget__width-auto elementor-widget elementor-widget-heading\" data-id=\"2cbb38e\" data-element_type=\"widget\" data-e-type=\"widget\" data-widget_type=\"heading.default\">\n\t\t\t\t<div class=\"elementor-widget-container\">\n\t\t\t\t\t<p class=\"elementor-heading-title elementor-size-default\">en <span class=\"licenciatura\">Contadur\u00eda y Finanzas <\/span><\/p>\t\t\t\t<\/div>\n\t\t\t\t<\/div>\n\t\t\t\t<div class=\"elementor-element elementor-element-3c3edab elementor-align-left elementor-widget elementor-widget-button\" data-id=\"3c3edab\" data-element_type=\"widget\" data-e-type=\"widget\" data-widget_type=\"button.default\">\n\t\t\t\t<div class=\"elementor-widget-container\">\n\t\t\t\t\t\t\t\t\t<div class=\"elementor-button-wrapper\">\n\t\t\t\t\t<a class=\"elementor-button elementor-button-link elementor-size-sm\" href=\"https:\/\/uic.mx\/licenciaturas\/wp-content\/uploads\/2024\/10\/FLYER-CONTADURIA-Y-FINANZAS-DIGITAL-11-JULIO-2022.pdf\" target=\"_blank\" rel=\"nofollow\">\n\t\t\t\t\t\t<span class=\"elementor-button-content-wrapper\">\n\t\t\t\t\t\t\t\t\t<span class=\"elementor-button-text\">PLAN DE ESTUDIOS<\/span>\n\t\t\t\t\t<\/span>\n\t\t\t\t\t<\/a>\n\t\t\t\t<\/div>\n\t\t\t\t\t\t\t\t<\/div>\n\t\t\t\t<\/div>\n\t\t\t\t<\/div>\n\t\t<div class=\"elementor-element elementor-element-1690f19 e-con-full elementor-hidden-tablet elementor-hidden-mobile e-flex e-con e-child\" data-id=\"1690f19\" data-element_type=\"container\" data-e-type=\"container\">\n\t\t\t\t<\/div>\n\t\t\t\t\t<\/div>\n\t\t\t\t<\/div>\n\t\t<div class=\"elementor-element elementor-element-4d73e2d e-flex e-con-boxed e-con e-child\" data-id=\"4d73e2d\" data-element_type=\"container\" data-e-type=\"container\" data-settings=\"{&quot;background_background&quot;:&quot;classic&quot;}\">\n\t\t\t\t\t<div class=\"e-con-inner\">\n\t\t<div class=\"elementor-element elementor-element-3075083 e-con-full e-flex e-con e-child\" data-id=\"3075083\" data-element_type=\"container\" data-e-type=\"container\">\n\t\t\t\t<div class=\"elementor-element elementor-element-bed1e99 elementor-widget elementor-widget-text-editor\" data-id=\"bed1e99\" data-element_type=\"widget\" data-e-type=\"widget\" data-widget_type=\"text-editor.default\">\n\t\t\t\t<div class=\"elementor-widget-container\">\n\t\t\t\t\t\t\t\t\t<p>Uno de nuestros asesores educativos te contactar\u00e1 pronto para ofrecerte m\u00e1s informaci\u00f3n sobre tu <strong>Beca UIC.<\/strong> <br \/>Te invitamos a seguirnos en nuestras redes sociales oficiales <strong>@UICmx y descubrir<\/strong> m\u00e1s sobre el campus<\/p>\t\t\t\t\t\t\t\t<\/div>\n\t\t\t\t<\/div>\n\t\t\t\t<\/div>\n\t\t<div class=\"elementor-element elementor-element-f20ea5a e-con-full elementor-hidden-mobile e-flex e-con e-child\" data-id=\"f20ea5a\" data-element_type=\"container\" data-e-type=\"container\">\n\t\t\t\t<\/div>\n\t\t\t\t\t<\/div>\n\t\t\t\t<\/div>\n\t\t\t\t<div class=\"elementor-element elementor-element-7e3edf1 elementor-hidden-tablet elementor-hidden-mobile elementor-widget elementor-widget-image\" data-id=\"7e3edf1\" data-element_type=\"widget\" data-e-type=\"widget\" id=\"border-txt\" data-widget_type=\"image.default\">\n\t\t\t\t<div class=\"elementor-widget-container\">\n\t\t\t\t\t\t\t\t\t\t\t\t\t\t\t<img fetchpriority=\"high\" decoding=\"async\" width=\"619\" height=\"653\" src=\"https:\/\/www.uic.mx\/licenciaturas\/wp-content\/uploads\/2024\/07\/border-gracias.png\" class=\"attachment-full size-full wp-image-1290\" alt=\"\" srcset=\"https:\/\/www.uic.mx\/licenciaturas\/wp-content\/uploads\/2024\/07\/border-gracias.png 619w, https:\/\/www.uic.mx\/licenciaturas\/wp-content\/uploads\/2024\/07\/border-gracias-284x300.png 284w\" sizes=\"(max-width: 619px) 100vw, 619px\" \/>\t\t\t\t\t\t\t\t\t\t\t\t\t\t\t<\/div>\n\t\t\t\t<\/div>\n\t\t<div class=\"elementor-element elementor-element-05c1670 e-flex e-con-boxed e-con e-child\" data-id=\"05c1670\" data-element_type=\"container\" data-e-type=\"container\">\n\t\t\t\t\t<div class=\"e-con-inner\">\n\t\t\t\t<div class=\"elementor-element elementor-element-9fa30d1 elementor-widget elementor-widget-text-editor\" data-id=\"9fa30d1\" data-element_type=\"widget\" data-e-type=\"widget\" data-widget_type=\"text-editor.default\">\n\t\t\t\t<div class=\"elementor-widget-container\">\n\t\t\t\t\t\t\t\t\t<a class=\"enlace-gracias\" href=\"#\">Nosotros<\/a> | <a class=\"enlace-gracias\" href=\"#\">Aviso de privacidad<\/a>\t\t\t\t\t\t\t\t<\/div>\n\t\t\t\t<\/div>\n\t\t\t\t\t<\/div>\n\t\t\t\t<\/div>\n\t\t\t\t\t<\/div>\n\t\t\t\t<\/div>\n\t\t\t\t<\/div>\n\t\t","protected":false},"excerpt":{"rendered":"<p>\u00a1Gracias por tu registro! Ahora puedes descargar el plan de estudios completo: Licenciatura presencial en Contadur\u00eda y Finanzas PLAN DE ESTUDIOS Uno de nuestros asesores educativos te contactar\u00e1 pronto para ofrecerte m\u00e1s informaci\u00f3n sobre tu Beca UIC. Te invitamos a seguirnos en nuestras redes sociales oficiales @UICmx y descubrir m\u00e1s sobre el campus Nosotros | [&hellip;]<\/p>\n","protected":false},"author":1,"featured_media":0,"parent":0,"menu_order":0,"comment_status":"closed","ping_status":"closed","template":"","meta":{"footnotes":""},"class_list":["post-4499","page","type-page","status-publish","hentry"],"yoast_head":"<!-- This site is optimized with the Yoast SEO plugin v27.4 - https:\/\/yoast.com\/product\/yoast-seo-wordpress\/ -->\n<title>Gracias - licenciaturas UIC<\/title>\n<meta name=\"robots\" content=\"index, follow, max-snippet:-1, max-image-preview:large, max-video-preview:-1\" \/>\n<link rel=\"canonical\" href=\"https:\/\/www.uic.mx\/licenciaturas\/gracias-contaduria-y-finanzas\/\" \/>\n<meta property=\"og:locale\" content=\"es_MX\" \/>\n<meta property=\"og:type\" content=\"article\" \/>\n<meta property=\"og:title\" content=\"Gracias - licenciaturas UIC\" \/>\n<meta property=\"og:description\" content=\"\u00a1Gracias por tu registro! Ahora puedes descargar el plan de estudios completo: Licenciatura presencial en Contadur\u00eda y Finanzas PLAN DE ESTUDIOS Uno de nuestros asesores educativos te contactar\u00e1 pronto para ofrecerte m\u00e1s informaci\u00f3n sobre tu Beca UIC. Te invitamos a seguirnos en nuestras redes sociales oficiales @UICmx y descubrir m\u00e1s sobre el campus Nosotros | [&hellip;]\" \/>\n<meta property=\"og:url\" content=\"https:\/\/www.uic.mx\/licenciaturas\/gracias-contaduria-y-finanzas\/\" \/>\n<meta property=\"og:site_name\" content=\"licenciaturas UIC\" \/>\n<meta property=\"article:modified_time\" content=\"2024-11-13T19:10:42+00:00\" \/>\n<meta property=\"og:image\" content=\"https:\/\/uic.mx\/licenciaturas\/wp-content\/uploads\/2024\/07\/border-gracias.png\" \/>\n<meta name=\"twitter:card\" content=\"summary_large_image\" \/>\n<meta name=\"twitter:label1\" content=\"Tiempo de lectura\" \/>\n\t<meta name=\"twitter:data1\" content=\"1 minuto\" \/>\n<script type=\"application\/ld+json\" class=\"yoast-schema-graph\">{\"@context\":\"https:\\\/\\\/schema.org\",\"@graph\":[{\"@type\":\"WebPage\",\"@id\":\"https:\\\/\\\/www.uic.mx\\\/licenciaturas\\\/gracias-contaduria-y-finanzas\\\/\",\"url\":\"https:\\\/\\\/www.uic.mx\\\/licenciaturas\\\/gracias-contaduria-y-finanzas\\\/\",\"name\":\"Gracias - licenciaturas UIC\",\"isPartOf\":{\"@id\":\"https:\\\/\\\/www.uic.mx\\\/licenciaturas\\\/#website\"},\"primaryImageOfPage\":{\"@id\":\"https:\\\/\\\/www.uic.mx\\\/licenciaturas\\\/gracias-contaduria-y-finanzas\\\/#primaryimage\"},\"image\":{\"@id\":\"https:\\\/\\\/www.uic.mx\\\/licenciaturas\\\/gracias-contaduria-y-finanzas\\\/#primaryimage\"},\"thumbnailUrl\":\"https:\\\/\\\/uic.mx\\\/licenciaturas\\\/wp-content\\\/uploads\\\/2024\\\/07\\\/border-gracias.png\",\"datePublished\":\"2024-10-07T22:08:36+00:00\",\"dateModified\":\"2024-11-13T19:10:42+00:00\",\"breadcrumb\":{\"@id\":\"https:\\\/\\\/www.uic.mx\\\/licenciaturas\\\/gracias-contaduria-y-finanzas\\\/#breadcrumb\"},\"inLanguage\":\"es\",\"potentialAction\":[{\"@type\":\"ReadAction\",\"target\":[\"https:\\\/\\\/www.uic.mx\\\/licenciaturas\\\/gracias-contaduria-y-finanzas\\\/\"]}]},{\"@type\":\"ImageObject\",\"inLanguage\":\"es\",\"@id\":\"https:\\\/\\\/www.uic.mx\\\/licenciaturas\\\/gracias-contaduria-y-finanzas\\\/#primaryimage\",\"url\":\"https:\\\/\\\/uic.mx\\\/licenciaturas\\\/wp-content\\\/uploads\\\/2024\\\/07\\\/border-gracias.png\",\"contentUrl\":\"https:\\\/\\\/uic.mx\\\/licenciaturas\\\/wp-content\\\/uploads\\\/2024\\\/07\\\/border-gracias.png\"},{\"@type\":\"BreadcrumbList\",\"@id\":\"https:\\\/\\\/www.uic.mx\\\/licenciaturas\\\/gracias-contaduria-y-finanzas\\\/#breadcrumb\",\"itemListElement\":[{\"@type\":\"ListItem\",\"position\":1,\"name\":\"Portada\",\"item\":\"https:\\\/\\\/www.uic.mx\\\/licenciaturas\\\/\"},{\"@type\":\"ListItem\",\"position\":2,\"name\":\"Gracias\"}]},{\"@type\":\"WebSite\",\"@id\":\"https:\\\/\\\/www.uic.mx\\\/licenciaturas\\\/#website\",\"url\":\"https:\\\/\\\/www.uic.mx\\\/licenciaturas\\\/\",\"name\":\"licenciaturas UIC\",\"description\":\"\",\"publisher\":{\"@id\":\"https:\\\/\\\/www.uic.mx\\\/licenciaturas\\\/#organization\"},\"potentialAction\":[{\"@type\":\"SearchAction\",\"target\":{\"@type\":\"EntryPoint\",\"urlTemplate\":\"https:\\\/\\\/www.uic.mx\\\/licenciaturas\\\/?s={search_term_string}\"},\"query-input\":{\"@type\":\"PropertyValueSpecification\",\"valueRequired\":true,\"valueName\":\"search_term_string\"}}],\"inLanguage\":\"es\"},{\"@type\":\"Organization\",\"@id\":\"https:\\\/\\\/www.uic.mx\\\/licenciaturas\\\/#organization\",\"name\":\"licenciaturas UIC\",\"url\":\"https:\\\/\\\/www.uic.mx\\\/licenciaturas\\\/\",\"logo\":{\"@type\":\"ImageObject\",\"inLanguage\":\"es\",\"@id\":\"https:\\\/\\\/www.uic.mx\\\/licenciaturas\\\/#\\\/schema\\\/logo\\\/image\\\/\",\"url\":\"https:\\\/\\\/www.uic.mx\\\/licenciaturas\\\/wp-content\\\/uploads\\\/2024\\\/05\\\/Logo-50-Universidad-Intercontinental-horizontal-blanco-scaled.png\",\"contentUrl\":\"https:\\\/\\\/www.uic.mx\\\/licenciaturas\\\/wp-content\\\/uploads\\\/2024\\\/05\\\/Logo-50-Universidad-Intercontinental-horizontal-blanco-scaled.png\",\"width\":2560,\"height\":643,\"caption\":\"licenciaturas UIC\"},\"image\":{\"@id\":\"https:\\\/\\\/www.uic.mx\\\/licenciaturas\\\/#\\\/schema\\\/logo\\\/image\\\/\"}}]}<\/script>\n<!-- \/ Yoast SEO plugin. -->","yoast_head_json":{"title":"Gracias - licenciaturas UIC","robots":{"index":"index","follow":"follow","max-snippet":"max-snippet:-1","max-image-preview":"max-image-preview:large","max-video-preview":"max-video-preview:-1"},"canonical":"https:\/\/www.uic.mx\/licenciaturas\/gracias-contaduria-y-finanzas\/","og_locale":"es_MX","og_type":"article","og_title":"Gracias - licenciaturas UIC","og_description":"\u00a1Gracias por tu registro! Ahora puedes descargar el plan de estudios completo: Licenciatura presencial en Contadur\u00eda y Finanzas PLAN DE ESTUDIOS Uno de nuestros asesores educativos te contactar\u00e1 pronto para ofrecerte m\u00e1s informaci\u00f3n sobre tu Beca UIC. Te invitamos a seguirnos en nuestras redes sociales oficiales @UICmx y descubrir m\u00e1s sobre el campus Nosotros | [&hellip;]","og_url":"https:\/\/www.uic.mx\/licenciaturas\/gracias-contaduria-y-finanzas\/","og_site_name":"licenciaturas UIC","article_modified_time":"2024-11-13T19:10:42+00:00","og_image":[{"url":"https:\/\/uic.mx\/licenciaturas\/wp-content\/uploads\/2024\/07\/border-gracias.png","type":"","width":"","height":""}],"twitter_card":"summary_large_image","twitter_misc":{"Tiempo de lectura":"1 minuto"},"schema":{"@context":"https:\/\/schema.org","@graph":[{"@type":"WebPage","@id":"https:\/\/www.uic.mx\/licenciaturas\/gracias-contaduria-y-finanzas\/","url":"https:\/\/www.uic.mx\/licenciaturas\/gracias-contaduria-y-finanzas\/","name":"Gracias - licenciaturas UIC","isPartOf":{"@id":"https:\/\/www.uic.mx\/licenciaturas\/#website"},"primaryImageOfPage":{"@id":"https:\/\/www.uic.mx\/licenciaturas\/gracias-contaduria-y-finanzas\/#primaryimage"},"image":{"@id":"https:\/\/www.uic.mx\/licenciaturas\/gracias-contaduria-y-finanzas\/#primaryimage"},"thumbnailUrl":"https:\/\/uic.mx\/licenciaturas\/wp-content\/uploads\/2024\/07\/border-gracias.png","datePublished":"2024-10-07T22:08:36+00:00","dateModified":"2024-11-13T19:10:42+00:00","breadcrumb":{"@id":"https:\/\/www.uic.mx\/licenciaturas\/gracias-contaduria-y-finanzas\/#breadcrumb"},"inLanguage":"es","potentialAction":[{"@type":"ReadAction","target":["https:\/\/www.uic.mx\/licenciaturas\/gracias-contaduria-y-finanzas\/"]}]},{"@type":"ImageObject","inLanguage":"es","@id":"https:\/\/www.uic.mx\/licenciaturas\/gracias-contaduria-y-finanzas\/#primaryimage","url":"https:\/\/uic.mx\/licenciaturas\/wp-content\/uploads\/2024\/07\/border-gracias.png","contentUrl":"https:\/\/uic.mx\/licenciaturas\/wp-content\/uploads\/2024\/07\/border-gracias.png"},{"@type":"BreadcrumbList","@id":"https:\/\/www.uic.mx\/licenciaturas\/gracias-contaduria-y-finanzas\/#breadcrumb","itemListElement":[{"@type":"ListItem","position":1,"name":"Portada","item":"https:\/\/www.uic.mx\/licenciaturas\/"},{"@type":"ListItem","position":2,"name":"Gracias"}]},{"@type":"WebSite","@id":"https:\/\/www.uic.mx\/licenciaturas\/#website","url":"https:\/\/www.uic.mx\/licenciaturas\/","name":"licenciaturas UIC","description":"","publisher":{"@id":"https:\/\/www.uic.mx\/licenciaturas\/#organization"},"potentialAction":[{"@type":"SearchAction","target":{"@type":"EntryPoint","urlTemplate":"https:\/\/www.uic.mx\/licenciaturas\/?s={search_term_string}"},"query-input":{"@type":"PropertyValueSpecification","valueRequired":true,"valueName":"search_term_string"}}],"inLanguage":"es"},{"@type":"Organization","@id":"https:\/\/www.uic.mx\/licenciaturas\/#organization","name":"licenciaturas UIC","url":"https:\/\/www.uic.mx\/licenciaturas\/","logo":{"@type":"ImageObject","inLanguage":"es","@id":"https:\/\/www.uic.mx\/licenciaturas\/#\/schema\/logo\/image\/","url":"https:\/\/www.uic.mx\/licenciaturas\/wp-content\/uploads\/2024\/05\/Logo-50-Universidad-Intercontinental-horizontal-blanco-scaled.png","contentUrl":"https:\/\/www.uic.mx\/licenciaturas\/wp-content\/uploads\/2024\/05\/Logo-50-Universidad-Intercontinental-horizontal-blanco-scaled.png","width":2560,"height":643,"caption":"licenciaturas UIC"},"image":{"@id":"https:\/\/www.uic.mx\/licenciaturas\/#\/schema\/logo\/image\/"}}]}},"_links":{"self":[{"href":"https:\/\/www.uic.mx\/licenciaturas\/wp-json\/wp\/v2\/pages\/4499","targetHints":{"allow":["GET"]}}],"collection":[{"href":"https:\/\/www.uic.mx\/licenciaturas\/wp-json\/wp\/v2\/pages"}],"about":[{"href":"https:\/\/www.uic.mx\/licenciaturas\/wp-json\/wp\/v2\/types\/page"}],"author":[{"embeddable":true,"href":"https:\/\/www.uic.mx\/licenciaturas\/wp-json\/wp\/v2\/users\/1"}],"replies":[{"embeddable":true,"href":"https:\/\/www.uic.mx\/licenciaturas\/wp-json\/wp\/v2\/comments?post=4499"}],"version-history":[{"count":7,"href":"https:\/\/www.uic.mx\/licenciaturas\/wp-json\/wp\/v2\/pages\/4499\/revisions"}],"predecessor-version":[{"id":4838,"href":"https:\/\/www.uic.mx\/licenciaturas\/wp-json\/wp\/v2\/pages\/4499\/revisions\/4838"}],"wp:attachment":[{"href":"https:\/\/www.uic.mx\/licenciaturas\/wp-json\/wp\/v2\/media?parent=4499"}],"curies":[{"name":"wp","href":"https:\/\/api.w.org\/{rel}","templated":true}]}}