{"id":427,"date":"2024-11-13T14:42:35","date_gmt":"2024-11-13T20:42:35","guid":{"rendered":"https:\/\/www.uic.mx\/posgrados\/?page_id=427"},"modified":"2025-02-26T11:23:46","modified_gmt":"2025-02-26T17:23:46","slug":"gracias","status":"publish","type":"page","link":"https:\/\/www.uic.mx\/posgrados\/gracias\/","title":{"rendered":"Gracias"},"content":{"rendered":"\t\t<div data-elementor-type=\"wp-page\" data-elementor-id=\"427\" class=\"elementor elementor-427\" data-elementor-post-type=\"page\">\n\t\t\t\t<div class=\"elementor-element elementor-element-ab87527 e-flex e-con-boxed e-con e-parent\" data-id=\"ab87527\" data-element_type=\"container\" data-e-type=\"container\">\n\t\t\t\t\t<div class=\"e-con-inner\">\n\t\t<div class=\"elementor-element elementor-element-2ad007d e-con-full e-flex e-con e-child\" data-id=\"2ad007d\" data-element_type=\"container\" data-e-type=\"container\" data-settings=\"{&quot;background_background&quot;:&quot;classic&quot;}\">\n\t\t<div class=\"elementor-element elementor-element-cf37631 e-con-full e-flex e-con e-child\" data-id=\"cf37631\" data-element_type=\"container\" data-e-type=\"container\">\n\t\t<div class=\"elementor-element elementor-element-199f49f e-con-full e-flex e-con e-child\" data-id=\"199f49f\" data-element_type=\"container\" data-e-type=\"container\" data-settings=\"{&quot;background_background&quot;:&quot;classic&quot;}\">\n\t\t\t\t<div class=\"elementor-element elementor-element-4fa5653 elementor-widget__width-initial elementor-widget elementor-widget-heading\" data-id=\"4fa5653\" data-element_type=\"widget\" data-e-type=\"widget\" data-widget_type=\"heading.default\">\n\t\t\t\t<div class=\"elementor-widget-container\">\n\t\t\t\t\t<h3 class=\"elementor-heading-title elementor-size-default\">\u00a1Gracias por tu inter\u00e9s en los posgrados de la Universidad Intercontinental!<\/h3>\t\t\t\t<\/div>\n\t\t\t\t<\/div>\n\t\t\t\t<div class=\"elementor-element elementor-element-97692e7 elementor-widget elementor-widget-text-editor\" data-id=\"97692e7\" data-element_type=\"widget\" data-e-type=\"widget\" data-widget_type=\"text-editor.default\">\n\t\t\t\t<div class=\"elementor-widget-container\">\n\t\t\t\t\t\t\t\t\t<p>Ya recibimos tu informaci\u00f3n y nos pondremos en contacto contigo<\/p><p>Las ventajas de estudiar un posgrado son variadas, entre ellas se encuentran:<\/p><p>\u00a0<\/p><ul><li>Satisfacci\u00f3n personal<\/li><li>Ventajas laborales<\/li><li>Mayor preparaci\u00f3n\u00a0<em>vs<\/em>. desempleo<\/li><\/ul><p>\u00a0<\/p><p>\u00a0<\/p><p>Conoce m\u00e1s a detalle estos y m\u00e1s beneficios en:<\/p>\t\t\t\t\t\t\t\t<\/div>\n\t\t\t\t<\/div>\n\t\t\t\t<div class=\"elementor-element elementor-element-5102ac6 elementor-widget elementor-widget-button\" data-id=\"5102ac6\" data-element_type=\"widget\" data-e-type=\"widget\" data-widget_type=\"button.default\">\n\t\t\t\t<div class=\"elementor-widget-container\">\n\t\t\t\t\t\t\t\t\t<div class=\"elementor-button-wrapper\">\n\t\t\t\t\t<a class=\"elementor-button elementor-button-link elementor-size-sm\" href=\"https:\/\/www.uic.mx\/estudia-un-posgrado-invierte-en-ti-mismo\/\">\n\t\t\t\t\t\t<span class=\"elementor-button-content-wrapper\">\n\t\t\t\t\t\t\t\t\t<span class=\"elementor-button-text\">M\u00e1s Beneficios<\/span>\n\t\t\t\t\t<\/span>\n\t\t\t\t\t<\/a>\n\t\t\t\t<\/div>\n\t\t\t\t\t\t\t\t<\/div>\n\t\t\t\t<\/div>\n\t\t\t\t<\/div>\n\t\t\t\t<\/div>\n\t\t\t\t<div class=\"elementor-element elementor-element-e0f762f elementor-widget elementor-widget-heading\" data-id=\"e0f762f\" data-element_type=\"widget\" data-e-type=\"widget\" data-widget_type=\"heading.default\">\n\t\t\t\t<div class=\"elementor-widget-container\">\n\t\t\t\t\t<h3 class=\"elementor-heading-title elementor-size-default\">\u00a1Nos vemos pronto!<\/h3>\t\t\t\t<\/div>\n\t\t\t\t<\/div>\n\t\t<div class=\"elementor-element elementor-element-d897869 e-flex e-con-boxed e-con e-child\" data-id=\"d897869\" data-element_type=\"container\" data-e-type=\"container\">\n\t\t\t\t\t<div class=\"e-con-inner\">\n\t\t<div class=\"elementor-element elementor-element-700702e e-con-full e-flex e-con e-child\" data-id=\"700702e\" data-element_type=\"container\" data-e-type=\"container\">\n\t\t\t\t<div class=\"elementor-element elementor-element-d1ad16f elementor-widget elementor-widget-heading\" data-id=\"d1ad16f\" data-element_type=\"widget\" data-e-type=\"widget\" data-widget_type=\"heading.default\">\n\t\t\t\t<div class=\"elementor-widget-container\">\n\t\t\t\t\t<h2 class=\"elementor-heading-title elementor-size-default\">S\u00ed. En la UIC es posible<\/h2>\t\t\t\t<\/div>\n\t\t\t\t<\/div>\n\t\t\t\t<div class=\"elementor-element elementor-element-1633396 elementor-hidden-desktop elementor-hidden-tablet elementor-hidden-mobile elementor-widget elementor-widget-heading\" data-id=\"1633396\" data-element_type=\"widget\" data-e-type=\"widget\" data-widget_type=\"heading.default\">\n\t\t\t\t<div class=\"elementor-widget-container\">\n\t\t\t\t\t<h2 class=\"elementor-heading-title elementor-size-default\">Te invitamos a leer el siguiente art\u00edculo:<\/h2>\t\t\t\t<\/div>\n\t\t\t\t<\/div>\n\t\t\t\t<\/div>\n\t\t<div class=\"elementor-element elementor-element-26f885c e-con-full elementor-hidden-tablet elementor-hidden-mobile e-flex e-con e-child\" data-id=\"26f885c\" data-element_type=\"container\" data-e-type=\"container\">\n\t\t\t\t<div class=\"elementor-element elementor-element-3861b01 elementor-widget elementor-widget-image\" data-id=\"3861b01\" data-element_type=\"widget\" data-e-type=\"widget\" data-widget_type=\"image.default\">\n\t\t\t\t<div class=\"elementor-widget-container\">\n\t\t\t\t\t\t\t\t\t\t\t\t\t\t\t<img decoding=\"async\" width=\"993\" height=\"12\" src=\"https:\/\/www.uic.mx\/posgrados\/wp-content\/uploads\/borde_posible.png\" class=\"attachment-full size-full wp-image-1511\" alt=\"\" srcset=\"https:\/\/www.uic.mx\/posgrados\/wp-content\/uploads\/borde_posible.png 993w, https:\/\/www.uic.mx\/posgrados\/wp-content\/uploads\/borde_posible-300x4.png 300w, https:\/\/www.uic.mx\/posgrados\/wp-content\/uploads\/borde_posible-768x9.png 768w\" sizes=\"(max-width: 993px) 100vw, 993px\" \/>\t\t\t\t\t\t\t\t\t\t\t\t\t\t\t<\/div>\n\t\t\t\t<\/div>\n\t\t\t\t<\/div>\n\t\t\t\t\t<\/div>\n\t\t\t\t<\/div>\n\t\t\t\t<div class=\"elementor-element elementor-element-d665759 elementor-align-center elementor-widget elementor-widget-button\" data-id=\"d665759\" data-element_type=\"widget\" data-e-type=\"widget\" data-widget_type=\"button.default\">\n\t\t\t\t<div class=\"elementor-widget-container\">\n\t\t\t\t\t\t\t\t\t<div class=\"elementor-button-wrapper\">\n\t\t\t\t\t<a class=\"elementor-button elementor-button-link elementor-size-sm\" href=\"https:\/\/www.uic.mx\/posgrados\">\n\t\t\t\t\t\t<span class=\"elementor-button-content-wrapper\">\n\t\t\t\t\t\t<span class=\"elementor-button-icon\">\n\t\t\t\t<svg aria-hidden=\"true\" class=\"e-font-icon-svg e-fas-arrow-circle-left\" viewBox=\"0 0 512 512\" xmlns=\"http:\/\/www.w3.org\/2000\/svg\"><path d=\"M256 504C119 504 8 393 8 256S119 8 256 8s248 111 248 248-111 248-248 248zm28.9-143.6L209.4 288H392c13.3 0 24-10.7 24-24v-16c0-13.3-10.7-24-24-24H209.4l75.5-72.4c9.7-9.3 9.9-24.8.4-34.3l-11-10.9c-9.4-9.4-24.6-9.4-33.9 0L107.7 239c-9.4 9.4-9.4 24.6 0 33.9l132.7 132.7c9.4 9.4 24.6 9.4 33.9 0l11-10.9c9.5-9.5 9.3-25-.4-34.3z\"><\/path><\/svg>\t\t\t<\/span>\n\t\t\t\t\t\t\t\t\t<span class=\"elementor-button-text\">Regresar<\/span>\n\t\t\t\t\t<\/span>\n\t\t\t\t\t<\/a>\n\t\t\t\t<\/div>\n\t\t\t\t\t\t\t\t<\/div>\n\t\t\t\t<\/div>\n\t\t\t\t<div class=\"elementor-element elementor-element-e92aea0 elementor-widget elementor-widget-spacer\" data-id=\"e92aea0\" data-element_type=\"widget\" data-e-type=\"widget\" data-widget_type=\"spacer.default\">\n\t\t\t\t<div class=\"elementor-widget-container\">\n\t\t\t\t\t\t\t<div class=\"elementor-spacer\">\n\t\t\t<div class=\"elementor-spacer-inner\"><\/div>\n\t\t<\/div>\n\t\t\t\t\t\t<\/div>\n\t\t\t\t<\/div>\n\t\t<div class=\"elementor-element elementor-element-07858a7 e-con-full e-flex e-con e-child\" data-id=\"07858a7\" data-element_type=\"container\" data-e-type=\"container\">\n\t\t\t\t<div class=\"elementor-element elementor-element-8c687ec elementor-hidden-desktop elementor-hidden-tablet elementor-hidden-mobile elementor-widget elementor-widget-heading\" data-id=\"8c687ec\" data-element_type=\"widget\" data-e-type=\"widget\" data-widget_type=\"heading.default\">\n\t\t\t\t<div class=\"elementor-widget-container\">\n\t\t\t\t\t<h3 class=\"elementor-heading-title elementor-size-default\">Bachillerato o preparatoria: \u00bfcu\u00e1l es la diferencia?<\/h3>\t\t\t\t<\/div>\n\t\t\t\t<\/div>\n\t\t\t\t<\/div>\n\t\t\t\t<\/div>\n\t\t\t\t\t<\/div>\n\t\t\t\t<\/div>\n\t\t\t\t<\/div>\n\t\t","protected":false},"excerpt":{"rendered":"<p>\u00a1Gracias por tu inter\u00e9s en los posgrados de la Universidad Intercontinental! Ya recibimos tu informaci\u00f3n y nos pondremos en contacto contigo Las ventajas de estudiar un posgrado son variadas, entre ellas se encuentran: \u00a0 Satisfacci\u00f3n personal Ventajas laborales Mayor preparaci\u00f3n\u00a0vs. desempleo \u00a0 \u00a0 Conoce m\u00e1s a detalle estos y m\u00e1s beneficios en: M\u00e1s Beneficios \u00a1Nos [&hellip;]<\/p>\n","protected":false},"author":1,"featured_media":0,"parent":0,"menu_order":0,"comment_status":"closed","ping_status":"closed","template":"","meta":{"_acf_changed":false,"footnotes":""},"class_list":["post-427","page","type-page","status-publish","hentry"],"acf":[],"yoast_head":"<!-- This site is optimized with the Yoast SEO plugin v27.5 - https:\/\/yoast.com\/product\/yoast-seo-wordpress\/ -->\n<title>Gracias - Posgrados UIC<\/title>\n<meta name=\"robots\" content=\"index, follow, max-snippet:-1, max-image-preview:large, max-video-preview:-1\" \/>\n<link rel=\"canonical\" href=\"https:\/\/www.uic.mx\/posgrados\/gracias\/\" \/>\n<meta property=\"og:locale\" content=\"es_MX\" \/>\n<meta property=\"og:type\" content=\"article\" \/>\n<meta property=\"og:title\" content=\"Gracias - Posgrados UIC\" \/>\n<meta property=\"og:description\" content=\"\u00a1Gracias por tu inter\u00e9s en los posgrados de la Universidad Intercontinental! Ya recibimos tu informaci\u00f3n y nos pondremos en contacto contigo Las ventajas de estudiar un posgrado son variadas, entre ellas se encuentran: \u00a0 Satisfacci\u00f3n personal Ventajas laborales Mayor preparaci\u00f3n\u00a0vs. desempleo \u00a0 \u00a0 Conoce m\u00e1s a detalle estos y m\u00e1s beneficios en: M\u00e1s Beneficios \u00a1Nos [&hellip;]\" \/>\n<meta property=\"og:url\" content=\"https:\/\/www.uic.mx\/posgrados\/gracias\/\" \/>\n<meta property=\"og:site_name\" content=\"Posgrados UIC\" \/>\n<meta property=\"article:modified_time\" content=\"2025-02-26T17:23:46+00:00\" \/>\n<meta property=\"og:image\" content=\"https:\/\/www.uic.mx\/posgrados\/wp-content\/uploads\/borde_posible.png\" \/>\n\t<meta property=\"og:image:width\" content=\"993\" \/>\n\t<meta property=\"og:image:height\" content=\"12\" \/>\n\t<meta property=\"og:image:type\" content=\"image\/png\" \/>\n<meta name=\"twitter:card\" content=\"summary_large_image\" \/>\n<script type=\"application\/ld+json\" class=\"yoast-schema-graph\">{\"@context\":\"https:\\\/\\\/schema.org\",\"@graph\":[{\"@type\":\"WebPage\",\"@id\":\"https:\\\/\\\/www.uic.mx\\\/posgrados\\\/gracias\\\/\",\"url\":\"https:\\\/\\\/www.uic.mx\\\/posgrados\\\/gracias\\\/\",\"name\":\"Gracias - Posgrados UIC\",\"isPartOf\":{\"@id\":\"https:\\\/\\\/www.uic.mx\\\/posgrados\\\/#website\"},\"primaryImageOfPage\":{\"@id\":\"https:\\\/\\\/www.uic.mx\\\/posgrados\\\/gracias\\\/#primaryimage\"},\"image\":{\"@id\":\"https:\\\/\\\/www.uic.mx\\\/posgrados\\\/gracias\\\/#primaryimage\"},\"thumbnailUrl\":\"https:\\\/\\\/www.uic.mx\\\/posgrados\\\/wp-content\\\/uploads\\\/borde_posible.png\",\"datePublished\":\"2024-11-13T20:42:35+00:00\",\"dateModified\":\"2025-02-26T17:23:46+00:00\",\"breadcrumb\":{\"@id\":\"https:\\\/\\\/www.uic.mx\\\/posgrados\\\/gracias\\\/#breadcrumb\"},\"inLanguage\":\"es\",\"potentialAction\":[{\"@type\":\"ReadAction\",\"target\":[\"https:\\\/\\\/www.uic.mx\\\/posgrados\\\/gracias\\\/\"]}]},{\"@type\":\"ImageObject\",\"inLanguage\":\"es\",\"@id\":\"https:\\\/\\\/www.uic.mx\\\/posgrados\\\/gracias\\\/#primaryimage\",\"url\":\"https:\\\/\\\/www.uic.mx\\\/posgrados\\\/wp-content\\\/uploads\\\/borde_posible.png\",\"contentUrl\":\"https:\\\/\\\/www.uic.mx\\\/posgrados\\\/wp-content\\\/uploads\\\/borde_posible.png\",\"width\":993,\"height\":12},{\"@type\":\"BreadcrumbList\",\"@id\":\"https:\\\/\\\/www.uic.mx\\\/posgrados\\\/gracias\\\/#breadcrumb\",\"itemListElement\":[{\"@type\":\"ListItem\",\"position\":1,\"name\":\"Inicio\",\"item\":\"https:\\\/\\\/www.uic.mx\\\/posgrados\\\/\"},{\"@type\":\"ListItem\",\"position\":2,\"name\":\"Gracias\"}]},{\"@type\":\"WebSite\",\"@id\":\"https:\\\/\\\/www.uic.mx\\\/posgrados\\\/#website\",\"url\":\"https:\\\/\\\/www.uic.mx\\\/posgrados\\\/\",\"name\":\"Posgrados UIC\",\"description\":\"\",\"publisher\":{\"@id\":\"https:\\\/\\\/www.uic.mx\\\/posgrados\\\/#organization\"},\"potentialAction\":[{\"@type\":\"SearchAction\",\"target\":{\"@type\":\"EntryPoint\",\"urlTemplate\":\"https:\\\/\\\/www.uic.mx\\\/posgrados\\\/?s={search_term_string}\"},\"query-input\":{\"@type\":\"PropertyValueSpecification\",\"valueRequired\":true,\"valueName\":\"search_term_string\"}}],\"inLanguage\":\"es\"},{\"@type\":\"Organization\",\"@id\":\"https:\\\/\\\/www.uic.mx\\\/posgrados\\\/#organization\",\"name\":\"Posgrados UIC\",\"url\":\"https:\\\/\\\/www.uic.mx\\\/posgrados\\\/\",\"logo\":{\"@type\":\"ImageObject\",\"inLanguage\":\"es\",\"@id\":\"https:\\\/\\\/www.uic.mx\\\/posgrados\\\/#\\\/schema\\\/logo\\\/image\\\/\",\"url\":\"https:\\\/\\\/www.uic.mx\\\/posgrados\\\/wp-content\\\/uploads\\\/Logo-50-Universidad-Intercontinental-horizontal-blanco-scaled.png\",\"contentUrl\":\"https:\\\/\\\/www.uic.mx\\\/posgrados\\\/wp-content\\\/uploads\\\/Logo-50-Universidad-Intercontinental-horizontal-blanco-scaled.png\",\"width\":2560,\"height\":643,\"caption\":\"Posgrados UIC\"},\"image\":{\"@id\":\"https:\\\/\\\/www.uic.mx\\\/posgrados\\\/#\\\/schema\\\/logo\\\/image\\\/\"}}]}<\/script>\n<!-- \/ Yoast SEO plugin. -->","yoast_head_json":{"title":"Gracias - Posgrados UIC","robots":{"index":"index","follow":"follow","max-snippet":"max-snippet:-1","max-image-preview":"max-image-preview:large","max-video-preview":"max-video-preview:-1"},"canonical":"https:\/\/www.uic.mx\/posgrados\/gracias\/","og_locale":"es_MX","og_type":"article","og_title":"Gracias - Posgrados UIC","og_description":"\u00a1Gracias por tu inter\u00e9s en los posgrados de la Universidad Intercontinental! Ya recibimos tu informaci\u00f3n y nos pondremos en contacto contigo Las ventajas de estudiar un posgrado son variadas, entre ellas se encuentran: \u00a0 Satisfacci\u00f3n personal Ventajas laborales Mayor preparaci\u00f3n\u00a0vs. desempleo \u00a0 \u00a0 Conoce m\u00e1s a detalle estos y m\u00e1s beneficios en: M\u00e1s Beneficios \u00a1Nos [&hellip;]","og_url":"https:\/\/www.uic.mx\/posgrados\/gracias\/","og_site_name":"Posgrados UIC","article_modified_time":"2025-02-26T17:23:46+00:00","og_image":[{"width":993,"height":12,"url":"https:\/\/www.uic.mx\/posgrados\/wp-content\/uploads\/borde_posible.png","type":"image\/png"}],"twitter_card":"summary_large_image","schema":{"@context":"https:\/\/schema.org","@graph":[{"@type":"WebPage","@id":"https:\/\/www.uic.mx\/posgrados\/gracias\/","url":"https:\/\/www.uic.mx\/posgrados\/gracias\/","name":"Gracias - Posgrados UIC","isPartOf":{"@id":"https:\/\/www.uic.mx\/posgrados\/#website"},"primaryImageOfPage":{"@id":"https:\/\/www.uic.mx\/posgrados\/gracias\/#primaryimage"},"image":{"@id":"https:\/\/www.uic.mx\/posgrados\/gracias\/#primaryimage"},"thumbnailUrl":"https:\/\/www.uic.mx\/posgrados\/wp-content\/uploads\/borde_posible.png","datePublished":"2024-11-13T20:42:35+00:00","dateModified":"2025-02-26T17:23:46+00:00","breadcrumb":{"@id":"https:\/\/www.uic.mx\/posgrados\/gracias\/#breadcrumb"},"inLanguage":"es","potentialAction":[{"@type":"ReadAction","target":["https:\/\/www.uic.mx\/posgrados\/gracias\/"]}]},{"@type":"ImageObject","inLanguage":"es","@id":"https:\/\/www.uic.mx\/posgrados\/gracias\/#primaryimage","url":"https:\/\/www.uic.mx\/posgrados\/wp-content\/uploads\/borde_posible.png","contentUrl":"https:\/\/www.uic.mx\/posgrados\/wp-content\/uploads\/borde_posible.png","width":993,"height":12},{"@type":"BreadcrumbList","@id":"https:\/\/www.uic.mx\/posgrados\/gracias\/#breadcrumb","itemListElement":[{"@type":"ListItem","position":1,"name":"Inicio","item":"https:\/\/www.uic.mx\/posgrados\/"},{"@type":"ListItem","position":2,"name":"Gracias"}]},{"@type":"WebSite","@id":"https:\/\/www.uic.mx\/posgrados\/#website","url":"https:\/\/www.uic.mx\/posgrados\/","name":"Posgrados UIC","description":"","publisher":{"@id":"https:\/\/www.uic.mx\/posgrados\/#organization"},"potentialAction":[{"@type":"SearchAction","target":{"@type":"EntryPoint","urlTemplate":"https:\/\/www.uic.mx\/posgrados\/?s={search_term_string}"},"query-input":{"@type":"PropertyValueSpecification","valueRequired":true,"valueName":"search_term_string"}}],"inLanguage":"es"},{"@type":"Organization","@id":"https:\/\/www.uic.mx\/posgrados\/#organization","name":"Posgrados UIC","url":"https:\/\/www.uic.mx\/posgrados\/","logo":{"@type":"ImageObject","inLanguage":"es","@id":"https:\/\/www.uic.mx\/posgrados\/#\/schema\/logo\/image\/","url":"https:\/\/www.uic.mx\/posgrados\/wp-content\/uploads\/Logo-50-Universidad-Intercontinental-horizontal-blanco-scaled.png","contentUrl":"https:\/\/www.uic.mx\/posgrados\/wp-content\/uploads\/Logo-50-Universidad-Intercontinental-horizontal-blanco-scaled.png","width":2560,"height":643,"caption":"Posgrados UIC"},"image":{"@id":"https:\/\/www.uic.mx\/posgrados\/#\/schema\/logo\/image\/"}}]}},"_links":{"self":[{"href":"https:\/\/www.uic.mx\/posgrados\/wp-json\/wp\/v2\/pages\/427","targetHints":{"allow":["GET"]}}],"collection":[{"href":"https:\/\/www.uic.mx\/posgrados\/wp-json\/wp\/v2\/pages"}],"about":[{"href":"https:\/\/www.uic.mx\/posgrados\/wp-json\/wp\/v2\/types\/page"}],"author":[{"embeddable":true,"href":"https:\/\/www.uic.mx\/posgrados\/wp-json\/wp\/v2\/users\/1"}],"replies":[{"embeddable":true,"href":"https:\/\/www.uic.mx\/posgrados\/wp-json\/wp\/v2\/comments?post=427"}],"version-history":[{"count":73,"href":"https:\/\/www.uic.mx\/posgrados\/wp-json\/wp\/v2\/pages\/427\/revisions"}],"predecessor-version":[{"id":1552,"href":"https:\/\/www.uic.mx\/posgrados\/wp-json\/wp\/v2\/pages\/427\/revisions\/1552"}],"wp:attachment":[{"href":"https:\/\/www.uic.mx\/posgrados\/wp-json\/wp\/v2\/media?parent=427"}],"curies":[{"name":"wp","href":"https:\/\/api.w.org\/{rel}","templated":true}]}}